{"id":11022,"date":"2026-02-27T00:09:06","date_gmt":"2026-02-27T00:09:06","guid":{"rendered":"https:\/\/nordicmart.andreevmaster.com\/product\/classic-world-edu-travattenbord-xl-vattenvag-med-dammar\/"},"modified":"2026-02-27T08:04:25","modified_gmt":"2026-02-27T08:04:25","slug":"classic-world-edu-travattenbord-xl-vattenvag-med-dammar","status":"publish","type":"product","link":"https:\/\/nordicmart.andreevmaster.com\/sv\/produkt\/classic-world-edu-travattenbord-xl-vattenvag-med-dammar\/","title":{"rendered":"CLASSIC WORLD EDU Tr\u00e4vattenbord XL Vattenv\u00e4g med dammar"},"content":{"rendered":"<p>Egenskaper:<\/p>\n<p>* &#8211; Leksak f\u00f6r barn fr\u00e5n 3 \u00e5r<br \/>\n* &#8211; Barn kan pumpa vatten fr\u00e5n den nedre beh\u00e5llaren till den \u00f6vre och se vattnet fl\u00f6da genom hinder och kanaler<br \/>\n* &#8211; Pumpen g\u00f6r att du kan kontrollera vattenfl\u00f6dets hastighet \u2013 l\u00e5ngsam pumpning skapar en lugn str\u00f6m, snabb pumpning skapar en stark str\u00f6m<br \/>\n* &#8211; M\u00f6jligheten att \u00e4ndra utformningen av hinder och kanaler m\u00f6jligg\u00f6r kreativa experiment och skapandet av egna vattenv\u00e4gar<br \/>\n* &#8211; Barnen kan samarbeta, pumpa vatten, flytta hinder och observera effekten i olika delar av stationen<br \/>\n* &#8211; Stationens r\u00f6rlighet g\u00f6r det m\u00f6jligt att leka hemma, i tr\u00e4dg\u00e5rden eller p\u00e5 lekplatsen<br \/>\n* &#8211; Sj\u00e4lvmonteringssats<\/p>\n<p>Leksaken utvecklar:<\/p>\n<p>* &#8211; Motorisk koordination och finmotorik: hantera hinder, anv\u00e4nda pumpen.* &#8211; Sociala f\u00e4rdigheter: att leka tillsammans l\u00e4r ut samarbete och kommunikation<br \/>\n* &#8211; Vetenskaplig utbildning: barn l\u00e4r sig om principerna f\u00f6r vattenfl\u00f6de, gravitation och hur en pump fungerar<br \/>\n* &#8211; Kreativitet och logiskt t\u00e4nkande: skapa egna vattenv\u00e4gar, testa olika hinderkonfigurationer<\/p>\n<p>Satsen anv\u00e4nder impregnerat furu f\u00f6r att s\u00e4kerst\u00e4lla b\u00e4sta egenskaper i en utomhusmilj\u00f6. Tack vare impregneringen \u00e4r tr\u00e4et v\u00e4derbest\u00e4ndigt, vilket garanterar dess h\u00e5llbarhet och estetiska utseende under m\u00e5nga \u00e5r. Denna l\u00f6sning skiljer produkten fr\u00e5n l\u00f6sningar som anv\u00e4nds i konkurrerande produkter.<\/p>\n","protected":false},"excerpt":{"rendered":"<p>Egenskaper: * &#8211; Leksak f\u00f6r barn fr\u00e5n 3 \u00e5r * &#8211; Barn kan pumpa vatten fr\u00e5n den nedre beh\u00e5llaren till den \u00f6vre och se vattnet fl\u00f6da genom hinder och kanaler * &#8211; Pumpen g\u00f6r att du kan kontrollera vattenfl\u00f6dets hastighet \u2013 l\u00e5ngsam pumpning skapar en lugn str\u00f6m, snabb pumpning skapar en stark str\u00f6m * &#8211; [&hellip;]<\/p>\n","protected":false},"featured_media":0,"comment_status":"open","ping_status":"closed","template":"","meta":[],"product_brand":[],"product_cat":[33],"product_tag":[],"class_list":{"0":"post-11022","1":"product","2":"type-product","3":"status-publish","5":"product_cat-okategoriserad","7":"first","8":"instock","9":"shipping-taxable","10":"purchasable","11":"product-type-simple"},"_links":{"self":[{"href":"https:\/\/nordicmart.andreevmaster.com\/sv\/wp-json\/wp\/v2\/product\/11022","targetHints":{"allow":["GET"]}}],"collection":[{"href":"https:\/\/nordicmart.andreevmaster.com\/sv\/wp-json\/wp\/v2\/product"}],"about":[{"href":"https:\/\/nordicmart.andreevmaster.com\/sv\/wp-json\/wp\/v2\/types\/product"}],"replies":[{"embeddable":true,"href":"https:\/\/nordicmart.andreevmaster.com\/sv\/wp-json\/wp\/v2\/comments?post=11022"}],"wp:attachment":[{"href":"https:\/\/nordicmart.andreevmaster.com\/sv\/wp-json\/wp\/v2\/media?parent=11022"}],"wp:term":[{"taxonomy":"product_brand","embeddable":true,"href":"https:\/\/nordicmart.andreevmaster.com\/sv\/wp-json\/wp\/v2\/product_brand?post=11022"},{"taxonomy":"product_cat","embeddable":true,"href":"https:\/\/nordicmart.andreevmaster.com\/sv\/wp-json\/wp\/v2\/product_cat?post=11022"},{"taxonomy":"product_tag","embeddable":true,"href":"https:\/\/nordicmart.andreevmaster.com\/sv\/wp-json\/wp\/v2\/product_tag?post=11022"}],"curies":[{"name":"wp","href":"https:\/\/api.w.org\/{rel}","templated":true}]}}