{"id":11021,"date":"2026-02-27T00:09:06","date_gmt":"2026-02-27T00:09:06","guid":{"rendered":"https:\/\/nordicmart.andreevmaster.com\/product\/classic-world-edu-sandlekplatsleksaker\/"},"modified":"2026-02-27T08:04:25","modified_gmt":"2026-02-27T08:04:25","slug":"classic-world-edu-sandlekplatsleksaker","status":"publish","type":"product","link":"https:\/\/nordicmart.andreevmaster.com\/sv\/produkt\/classic-world-edu-sandlekplatsleksaker\/","title":{"rendered":"CLASSIC WORLD EDU Sandlekplatsleksaker"},"content":{"rendered":"<p>Sandrutschbanan i tr\u00e4 fr\u00e5n CLASSIC WORLD \u00e4r en h\u00f6gkvalitativ leksak som passar perfekt i ditt barns sandl\u00e5da eller p\u00e5 lekplatser i utbildningsinstitutioner. Den best\u00e5r av en tratt i toppen, i vilken barnet h\u00e4ller sand som sedan glider nerf\u00f6r tre sm\u00e5 rutschbanor. Att leka med denna tr\u00e4leksak \u00e4r ett roligt sensoriskt n\u00f6je f\u00f6r barn och har en positiv effekt p\u00e5 deras finmotorik.<\/p>\n<p>Egenskaper:<\/p>\n<p>* &#8211; Leksak f\u00f6r barn fr\u00e5n 3 \u00e5r<br \/>\n* &#8211; H\u00f6gkvalitativt tr\u00e4, omsorgsfullt tillverkat<br \/>\n* &#8211; S\u00c4KER leksak f\u00f6r barn<br \/>\n* &#8211; Det perfekta tillskottet till sandl\u00e5dan<\/p>\n<p>Leksaken utvecklar:<\/p>\n<p>* &#8211; Kreativitet<br \/>\n* &#8211; Logiskt t\u00e4nkande<br \/>\n* &#8211; Finmotorik<br \/>\n* &#8211; F\u00f6rst\u00e5else f\u00f6r orsak och verkan<br \/>\n* &#8211; Fantasi<\/p>\n","protected":false},"excerpt":{"rendered":"<p>Sandrutschbanan i tr\u00e4 fr\u00e5n CLASSIC WORLD \u00e4r en h\u00f6gkvalitativ leksak som passar perfekt i ditt barns sandl\u00e5da eller p\u00e5 lekplatser i utbildningsinstitutioner. Den best\u00e5r av en tratt i toppen, i vilken barnet h\u00e4ller sand som sedan glider nerf\u00f6r tre sm\u00e5 rutschbanor. Att leka med denna tr\u00e4leksak \u00e4r ett roligt sensoriskt n\u00f6je f\u00f6r barn och har [&hellip;]<\/p>\n","protected":false},"featured_media":0,"comment_status":"open","ping_status":"closed","template":"","meta":[],"product_brand":[],"product_cat":[33],"product_tag":[],"class_list":{"0":"post-11021","1":"product","2":"type-product","3":"status-publish","5":"product_cat-okategoriserad","7":"first","8":"instock","9":"shipping-taxable","10":"purchasable","11":"product-type-simple"},"_links":{"self":[{"href":"https:\/\/nordicmart.andreevmaster.com\/sv\/wp-json\/wp\/v2\/product\/11021","targetHints":{"allow":["GET"]}}],"collection":[{"href":"https:\/\/nordicmart.andreevmaster.com\/sv\/wp-json\/wp\/v2\/product"}],"about":[{"href":"https:\/\/nordicmart.andreevmaster.com\/sv\/wp-json\/wp\/v2\/types\/product"}],"replies":[{"embeddable":true,"href":"https:\/\/nordicmart.andreevmaster.com\/sv\/wp-json\/wp\/v2\/comments?post=11021"}],"wp:attachment":[{"href":"https:\/\/nordicmart.andreevmaster.com\/sv\/wp-json\/wp\/v2\/media?parent=11021"}],"wp:term":[{"taxonomy":"product_brand","embeddable":true,"href":"https:\/\/nordicmart.andreevmaster.com\/sv\/wp-json\/wp\/v2\/product_brand?post=11021"},{"taxonomy":"product_cat","embeddable":true,"href":"https:\/\/nordicmart.andreevmaster.com\/sv\/wp-json\/wp\/v2\/product_cat?post=11021"},{"taxonomy":"product_tag","embeddable":true,"href":"https:\/\/nordicmart.andreevmaster.com\/sv\/wp-json\/wp\/v2\/product_tag?post=11021"}],"curies":[{"name":"wp","href":"https:\/\/api.w.org\/{rel}","templated":true}]}}