{"id":11020,"date":"2026-02-27T00:09:06","date_gmt":"2026-02-27T00:09:06","guid":{"rendered":"https:\/\/nordicmart.andreevmaster.com\/product\/classic-world-edu-bransledistributor-bil-laddningsstation\/"},"modified":"2026-02-27T08:04:24","modified_gmt":"2026-02-27T08:04:24","slug":"classic-world-edu-bransledistributor-bil-laddningsstation","status":"publish","type":"product","link":"https:\/\/nordicmart.andreevmaster.com\/sv\/produkt\/classic-world-edu-bransledistributor-bil-laddningsstation\/","title":{"rendered":"CLASSIC WORLD EDU Br\u00e4nsledistribut\u00f6r Bil laddningsstation"},"content":{"rendered":"<p>CLASSIC WORLD 2-i-1 laddningsstation \u00e4r en m\u00e5ngsidig enhet som kan anv\u00e4ndas f\u00f6r att tanka fordon p\u00e5 ena sidan och ladda elfordon p\u00e5 den andra. Barn kan ta laddningskabeln, ansluta den till trehjulingar och ladda dem innan de ger sig iv\u00e4g p\u00e5 en resa. Funktioner som tankning, underh\u00e5ll och betalning kan simuleras genom att vrida p\u00e5 funktionsknappen. <\/p>\n<p>### Funktioner <\/p>\n<p>* &#8211; F\u00f6r barn fr\u00e5n 3 \u00e5r<br \/>\n* &#8211; Funktioner som tankning, underh\u00e5ll och betalning kan simuleras genom att vrida p\u00e5 funktionsknappen.<\/p>\n<p>### Vad leksaken utvecklar hos barn<\/p>\n<p>* &#8211; Kreativitet och fantasi: Leka med att tanka och ladda fordon<br \/>\n* &#8211; Motorisk koordination: Hantera kablar och knappar<br \/>\n* &#8211; F\u00f6rst\u00e5 teknik: Grunderna i hur laddnings- och tankstationer fungerar<br \/>\n* &#8211; Sociala f\u00e4rdigheter: Leka i grupp, rollspel<br \/>\n* &#8211; Koncentration och uppm\u00e4rksamhet: Fokusera p\u00e5 att utf\u00f6ra specifika uppgifter<br \/>\n* &#8211; Manuell fingerf\u00e4rdighet: Arbeta med sm\u00e5 delar och knappar<br \/>\n* &#8211; Milj\u00f6medvetenhet: F\u00f6rst\u00e5 vikten av att ladda elfordon<\/p>\n","protected":false},"excerpt":{"rendered":"<p>CLASSIC WORLD 2-i-1 laddningsstation \u00e4r en m\u00e5ngsidig enhet som kan anv\u00e4ndas f\u00f6r att tanka fordon p\u00e5 ena sidan och ladda elfordon p\u00e5 den andra. Barn kan ta laddningskabeln, ansluta den till trehjulingar och ladda dem innan de ger sig iv\u00e4g p\u00e5 en resa. Funktioner som tankning, underh\u00e5ll och betalning kan simuleras genom att vrida p\u00e5 [&hellip;]<\/p>\n","protected":false},"featured_media":0,"comment_status":"open","ping_status":"closed","template":"","meta":[],"product_brand":[],"product_cat":[33],"product_tag":[],"class_list":{"0":"post-11020","1":"product","2":"type-product","3":"status-publish","5":"product_cat-okategoriserad","7":"first","8":"instock","9":"shipping-taxable","10":"purchasable","11":"product-type-simple"},"_links":{"self":[{"href":"https:\/\/nordicmart.andreevmaster.com\/sv\/wp-json\/wp\/v2\/product\/11020","targetHints":{"allow":["GET"]}}],"collection":[{"href":"https:\/\/nordicmart.andreevmaster.com\/sv\/wp-json\/wp\/v2\/product"}],"about":[{"href":"https:\/\/nordicmart.andreevmaster.com\/sv\/wp-json\/wp\/v2\/types\/product"}],"replies":[{"embeddable":true,"href":"https:\/\/nordicmart.andreevmaster.com\/sv\/wp-json\/wp\/v2\/comments?post=11020"}],"wp:attachment":[{"href":"https:\/\/nordicmart.andreevmaster.com\/sv\/wp-json\/wp\/v2\/media?parent=11020"}],"wp:term":[{"taxonomy":"product_brand","embeddable":true,"href":"https:\/\/nordicmart.andreevmaster.com\/sv\/wp-json\/wp\/v2\/product_brand?post=11020"},{"taxonomy":"product_cat","embeddable":true,"href":"https:\/\/nordicmart.andreevmaster.com\/sv\/wp-json\/wp\/v2\/product_cat?post=11020"},{"taxonomy":"product_tag","embeddable":true,"href":"https:\/\/nordicmart.andreevmaster.com\/sv\/wp-json\/wp\/v2\/product_tag?post=11020"}],"curies":[{"name":"wp","href":"https:\/\/api.w.org\/{rel}","templated":true}]}}