{"id":11019,"date":"2026-02-27T00:09:06","date_gmt":"2026-02-27T00:09:06","guid":{"rendered":"https:\/\/nordicmart.andreevmaster.com\/product\/classic-world-edu-traramp-bro-ramp-cykelbana\/"},"modified":"2026-02-27T08:04:24","modified_gmt":"2026-02-27T08:04:24","slug":"classic-world-edu-traramp-bro-ramp-cykelbana","status":"publish","type":"product","link":"https:\/\/nordicmart.andreevmaster.com\/sv\/produkt\/classic-world-edu-traramp-bro-ramp-cykelbana\/","title":{"rendered":"CLASSIC WORLD EDU Tr\u00e4ramp Bro Ramp Cykelbana"},"content":{"rendered":"<p>L\u00e4gg till en dynamisk dos av \u00e4ventyr i ditt barns lek med tr\u00e4rampen fr\u00e5n CLASSIC WORLD! Denna solidt konstruerade ramp \u00e4r det perfekta tillskottet till alla cykelbanor och uppmuntrar de sm\u00e5 att leka aktivt, utveckla sin motorik och f\u00f6rb\u00e4ttra sina f\u00e4rdigheter p\u00e5 cyklar, sparkcyklar eller andra fordon. Tack vare de halkfria ramperna och den milda lutningen kan barnen enkelt \u00f6vervinna detta hinder och njuta av varje upp- och nedf\u00f6rsbacke. Perfekt f\u00f6r tr\u00e4dg\u00e5rdar, lekplatser, f\u00f6rskolor och utbildningsmilj\u00f6er \u2013 \u00f6verallt d\u00e4r r\u00f6relse och utveckling \u00e4r viktigt!<\/p>\n<p>Egenskaper:<\/p>\n<p>* &#8211; Fr\u00e5n 3 \u00e5r<br \/>\n* &#8211; H\u00f6gkvalitativt tr\u00e4 och v\u00e4derbest\u00e4ndig plast<br \/>\n* &#8211; F\u00f6r inomhus- och utomhusbruk<br \/>\n* &#8211; Halkfria ramper och en mild lutningsvinkel garanterar s\u00e4kerhet n\u00e4r man \u00f6vervinner hinder<br \/>\n* &#8211; Robust konstruktion<br \/>\n* &#8211; Perfekt f\u00f6r cyklar, sparkcyklar och andra sm\u00e5 fordon<\/p>\n<p>Satsen inneh\u00e5ller:<\/p>\n<p>* &#8211; 1 x Tr\u00e4h\u00f6jd\/ramp f\u00f6r cykelbana<\/p>\n<p>Leksaken utvecklar:<\/p>\n<p>* &#8211; Grovmotorik<br \/>\n* &#8211; Cykel-\/skoterf\u00e4rdigheter<br \/>\n* &#8211; Rumslig perception<br \/>\n* &#8211; Sj\u00e4lvf\u00f6rtroende och mod<br \/>\n* &#8211; Fysisk aktivitet<\/p>\n","protected":false},"excerpt":{"rendered":"<p>L\u00e4gg till en dynamisk dos av \u00e4ventyr i ditt barns lek med tr\u00e4rampen fr\u00e5n CLASSIC WORLD! Denna solidt konstruerade ramp \u00e4r det perfekta tillskottet till alla cykelbanor och uppmuntrar de sm\u00e5 att leka aktivt, utveckla sin motorik och f\u00f6rb\u00e4ttra sina f\u00e4rdigheter p\u00e5 cyklar, sparkcyklar eller andra fordon. Tack vare de halkfria ramperna och den milda [&hellip;]<\/p>\n","protected":false},"featured_media":0,"comment_status":"open","ping_status":"closed","template":"","meta":[],"product_brand":[],"product_cat":[33],"product_tag":[],"class_list":{"0":"post-11019","1":"product","2":"type-product","3":"status-publish","5":"product_cat-okategoriserad","7":"first","8":"instock","9":"shipping-taxable","10":"purchasable","11":"product-type-simple"},"_links":{"self":[{"href":"https:\/\/nordicmart.andreevmaster.com\/sv\/wp-json\/wp\/v2\/product\/11019","targetHints":{"allow":["GET"]}}],"collection":[{"href":"https:\/\/nordicmart.andreevmaster.com\/sv\/wp-json\/wp\/v2\/product"}],"about":[{"href":"https:\/\/nordicmart.andreevmaster.com\/sv\/wp-json\/wp\/v2\/types\/product"}],"replies":[{"embeddable":true,"href":"https:\/\/nordicmart.andreevmaster.com\/sv\/wp-json\/wp\/v2\/comments?post=11019"}],"wp:attachment":[{"href":"https:\/\/nordicmart.andreevmaster.com\/sv\/wp-json\/wp\/v2\/media?parent=11019"}],"wp:term":[{"taxonomy":"product_brand","embeddable":true,"href":"https:\/\/nordicmart.andreevmaster.com\/sv\/wp-json\/wp\/v2\/product_brand?post=11019"},{"taxonomy":"product_cat","embeddable":true,"href":"https:\/\/nordicmart.andreevmaster.com\/sv\/wp-json\/wp\/v2\/product_cat?post=11019"},{"taxonomy":"product_tag","embeddable":true,"href":"https:\/\/nordicmart.andreevmaster.com\/sv\/wp-json\/wp\/v2\/product_tag?post=11019"}],"curies":[{"name":"wp","href":"https:\/\/api.w.org\/{rel}","templated":true}]}}