{"id":11018,"date":"2026-02-27T00:09:06","date_gmt":"2026-02-27T00:09:06","guid":{"rendered":"https:\/\/nordicmart.andreevmaster.com\/product\/classic-world-edu-xxl-waterway-construction-set-stem-2\/"},"modified":"2026-02-27T08:04:24","modified_gmt":"2026-02-27T08:04:24","slug":"classic-world-edu-xxl-waterway-construction-set-stem-2","status":"publish","type":"product","link":"https:\/\/nordicmart.andreevmaster.com\/sv\/produkt\/classic-world-edu-xxl-waterway-construction-set-stem-2\/","title":{"rendered":"CLASSIC WORLD EDU XXL Waterway Construction Set STEM"},"content":{"rendered":"<p>CLASSIC WORLDs vattenledningsset har utformats med barn i \u00e5tanke, vilket \u00e4r anledningen till att det \u00e4r helt s\u00e4kert och h\u00e5llbart. Barnen best\u00e4mmer sj\u00e4lva hur lekplatsen ska se ut och hur den ska byggas. Tornet kan byggas i olika h\u00f6jder och konfigurationer med vatten, sand, bollar och leksaksbilar, s\u00e5 att barnen kan leka p\u00e5 m\u00e5nga olika s\u00e4tt, inte bara n\u00e4r det \u00e4r varmt ute. Det \u00e4r perfekt som till\u00e4gg till tr\u00e4dg\u00e5rden eller som en del av en vattenlekplats fr\u00e5n CLASSIC WORLD. <\/p>\n<p>Egenskaper: <\/p>\n<p>* &#8211; Fr\u00e5n 3 \u00e5r<br \/>\n* &#8211; Fungerar bra som sensoriskt leksak med vatten och sand<br \/>\n* &#8211; L\u00e5ter barnen observera r\u00f6rligt vatten och l\u00e4ra sig om orsak och verkan<br \/>\n* &#8211; God kvalitet<br \/>\n* &#8211; Flera konfigurationsalternativ<br \/>\n* &#8211; H\u00e5llbar och mycket rolig<\/p>\n<p>Satsen inneh\u00e5ller:<\/p>\n<p>* &#8211; 20 vattenkuber<br \/>\n* &#8211; 12 vattenledande r\u00f6r<\/p>\n","protected":false},"excerpt":{"rendered":"<p>CLASSIC WORLDs vattenledningsset har utformats med barn i \u00e5tanke, vilket \u00e4r anledningen till att det \u00e4r helt s\u00e4kert och h\u00e5llbart. Barnen best\u00e4mmer sj\u00e4lva hur lekplatsen ska se ut och hur den ska byggas. Tornet kan byggas i olika h\u00f6jder och konfigurationer med vatten, sand, bollar och leksaksbilar, s\u00e5 att barnen kan leka p\u00e5 m\u00e5nga olika [&hellip;]<\/p>\n","protected":false},"featured_media":0,"comment_status":"open","ping_status":"closed","template":"","meta":[],"product_brand":[],"product_cat":[33],"product_tag":[],"class_list":{"0":"post-11018","1":"product","2":"type-product","3":"status-publish","5":"product_cat-okategoriserad","7":"first","8":"instock","9":"shipping-taxable","10":"purchasable","11":"product-type-simple"},"_links":{"self":[{"href":"https:\/\/nordicmart.andreevmaster.com\/sv\/wp-json\/wp\/v2\/product\/11018","targetHints":{"allow":["GET"]}}],"collection":[{"href":"https:\/\/nordicmart.andreevmaster.com\/sv\/wp-json\/wp\/v2\/product"}],"about":[{"href":"https:\/\/nordicmart.andreevmaster.com\/sv\/wp-json\/wp\/v2\/types\/product"}],"replies":[{"embeddable":true,"href":"https:\/\/nordicmart.andreevmaster.com\/sv\/wp-json\/wp\/v2\/comments?post=11018"}],"wp:attachment":[{"href":"https:\/\/nordicmart.andreevmaster.com\/sv\/wp-json\/wp\/v2\/media?parent=11018"}],"wp:term":[{"taxonomy":"product_brand","embeddable":true,"href":"https:\/\/nordicmart.andreevmaster.com\/sv\/wp-json\/wp\/v2\/product_brand?post=11018"},{"taxonomy":"product_cat","embeddable":true,"href":"https:\/\/nordicmart.andreevmaster.com\/sv\/wp-json\/wp\/v2\/product_cat?post=11018"},{"taxonomy":"product_tag","embeddable":true,"href":"https:\/\/nordicmart.andreevmaster.com\/sv\/wp-json\/wp\/v2\/product_tag?post=11018"}],"curies":[{"name":"wp","href":"https:\/\/api.w.org\/{rel}","templated":true}]}}