{"id":11017,"date":"2026-02-27T00:09:05","date_gmt":"2026-02-27T00:09:05","guid":{"rendered":"https:\/\/nordicmart.andreevmaster.com\/product\/classic-world-edu-traskiva-med-dubbelsidig-krita-magnetisk-pedagogisk\/"},"modified":"2026-02-27T08:04:24","modified_gmt":"2026-02-27T08:04:24","slug":"classic-world-edu-traskiva-med-dubbelsidig-krita-magnetisk-pedagogisk","status":"publish","type":"product","link":"https:\/\/nordicmart.andreevmaster.com\/sv\/produkt\/classic-world-edu-traskiva-med-dubbelsidig-krita-magnetisk-pedagogisk\/","title":{"rendered":"CLASSIC WORLD EDU Tr\u00e4skiva med dubbelsidig krita \u2013 magnetisk pedagogisk"},"content":{"rendered":"<p>CLASSIC WORLD-tavelsetet \u00e4r ett utm\u00e4rkt val f\u00f6r barnrum, tr\u00e4dg\u00e5rd eller utbildningsinstitutioner tack vare sin m\u00e5ngsidighet. Setet inneh\u00e5ller en magnetisk tavla som passar f\u00f6r markeringspennor och en kritta tavla som passar f\u00f6r olika typer av krita. B\u00e5da tavlorna \u00e4r perfekta f\u00f6r att l\u00e4ra sig skriva, r\u00e4kna och leka kreativt. Barn kan anv\u00e4nda magnetiska tillbeh\u00f6r f\u00f6r att utveckla sin kreativitet och fantasi, och kritta \u00e4r perfekt f\u00f6r att skapa f\u00e4rgglada teckningar. Setet \u00e4r ocks\u00e5 perfekt f\u00f6r installation i Classic Worlds tr\u00e4paviljonger (t.ex. modell CW70157), vilket skapar ett unikt konsthus utomhus f\u00f6r barn eller praktiska konstv\u00e4ggar. <\/p>\n<p>Egenskaper: <\/p>\n<p>* &#8211; Produkt f\u00f6r barn fr\u00e5n 3 \u00e5r<br \/>\n* &#8211; Robust tr\u00e4konstruktion<br \/>\n* &#8211; Hylla f\u00f6r kritor, pennor, svamp<br \/>\n* &#8211; Perfekt f\u00f6r lek hemma och i tr\u00e4dg\u00e5rden<br \/>\n* &#8211; L\u00e4mplig f\u00f6r f\u00f6rskolor och privat bruk<br \/>\n* &#8211; Material av h\u00f6gsta kvalitet<\/p>\n<p>Satsen inneh\u00e5ller:<\/p>\n<p>* &#8211; Magnetisk tavla (vit)<br \/>\n* &#8211; Krita (svart)<\/p>\n<p>Leksaken utvecklar:<\/p>\n<p>* &#8211; Kreativitet<br \/>\n* &#8211; Fantasi<br \/>\n* &#8211; Skrivf\u00f6rm\u00e5ga<br \/>\n* &#8211; Konstn\u00e4rliga f\u00f6rm\u00e5gor<br \/>\n* &#8211; Motorik<\/p>\n<p>Impregnerat furuvirke har anv\u00e4nts f\u00f6r att s\u00e4kerst\u00e4lla b\u00e4sta m\u00f6jliga egenskaper i en utomhusmilj\u00f6. Tack vare impregneringen \u00e4r tr\u00e4et v\u00e4derbest\u00e4ndigt, vilket garanterar dess l\u00e5nga livsl\u00e4ngd och estetiska utseende under m\u00e5nga \u00e5r. Denna l\u00f6sning skiljer produkten fr\u00e5n l\u00f6sningar som anv\u00e4nds i konkurrerande produkter.<\/p>\n","protected":false},"excerpt":{"rendered":"<p>CLASSIC WORLD-tavelsetet \u00e4r ett utm\u00e4rkt val f\u00f6r barnrum, tr\u00e4dg\u00e5rd eller utbildningsinstitutioner tack vare sin m\u00e5ngsidighet. Setet inneh\u00e5ller en magnetisk tavla som passar f\u00f6r markeringspennor och en kritta tavla som passar f\u00f6r olika typer av krita. B\u00e5da tavlorna \u00e4r perfekta f\u00f6r att l\u00e4ra sig skriva, r\u00e4kna och leka kreativt. Barn kan anv\u00e4nda magnetiska tillbeh\u00f6r f\u00f6r att [&hellip;]<\/p>\n","protected":false},"featured_media":0,"comment_status":"open","ping_status":"closed","template":"","meta":[],"product_brand":[],"product_cat":[33],"product_tag":[],"class_list":{"0":"post-11017","1":"product","2":"type-product","3":"status-publish","5":"product_cat-okategoriserad","7":"first","8":"instock","9":"shipping-taxable","10":"purchasable","11":"product-type-simple"},"_links":{"self":[{"href":"https:\/\/nordicmart.andreevmaster.com\/sv\/wp-json\/wp\/v2\/product\/11017","targetHints":{"allow":["GET"]}}],"collection":[{"href":"https:\/\/nordicmart.andreevmaster.com\/sv\/wp-json\/wp\/v2\/product"}],"about":[{"href":"https:\/\/nordicmart.andreevmaster.com\/sv\/wp-json\/wp\/v2\/types\/product"}],"replies":[{"embeddable":true,"href":"https:\/\/nordicmart.andreevmaster.com\/sv\/wp-json\/wp\/v2\/comments?post=11017"}],"wp:attachment":[{"href":"https:\/\/nordicmart.andreevmaster.com\/sv\/wp-json\/wp\/v2\/media?parent=11017"}],"wp:term":[{"taxonomy":"product_brand","embeddable":true,"href":"https:\/\/nordicmart.andreevmaster.com\/sv\/wp-json\/wp\/v2\/product_brand?post=11017"},{"taxonomy":"product_cat","embeddable":true,"href":"https:\/\/nordicmart.andreevmaster.com\/sv\/wp-json\/wp\/v2\/product_cat?post=11017"},{"taxonomy":"product_tag","embeddable":true,"href":"https:\/\/nordicmart.andreevmaster.com\/sv\/wp-json\/wp\/v2\/product_tag?post=11017"}],"curies":[{"name":"wp","href":"https:\/\/api.w.org\/{rel}","templated":true}]}}