{"id":11016,"date":"2026-02-27T00:09:05","date_gmt":"2026-02-27T00:09:05","guid":{"rendered":"https:\/\/nordicmart.andreevmaster.com\/product\/classic-world-edu-tradgardsgrind-pergola-blomsterrabatt\/"},"modified":"2026-02-27T08:04:24","modified_gmt":"2026-02-27T08:04:24","slug":"classic-world-edu-tradgardsgrind-pergola-blomsterrabatt","status":"publish","type":"product","link":"https:\/\/nordicmart.andreevmaster.com\/sv\/produkt\/classic-world-edu-tradgardsgrind-pergola-blomsterrabatt\/","title":{"rendered":"CLASSIC WORLD EDU Tr\u00e4dg\u00e5rdsgrind Pergola Blomsterrabatt"},"content":{"rendered":"<p>\u00d6ppna d\u00f6rren till en v\u00e4rld full av natur och fantasi f\u00f6r ditt barn med CLASSIC WORLD tr\u00e4dg\u00e5rdsgrind i tr\u00e4! Denna charmiga konstruktion med ett r\u00f6d- och vitrandigt tak, inspirerad av lantlig stil, \u00e4r det perfekta tillskottet till alla hemtr\u00e4dg\u00e5rdar, dagislekplatser eller pedagogiska h\u00f6rn. Den \u00e4r utrustad med praktiska hyllor och krokar f\u00f6r verktyg eller blomkrukor och uppmuntrar de sm\u00e5 att leka tr\u00e4dg\u00e5rdsm\u00e4stare eller frukt- och gr\u00f6nsaksf\u00f6rs\u00e4ljare, eller helt enkelt ger dem en magisk passage till sin egen fantasiv\u00e4rld. Den robusta tr\u00e4konstruktionen garanterar s\u00e4kerhet och h\u00e5llbarhet, vilket s\u00e4kerst\u00e4ller timmar av aktiv, utvecklande utomhuslek. <\/p>\n<p>Egenskaper: <\/p>\n<p>* &#8211; Fr\u00e5n 3 \u00e5r<br \/>\n* &#8211; H\u00f6gkvalitativt, h\u00e5llbart och v\u00e4derbest\u00e4ndigt tr\u00e4<br \/>\n* &#8211; Estetisk tr\u00e4b\u00e5ge\/grind med randig tygkapell<br \/>\n* &#8211; Har hyllor och krokar f\u00f6r tr\u00e4dg\u00e5rdsredskap eller f\u00f6rvaring av tillbeh\u00f6r<br \/>\n* &#8211; Perfekt f\u00f6r tr\u00e4dg\u00e5rdar, lekplatser, f\u00f6rskolor och utbildningsmilj\u00f6er<br \/>\n* &#8211; Stabil konstruktion som garanterar s\u00e4kerhet<\/p>\n<p>Satsen inneh\u00e5ller:<\/p>\n<p>* &#8211; Tr\u00e4dg\u00e5rdsgrind i tr\u00e4 med tak<br \/>\n* &#8211; Monteringsdelar<br \/>\n* &#8211; Tillbeh\u00f6r (t.ex. metallkrukor, tr\u00e4korgar)<\/p>\n<p>Leksaken utvecklar:<\/p>\n<p>* &#8211; Kreativitet och fantasi<br \/>\n* &#8211; Sociala f\u00e4rdigheter<br \/>\n* &#8211; Manuell fingerf\u00e4rdighet<br \/>\n* &#8211; Kunskap om naturen<br \/>\n* &#8211; Fysisk aktivitet<\/p>\n","protected":false},"excerpt":{"rendered":"<p>\u00d6ppna d\u00f6rren till en v\u00e4rld full av natur och fantasi f\u00f6r ditt barn med CLASSIC WORLD tr\u00e4dg\u00e5rdsgrind i tr\u00e4! Denna charmiga konstruktion med ett r\u00f6d- och vitrandigt tak, inspirerad av lantlig stil, \u00e4r det perfekta tillskottet till alla hemtr\u00e4dg\u00e5rdar, dagislekplatser eller pedagogiska h\u00f6rn. Den \u00e4r utrustad med praktiska hyllor och krokar f\u00f6r verktyg eller blomkrukor [&hellip;]<\/p>\n","protected":false},"featured_media":0,"comment_status":"open","ping_status":"closed","template":"","meta":[],"product_brand":[],"product_cat":[33],"product_tag":[],"class_list":{"0":"post-11016","1":"product","2":"type-product","3":"status-publish","5":"product_cat-okategoriserad","7":"first","8":"instock","9":"shipping-taxable","10":"purchasable","11":"product-type-simple"},"_links":{"self":[{"href":"https:\/\/nordicmart.andreevmaster.com\/sv\/wp-json\/wp\/v2\/product\/11016","targetHints":{"allow":["GET"]}}],"collection":[{"href":"https:\/\/nordicmart.andreevmaster.com\/sv\/wp-json\/wp\/v2\/product"}],"about":[{"href":"https:\/\/nordicmart.andreevmaster.com\/sv\/wp-json\/wp\/v2\/types\/product"}],"replies":[{"embeddable":true,"href":"https:\/\/nordicmart.andreevmaster.com\/sv\/wp-json\/wp\/v2\/comments?post=11016"}],"wp:attachment":[{"href":"https:\/\/nordicmart.andreevmaster.com\/sv\/wp-json\/wp\/v2\/media?parent=11016"}],"wp:term":[{"taxonomy":"product_brand","embeddable":true,"href":"https:\/\/nordicmart.andreevmaster.com\/sv\/wp-json\/wp\/v2\/product_brand?post=11016"},{"taxonomy":"product_cat","embeddable":true,"href":"https:\/\/nordicmart.andreevmaster.com\/sv\/wp-json\/wp\/v2\/product_cat?post=11016"},{"taxonomy":"product_tag","embeddable":true,"href":"https:\/\/nordicmart.andreevmaster.com\/sv\/wp-json\/wp\/v2\/product_tag?post=11016"}],"curies":[{"name":"wp","href":"https:\/\/api.w.org\/{rel}","templated":true}]}}