{"id":11015,"date":"2026-02-27T00:09:05","date_gmt":"2026-02-27T00:09:05","guid":{"rendered":"https:\/\/nordicmart.andreevmaster.com\/product\/classic-world-edu-eco-sand-box-sandlada-leksak-for-barn-fran-3-ar\/"},"modified":"2026-02-27T08:04:24","modified_gmt":"2026-02-27T08:04:24","slug":"classic-world-edu-eco-sand-box-sandlada-leksak-for-barn-fran-3-ar","status":"publish","type":"product","link":"https:\/\/nordicmart.andreevmaster.com\/sv\/produkt\/classic-world-edu-eco-sand-box-sandlada-leksak-for-barn-fran-3-ar\/","title":{"rendered":"CLASSIC WORLD EDU Eco Sand Box Sandl\u00e5da Leksak f\u00f6r barn fr\u00e5n 3 \u00e5r"},"content":{"rendered":"<p>Denna sandl\u00e5da f\u00f6r barn fr\u00e5n det v\u00e4lk\u00e4nda varum\u00e4rket Classic World \u00e4r det perfekta tillskottet till din sandl\u00e5da! Produkten \u00e4r tillverkad av h\u00f6gkvalitativt tr\u00e4, m\u00e5lad med giftfri impregnering, helt s\u00e4ker f\u00f6r barn. Fyll l\u00e5dan med sand, och n\u00e4r den \u00e4r full, skjut bottenl\u00e5set och sl\u00e4pp det! Perfekt f\u00f6r din tr\u00e4dg\u00e5rd!<\/p>\n<p>Egenskaper:<\/p>\n<p>* &#8211; tillverkad av h\u00f6gkvalitativt tr\u00e4<br \/>\n* &#8211; m\u00e5lad med giftfri impregnering<br \/>\n* &#8211; o\u00e4ndlig lekgl\u00e4dje<br \/>\n* &#8211; det perfekta tillskottet till en sandl\u00e5da<\/p>\n<p>Leksaken utvecklar:<\/p>\n<p>* &#8211; manuell skicklighet<br \/>\n* &#8211; logiskt t\u00e4nkande<br \/>\n* &#8211; fantasi<br \/>\n* &#8211; kreativitet<\/p>\n<p>### F\u00d6RHANDSVISNINGSFOTOT VISAR PRODUKTEN I EN ANNAN F\u00c4RGVERSION<\/p>\n<p>Eko-leksaker \u00e4r designade f\u00f6r de yngsta barnen och \u00e4r tillverkade av helt naturliga, biologiskt nedbrytbara och allergiv\u00e4nliga material, vilket g\u00f6r dem 100 % s\u00e4kra och ofarliga, inte bara f\u00f6r milj\u00f6n utan ocks\u00e5 f\u00f6r ditt barn.<\/p>\n","protected":false},"excerpt":{"rendered":"<p>Denna sandl\u00e5da f\u00f6r barn fr\u00e5n det v\u00e4lk\u00e4nda varum\u00e4rket Classic World \u00e4r det perfekta tillskottet till din sandl\u00e5da! Produkten \u00e4r tillverkad av h\u00f6gkvalitativt tr\u00e4, m\u00e5lad med giftfri impregnering, helt s\u00e4ker f\u00f6r barn. Fyll l\u00e5dan med sand, och n\u00e4r den \u00e4r full, skjut bottenl\u00e5set och sl\u00e4pp det! Perfekt f\u00f6r din tr\u00e4dg\u00e5rd! Egenskaper: * &#8211; tillverkad av h\u00f6gkvalitativt [&hellip;]<\/p>\n","protected":false},"featured_media":0,"comment_status":"open","ping_status":"closed","template":"","meta":[],"product_brand":[],"product_cat":[33],"product_tag":[],"class_list":{"0":"post-11015","1":"product","2":"type-product","3":"status-publish","5":"product_cat-okategoriserad","7":"first","8":"instock","9":"shipping-taxable","10":"purchasable","11":"product-type-simple"},"_links":{"self":[{"href":"https:\/\/nordicmart.andreevmaster.com\/sv\/wp-json\/wp\/v2\/product\/11015","targetHints":{"allow":["GET"]}}],"collection":[{"href":"https:\/\/nordicmart.andreevmaster.com\/sv\/wp-json\/wp\/v2\/product"}],"about":[{"href":"https:\/\/nordicmart.andreevmaster.com\/sv\/wp-json\/wp\/v2\/types\/product"}],"replies":[{"embeddable":true,"href":"https:\/\/nordicmart.andreevmaster.com\/sv\/wp-json\/wp\/v2\/comments?post=11015"}],"wp:attachment":[{"href":"https:\/\/nordicmart.andreevmaster.com\/sv\/wp-json\/wp\/v2\/media?parent=11015"}],"wp:term":[{"taxonomy":"product_brand","embeddable":true,"href":"https:\/\/nordicmart.andreevmaster.com\/sv\/wp-json\/wp\/v2\/product_brand?post=11015"},{"taxonomy":"product_cat","embeddable":true,"href":"https:\/\/nordicmart.andreevmaster.com\/sv\/wp-json\/wp\/v2\/product_cat?post=11015"},{"taxonomy":"product_tag","embeddable":true,"href":"https:\/\/nordicmart.andreevmaster.com\/sv\/wp-json\/wp\/v2\/product_tag?post=11015"}],"curies":[{"name":"wp","href":"https:\/\/api.w.org\/{rel}","templated":true}]}}