{"id":11014,"date":"2026-02-27T00:09:05","date_gmt":"2026-02-27T00:09:05","guid":{"rendered":"https:\/\/nordicmart.andreevmaster.com\/product\/classic-world-edu-tralekplats-xl-montessori-klatterstege\/"},"modified":"2026-02-27T08:04:23","modified_gmt":"2026-02-27T08:04:23","slug":"classic-world-edu-tralekplats-xl-montessori-klatterstege","status":"publish","type":"product","link":"https:\/\/nordicmart.andreevmaster.com\/sv\/produkt\/classic-world-edu-tralekplats-xl-montessori-klatterstege\/","title":{"rendered":"CLASSIC WORLD EDU Tr\u00e4lekplats XL Montessori kl\u00e4tterstege"},"content":{"rendered":"<p>## Classic World tr\u00e4lekplats \u2013 kl\u00e4ttring, balans, utveckling och kul!<\/p>\n<p>Uppt\u00e4ck den fascinerande v\u00e4rlden av kl\u00e4ttring och kul med Classic World-setet! Dessa m\u00e5ngsidiga stegar \u00e4r perfekta f\u00f6r b\u00e5de inomhus- och utomhuslek. Alla barn kommer att \u00e4lska att kl\u00e4ttra och balansera, vilket inte bara \u00e4r roligt utan ocks\u00e5 fr\u00e4mjar utvecklingen av motorik, koordination och kreativitet. Dessa m\u00e5ngsidiga stegar \u00e4r perfekta b\u00e5de f\u00f6r hemmet och f\u00f6r roliga stunder i tr\u00e4dg\u00e5rden eller p\u00e5 lekplatsen.<\/p>\n<p>Egenskaper:<\/p>\n<p>* &#8211; Setet best\u00e5r av 3 kl\u00e4tterstegar, varav en med kl\u00e4tterrep<br \/>\n* &#8211; Helt fri konfiguration: Tack vare den justerbara h\u00f6jden och m\u00f6jligheten att placera de tv\u00e5 sidostegen hur du vill kan du anpassa setet efter ditt barns \u00e5lder och f\u00f6rm\u00e5ga genom att f\u00e4sta dem p\u00e5 olika niv\u00e5er.* &#8211; Naturliga, s\u00e4kra material \u2013 robusta, h\u00e5llbara och barnv\u00e4nliga<br \/>\n* &#8211; M\u00e5ngsidig anv\u00e4ndning: Perfekt f\u00f6r barnkammaren, tr\u00e4dg\u00e5rden och lekrummet, s\u00e5 att barnet kan leka aktivt var som helst<\/p>\n<p>Leksaken utvecklar:<\/p>\n<p>* &#8211; St\u00e4rker musklerna, f\u00f6rb\u00e4ttrar motoriken och den allm\u00e4nna fysiska konditionen<br \/>\n* &#8211; Tr\u00e4nar vestibul\u00e4ra systemet, som ansvarar f\u00f6r balans och hand-\u00f6ga-koordination<br \/>\n* &#8211; L\u00e4r ut logiskt t\u00e4nkande och probleml\u00f6sning<br \/>\n* &#8211; Kreativitet och fantasi<br \/>\n* &#8211; L\u00e4r ut r\u00f6relseplanering, val av p\u00e5 varandra f\u00f6ljande steg f\u00f6r att greppa och bed\u00f6ma avst\u00e5nd, vilket st\u00f6der utvecklingen av rumsligt t\u00e4nkande och orientering i rummet<\/p>\n<p>\u2757 Produkten \u00e4r tillverkad av impregnerat finsk furu, vilket \u00e4r idealiskt f\u00f6r utomhusbruk. En viktig faktor som skiljer produkten fr\u00e5n konkurrenterna \u2757<\/p>\n","protected":false},"excerpt":{"rendered":"<p>## Classic World tr\u00e4lekplats \u2013 kl\u00e4ttring, balans, utveckling och kul! Uppt\u00e4ck den fascinerande v\u00e4rlden av kl\u00e4ttring och kul med Classic World-setet! Dessa m\u00e5ngsidiga stegar \u00e4r perfekta f\u00f6r b\u00e5de inomhus- och utomhuslek. Alla barn kommer att \u00e4lska att kl\u00e4ttra och balansera, vilket inte bara \u00e4r roligt utan ocks\u00e5 fr\u00e4mjar utvecklingen av motorik, koordination och kreativitet. Dessa [&hellip;]<\/p>\n","protected":false},"featured_media":0,"comment_status":"open","ping_status":"closed","template":"","meta":[],"product_brand":[],"product_cat":[33],"product_tag":[],"class_list":{"0":"post-11014","1":"product","2":"type-product","3":"status-publish","5":"product_cat-okategoriserad","7":"first","8":"instock","9":"shipping-taxable","10":"purchasable","11":"product-type-simple"},"_links":{"self":[{"href":"https:\/\/nordicmart.andreevmaster.com\/sv\/wp-json\/wp\/v2\/product\/11014","targetHints":{"allow":["GET"]}}],"collection":[{"href":"https:\/\/nordicmart.andreevmaster.com\/sv\/wp-json\/wp\/v2\/product"}],"about":[{"href":"https:\/\/nordicmart.andreevmaster.com\/sv\/wp-json\/wp\/v2\/types\/product"}],"replies":[{"embeddable":true,"href":"https:\/\/nordicmart.andreevmaster.com\/sv\/wp-json\/wp\/v2\/comments?post=11014"}],"wp:attachment":[{"href":"https:\/\/nordicmart.andreevmaster.com\/sv\/wp-json\/wp\/v2\/media?parent=11014"}],"wp:term":[{"taxonomy":"product_brand","embeddable":true,"href":"https:\/\/nordicmart.andreevmaster.com\/sv\/wp-json\/wp\/v2\/product_brand?post=11014"},{"taxonomy":"product_cat","embeddable":true,"href":"https:\/\/nordicmart.andreevmaster.com\/sv\/wp-json\/wp\/v2\/product_cat?post=11014"},{"taxonomy":"product_tag","embeddable":true,"href":"https:\/\/nordicmart.andreevmaster.com\/sv\/wp-json\/wp\/v2\/product_tag?post=11014"}],"curies":[{"name":"wp","href":"https:\/\/api.w.org\/{rel}","templated":true}]}}