{"id":11013,"date":"2026-02-27T00:09:05","date_gmt":"2026-02-27T00:09:05","guid":{"rendered":"https:\/\/nordicmart.andreevmaster.com\/product\/classic-world-edu-trabalansbom-xxl-motor-skills-path\/"},"modified":"2026-02-27T08:04:23","modified_gmt":"2026-02-27T08:04:23","slug":"classic-world-edu-trabalansbom-xxl-motor-skills-path","status":"publish","type":"product","link":"https:\/\/nordicmart.andreevmaster.com\/sv\/produkt\/classic-world-edu-trabalansbom-xxl-motor-skills-path\/","title":{"rendered":"CLASSIC WORLD EDU Tr\u00e4balansbom XXL Motor Skills Path"},"content":{"rendered":"<p>Classic World Edu tr\u00e4bana f\u00f6r sm\u00e5 akrobater Fysisk aktivitet \u00e4r en viktig del av varje barns h\u00e4lsosamma utveckling \u2013 d\u00e4rf\u00f6r \u00e4r det viktigt att se till att de f\u00e5r motionera p\u00e5 ett attraktivt och s\u00e4kert s\u00e4tt! Classic World Edu tr\u00e4bana f\u00f6r sm\u00e5 akrobater \u00e4r den perfekta l\u00f6sningen \u2013 h\u00e5llbar, modul\u00e4r och barnv\u00e4nlig. Den \u00e4r rolig, st\u00f6der motorisk utveckling och \u00e4r tillg\u00e4nglig f\u00f6r alla \u2013 hemma, i tr\u00e4dg\u00e5rden eller p\u00e5 f\u00f6rskolan. <\/p>\n<p>SETET INNEH\u00c5LLER:<\/p>\n<p>* &#8211; 10 plattformar<br \/>\n* &#8211; 4 kopplingar<\/p>\n<p>Egenskaper:<\/p>\n<p>* &#8211; Perfekt f\u00f6r tr\u00e4dg\u00e5rden, hemmet och f\u00f6rskolan! &#8211; Setet kan arrangeras i olika konfigurationer och h\u00f6jder genom att koppla ihop plattformarna<br \/>\n* &#8211; Modul\u00e4r design \u2013 valfri layout: rak linje, sv\u00e4ngar, loopar<br \/>\n* &#8211; Banan \u00e4r en investering i h\u00e4lsosam utveckling, aktivitet och gl\u00e4dje \u2013 i m\u00e5nga \u00e5r fram\u00f6ver!* &#8211; Utveckling genom lek \u2013 fr\u00e4mjar balans, koordination och kroppsstabilitet<br \/>\n* &#8211; Naturmaterial \u2013 massivt tr\u00e4, rundade kanter, s\u00e4kerhet bekr\u00e4ftad av certifikat<\/p>\n<p>\u2757 Produkten \u00e4r tillverkad av impregnerat finskt furuvirke, vilket \u00e4r idealiskt f\u00f6r utomhusbruk. Detta \u00e4r en viktig faktor som skiljer produkten fr\u00e5n konkurrenterna. \u2757<\/p>\n","protected":false},"excerpt":{"rendered":"<p>Classic World Edu tr\u00e4bana f\u00f6r sm\u00e5 akrobater Fysisk aktivitet \u00e4r en viktig del av varje barns h\u00e4lsosamma utveckling \u2013 d\u00e4rf\u00f6r \u00e4r det viktigt att se till att de f\u00e5r motionera p\u00e5 ett attraktivt och s\u00e4kert s\u00e4tt! Classic World Edu tr\u00e4bana f\u00f6r sm\u00e5 akrobater \u00e4r den perfekta l\u00f6sningen \u2013 h\u00e5llbar, modul\u00e4r och barnv\u00e4nlig. Den \u00e4r rolig, [&hellip;]<\/p>\n","protected":false},"featured_media":0,"comment_status":"open","ping_status":"closed","template":"","meta":[],"product_brand":[],"product_cat":[33],"product_tag":[],"class_list":{"0":"post-11013","1":"product","2":"type-product","3":"status-publish","5":"product_cat-okategoriserad","7":"first","8":"instock","9":"shipping-taxable","10":"purchasable","11":"product-type-simple"},"_links":{"self":[{"href":"https:\/\/nordicmart.andreevmaster.com\/sv\/wp-json\/wp\/v2\/product\/11013","targetHints":{"allow":["GET"]}}],"collection":[{"href":"https:\/\/nordicmart.andreevmaster.com\/sv\/wp-json\/wp\/v2\/product"}],"about":[{"href":"https:\/\/nordicmart.andreevmaster.com\/sv\/wp-json\/wp\/v2\/types\/product"}],"replies":[{"embeddable":true,"href":"https:\/\/nordicmart.andreevmaster.com\/sv\/wp-json\/wp\/v2\/comments?post=11013"}],"wp:attachment":[{"href":"https:\/\/nordicmart.andreevmaster.com\/sv\/wp-json\/wp\/v2\/media?parent=11013"}],"wp:term":[{"taxonomy":"product_brand","embeddable":true,"href":"https:\/\/nordicmart.andreevmaster.com\/sv\/wp-json\/wp\/v2\/product_brand?post=11013"},{"taxonomy":"product_cat","embeddable":true,"href":"https:\/\/nordicmart.andreevmaster.com\/sv\/wp-json\/wp\/v2\/product_cat?post=11013"},{"taxonomy":"product_tag","embeddable":true,"href":"https:\/\/nordicmart.andreevmaster.com\/sv\/wp-json\/wp\/v2\/product_tag?post=11013"}],"curies":[{"name":"wp","href":"https:\/\/api.w.org\/{rel}","templated":true}]}}