{"id":11012,"date":"2026-02-27T00:09:04","date_gmt":"2026-02-27T00:09:04","guid":{"rendered":"https:\/\/nordicmart.andreevmaster.com\/product\/classic-world-edu-mega-building-blocks-soft-eva-building-bricks-55-pcs-2\/"},"modified":"2026-02-27T08:04:23","modified_gmt":"2026-02-27T08:04:23","slug":"classic-world-edu-mega-building-blocks-soft-eva-building-bricks-55-pcs-2","status":"publish","type":"product","link":"https:\/\/nordicmart.andreevmaster.com\/sv\/produkt\/classic-world-edu-mega-building-blocks-soft-eva-building-bricks-55-pcs-2\/","title":{"rendered":"CLASSIC WORLD EDU Mega Building Blocks Soft EVA Building Bricks 55 pcs."},"content":{"rendered":"<p>EVA-klossar fr\u00e5n Classic World \u00e4r det perfekta tillskottet till utomhusleken! Klossarna kan anv\u00e4ndas f\u00f6r att bygga v\u00e4ggar och alla slags konstruktioner som barn kan t\u00e4nka sig. Barnen kan samarbeta f\u00f6r att bygga komplexa konstruktioner. Tack vare EVA-materialet \u00e4r de mjuka och s\u00e4kra f\u00f6r barn. En h\u00f6gkvalitativ produkt som t\u00e5l utomhuslek. <\/p>\n<p>Egenskaper: <\/p>\n<p>* &#8211; leksak f\u00f6r barn \u00f6ver 3 \u00e5r,<br \/>\n* &#8211; tillverkad av mjukt EVA-material,<br \/>\n* &#8211; kan anv\u00e4ndas f\u00f6r att bygga olika konstruktioner,<br \/>\n* &#8211; klossarna \u00e4r det perfekta komplementet till lekstugan\/lusthuset (kod: CW70157),<br \/>\n* &#8211; vi rekommenderar att du k\u00f6per en l\u00e5da\/beh\u00e5llare f\u00f6r f\u00f6rvaring av klossarna utomhus (kod: CW70158),<br \/>\n* &#8211; s\u00e4ker f\u00f6r barn.<\/p>\n<p>Ing\u00e5r i setet:<\/p>\n<p>* &#8211; 45 hela klossar,<br \/>\n* &#8211; 10 halvklossar.<\/p>\n<p>Hus ing\u00e5r ej.<\/p>\n","protected":false},"excerpt":{"rendered":"<p>EVA-klossar fr\u00e5n Classic World \u00e4r det perfekta tillskottet till utomhusleken! Klossarna kan anv\u00e4ndas f\u00f6r att bygga v\u00e4ggar och alla slags konstruktioner som barn kan t\u00e4nka sig. Barnen kan samarbeta f\u00f6r att bygga komplexa konstruktioner. Tack vare EVA-materialet \u00e4r de mjuka och s\u00e4kra f\u00f6r barn. En h\u00f6gkvalitativ produkt som t\u00e5l utomhuslek. Egenskaper: * &#8211; leksak f\u00f6r [&hellip;]<\/p>\n","protected":false},"featured_media":0,"comment_status":"open","ping_status":"closed","template":"","meta":[],"product_brand":[],"product_cat":[33],"product_tag":[],"class_list":{"0":"post-11012","1":"product","2":"type-product","3":"status-publish","5":"product_cat-okategoriserad","7":"first","8":"instock","9":"shipping-taxable","10":"purchasable","11":"product-type-simple"},"_links":{"self":[{"href":"https:\/\/nordicmart.andreevmaster.com\/sv\/wp-json\/wp\/v2\/product\/11012","targetHints":{"allow":["GET"]}}],"collection":[{"href":"https:\/\/nordicmart.andreevmaster.com\/sv\/wp-json\/wp\/v2\/product"}],"about":[{"href":"https:\/\/nordicmart.andreevmaster.com\/sv\/wp-json\/wp\/v2\/types\/product"}],"replies":[{"embeddable":true,"href":"https:\/\/nordicmart.andreevmaster.com\/sv\/wp-json\/wp\/v2\/comments?post=11012"}],"wp:attachment":[{"href":"https:\/\/nordicmart.andreevmaster.com\/sv\/wp-json\/wp\/v2\/media?parent=11012"}],"wp:term":[{"taxonomy":"product_brand","embeddable":true,"href":"https:\/\/nordicmart.andreevmaster.com\/sv\/wp-json\/wp\/v2\/product_brand?post=11012"},{"taxonomy":"product_cat","embeddable":true,"href":"https:\/\/nordicmart.andreevmaster.com\/sv\/wp-json\/wp\/v2\/product_cat?post=11012"},{"taxonomy":"product_tag","embeddable":true,"href":"https:\/\/nordicmart.andreevmaster.com\/sv\/wp-json\/wp\/v2\/product_tag?post=11012"}],"curies":[{"name":"wp","href":"https:\/\/api.w.org\/{rel}","templated":true}]}}