{"id":11011,"date":"2026-02-27T00:09:04","date_gmt":"2026-02-27T00:09:04","guid":{"rendered":"https:\/\/nordicmart.andreevmaster.com\/product\/classic-world-edu-traforvaringslada-for-tradgarden\/"},"modified":"2026-02-27T08:04:23","modified_gmt":"2026-02-27T08:04:23","slug":"classic-world-edu-traforvaringslada-for-tradgarden","status":"publish","type":"product","link":"https:\/\/nordicmart.andreevmaster.com\/sv\/produkt\/classic-world-edu-traforvaringslada-for-tradgarden\/","title":{"rendered":"CLASSIC WORLD EDU Tr\u00e4f\u00f6rvaringsl\u00e5da f\u00f6r tr\u00e4dg\u00e5rden"},"content":{"rendered":"<p>Denna f\u00f6rvaringsl\u00e5da fr\u00e5n det v\u00e4lk\u00e4nda varum\u00e4rket Classic World \u00e4r det perfekta tillskottet till alla lekplatser! Produkten \u00e4r tillverkad av h\u00f6gkvalitativt tr\u00e4 och m\u00e5lad med giftfri impregnering, vilket \u00e4r helt s\u00e4kert f\u00f6r barn. Perfekt f\u00f6r f\u00f6rvaring av tr\u00e4dg\u00e5rdsleksaker. Den har ett tak och en kamouflagegardin. H\u00f6gkvalitativ produkt.<\/p>\n<p>Egenskaper:<\/p>\n<p>* &#8211; leksak f\u00f6r barn fr\u00e5n 3 \u00e5r,<br \/>\n* &#8211; f\u00f6rvaringsenhet f\u00f6r tr\u00e4dg\u00e5rdsleksaker,<br \/>\n* &#8211; har tak och kamouflagegardin,<br \/>\n* &#8211; idealisk f\u00f6r f\u00f6rvaring av EVA-klossar (kod: CW70158),<br \/>\n* &#8211; tillverkad av h\u00f6gkvalitativt tr\u00e4,<br \/>\n* &#8211; m\u00e5lad med giftfri impregnering,<br \/>\n* &#8211; o\u00e4ndlig lekgl\u00e4dje,<br \/>\n* &#8211; det perfekta tillskottet till alla lekplatser.<\/p>\n<p>Impregnerat furuvirke har anv\u00e4nts f\u00f6r att s\u00e4kerst\u00e4lla b\u00e4sta m\u00f6jliga egenskaper i en utomhusmilj\u00f6. Tack vare impregneringen \u00e4r tr\u00e4et motst\u00e5ndskraftigt mot v\u00e4derf\u00f6rh\u00e5llanden, vilket garanterar dess l\u00e5nga livsl\u00e4ngd och estetiska utseende under m\u00e5nga \u00e5r. Denna l\u00f6sning skiljer produkten fr\u00e5n l\u00f6sningar som anv\u00e4nds i konkurrerande produkter.<\/p>\n<p>Eko-leksaker \u00e4r designade f\u00f6r de yngsta barnen och \u00e4r tillverkade av helt naturliga, biologiskt nedbrytbara och allergiv\u00e4nliga material, vilket g\u00f6r dem 100 % s\u00e4kra och ofarliga, inte bara f\u00f6r milj\u00f6n utan ocks\u00e5 f\u00f6r ditt barn.Inga klossar ing\u00e5r.<\/p>\n","protected":false},"excerpt":{"rendered":"<p>Denna f\u00f6rvaringsl\u00e5da fr\u00e5n det v\u00e4lk\u00e4nda varum\u00e4rket Classic World \u00e4r det perfekta tillskottet till alla lekplatser! Produkten \u00e4r tillverkad av h\u00f6gkvalitativt tr\u00e4 och m\u00e5lad med giftfri impregnering, vilket \u00e4r helt s\u00e4kert f\u00f6r barn. Perfekt f\u00f6r f\u00f6rvaring av tr\u00e4dg\u00e5rdsleksaker. Den har ett tak och en kamouflagegardin. H\u00f6gkvalitativ produkt. Egenskaper: * &#8211; leksak f\u00f6r barn fr\u00e5n 3 \u00e5r, [&hellip;]<\/p>\n","protected":false},"featured_media":0,"comment_status":"open","ping_status":"closed","template":"","meta":[],"product_brand":[],"product_cat":[33],"product_tag":[],"class_list":{"0":"post-11011","1":"product","2":"type-product","3":"status-publish","5":"product_cat-okategoriserad","7":"first","8":"instock","9":"shipping-taxable","10":"purchasable","11":"product-type-simple"},"_links":{"self":[{"href":"https:\/\/nordicmart.andreevmaster.com\/sv\/wp-json\/wp\/v2\/product\/11011","targetHints":{"allow":["GET"]}}],"collection":[{"href":"https:\/\/nordicmart.andreevmaster.com\/sv\/wp-json\/wp\/v2\/product"}],"about":[{"href":"https:\/\/nordicmart.andreevmaster.com\/sv\/wp-json\/wp\/v2\/types\/product"}],"replies":[{"embeddable":true,"href":"https:\/\/nordicmart.andreevmaster.com\/sv\/wp-json\/wp\/v2\/comments?post=11011"}],"wp:attachment":[{"href":"https:\/\/nordicmart.andreevmaster.com\/sv\/wp-json\/wp\/v2\/media?parent=11011"}],"wp:term":[{"taxonomy":"product_brand","embeddable":true,"href":"https:\/\/nordicmart.andreevmaster.com\/sv\/wp-json\/wp\/v2\/product_brand?post=11011"},{"taxonomy":"product_cat","embeddable":true,"href":"https:\/\/nordicmart.andreevmaster.com\/sv\/wp-json\/wp\/v2\/product_cat?post=11011"},{"taxonomy":"product_tag","embeddable":true,"href":"https:\/\/nordicmart.andreevmaster.com\/sv\/wp-json\/wp\/v2\/product_tag?post=11011"}],"curies":[{"name":"wp","href":"https:\/\/api.w.org\/{rel}","templated":true}]}}