{"id":11009,"date":"2026-02-27T00:09:04","date_gmt":"2026-02-27T00:09:04","guid":{"rendered":"https:\/\/nordicmart.andreevmaster.com\/product\/classic-world-edu-stora-klockor-for-barn\/"},"modified":"2026-02-27T08:04:22","modified_gmt":"2026-02-27T08:04:22","slug":"classic-world-edu-stora-klockor-for-barn","status":"publish","type":"product","link":"https:\/\/nordicmart.andreevmaster.com\/sv\/produkt\/classic-world-edu-stora-klockor-for-barn\/","title":{"rendered":"CLASSIC WORLD EDU Stora klockor f\u00f6r barn"},"content":{"rendered":"<p>De stora klockorna fr\u00e5n CLASSIC WORLD:s EDU-serie fyller din tr\u00e4dg\u00e5rd, lekplats eller andra utomhusutrymmen med musik! Detta underbara instrument \u00e4r ett utm\u00e4rkt s\u00e4tt f\u00f6r barn i alla \u00e5ldrar att komponera harmonier och rytmer. Dessutom skapar det m\u00f6jligheter till sj\u00e4lvuttryck genom komposition, vilket kommer att ha en positiv inverkan p\u00e5 ditt barns mod och sj\u00e4lvf\u00f6rtroende. P\u00e5 ena sidan av instrumenten finns exempelkompositioner som kommer att introducera ditt barn till att skapa egna melodier senare. Tillverkad av h\u00f6gkvalitativt v\u00e4derbest\u00e4ndigt tr\u00e4 fr\u00e5n h\u00e5llbara k\u00e4llor.<\/p>\n<p>Egenskaper:<\/p>\n<p>* &#8211; leksak f\u00f6r barn fr\u00e5n 3 \u00e5r,<br \/>\n* &#8211; fr\u00e5n den speciella EDU-serien,<br \/>\n* &#8211; visar exempelkompositioner \u2013 l\u00e4r ut,<br \/>\n* &#8211; set tillverkat av material av h\u00f6gsta kvalitet \u2013 v\u00e4derbest\u00e4ndigt!<\/p>\n<p>Leksaken utvecklar:<\/p>\n<p>* &#8211; sinnena,<br \/>\n* &#8211; mod och sj\u00e4lvf\u00f6rtroende.<\/p>\n<p>Eko-leksaker \u00e4r designade f\u00f6r de yngsta barnen och \u00e4r tillverkade av helt naturliga, biologiskt nedbrytbara och allergiv\u00e4nliga material, vilket g\u00f6r dem 100 % s\u00e4kra och ofarliga, inte bara f\u00f6r milj\u00f6n utan ocks\u00e5 f\u00f6r ditt barn.<\/p>\n","protected":false},"excerpt":{"rendered":"<p>De stora klockorna fr\u00e5n CLASSIC WORLD:s EDU-serie fyller din tr\u00e4dg\u00e5rd, lekplats eller andra utomhusutrymmen med musik! Detta underbara instrument \u00e4r ett utm\u00e4rkt s\u00e4tt f\u00f6r barn i alla \u00e5ldrar att komponera harmonier och rytmer. Dessutom skapar det m\u00f6jligheter till sj\u00e4lvuttryck genom komposition, vilket kommer att ha en positiv inverkan p\u00e5 ditt barns mod och sj\u00e4lvf\u00f6rtroende. P\u00e5 [&hellip;]<\/p>\n","protected":false},"featured_media":0,"comment_status":"open","ping_status":"closed","template":"","meta":[],"product_brand":[],"product_cat":[33],"product_tag":[],"class_list":{"0":"post-11009","1":"product","2":"type-product","3":"status-publish","5":"product_cat-okategoriserad","7":"first","8":"instock","9":"shipping-taxable","10":"purchasable","11":"product-type-simple"},"_links":{"self":[{"href":"https:\/\/nordicmart.andreevmaster.com\/sv\/wp-json\/wp\/v2\/product\/11009","targetHints":{"allow":["GET"]}}],"collection":[{"href":"https:\/\/nordicmart.andreevmaster.com\/sv\/wp-json\/wp\/v2\/product"}],"about":[{"href":"https:\/\/nordicmart.andreevmaster.com\/sv\/wp-json\/wp\/v2\/types\/product"}],"replies":[{"embeddable":true,"href":"https:\/\/nordicmart.andreevmaster.com\/sv\/wp-json\/wp\/v2\/comments?post=11009"}],"wp:attachment":[{"href":"https:\/\/nordicmart.andreevmaster.com\/sv\/wp-json\/wp\/v2\/media?parent=11009"}],"wp:term":[{"taxonomy":"product_brand","embeddable":true,"href":"https:\/\/nordicmart.andreevmaster.com\/sv\/wp-json\/wp\/v2\/product_brand?post=11009"},{"taxonomy":"product_cat","embeddable":true,"href":"https:\/\/nordicmart.andreevmaster.com\/sv\/wp-json\/wp\/v2\/product_cat?post=11009"},{"taxonomy":"product_tag","embeddable":true,"href":"https:\/\/nordicmart.andreevmaster.com\/sv\/wp-json\/wp\/v2\/product_tag?post=11009"}],"curies":[{"name":"wp","href":"https:\/\/api.w.org\/{rel}","templated":true}]}}