{"id":11008,"date":"2026-02-27T00:09:04","date_gmt":"2026-02-27T00:09:04","guid":{"rendered":"https:\/\/nordicmart.andreevmaster.com\/product\/classic-world-edu-musikinstrument-xylofon-stora-cymbaler\/"},"modified":"2026-02-27T08:04:22","modified_gmt":"2026-02-27T08:04:22","slug":"classic-world-edu-musikinstrument-xylofon-stora-cymbaler","status":"publish","type":"product","link":"https:\/\/nordicmart.andreevmaster.com\/sv\/produkt\/classic-world-edu-musikinstrument-xylofon-stora-cymbaler\/","title":{"rendered":"CLASSIC WORLD EDU Musikinstrument Xylofon Stora cymbaler"},"content":{"rendered":"<p>CLASSIC WORLD metallofon fr\u00e5n EDU-serien fyller alla utomhusutrymmen, s\u00e5som tr\u00e4dg\u00e5rdar eller lekplatser, med musik! Ett charmigt instrument som hj\u00e4lper barn att utveckla sin musikaliska kreativitet! Detta underbara instrument \u00e4r ett utm\u00e4rkt s\u00e4tt f\u00f6r barn i alla \u00e5ldrar att komponera harmonier och rytmer. Det ger dem ocks\u00e5 en m\u00f6jlighet att uttrycka sig genom att komponera, vilket st\u00e4rker deras sj\u00e4lvf\u00f6rtroende och sj\u00e4lvk\u00e4nsla. Satsen inneh\u00e5ller tv\u00e5 klubbor som kan f\u00f6rvaras praktiskt p\u00e5 sidan. Tillverkad av h\u00f6gkvalitativt, v\u00e4derbest\u00e4ndigt tr\u00e4 fr\u00e5n h\u00e5llbara k\u00e4llor. <\/p>\n<p>Egenskaper: <\/p>\n<p>* &#8211; leksak f\u00f6r barn \u00f6ver 3 \u00e5r,<br \/>\n* &#8211; fr\u00e5n den speciella EDU-serien,<br \/>\n* &#8211; ett charmigt instrument som hj\u00e4lper barn att utveckla sin musikaliska kreativitet,<br \/>\n* &#8211; sats tillverkad av material av h\u00f6gsta kvalitet \u2013 v\u00e4derbest\u00e4ndig!<\/p>\n<p>Leksaken utvecklar:<\/p>\n<p>* &#8211; sinnena,<br \/>\n* &#8211; mod och sj\u00e4lvf\u00f6rtroende.<\/p>\n<p>Eko-leksaker \u00e4r designade f\u00f6r de yngsta barnen och \u00e4r tillverkade av helt naturliga, biologiskt nedbrytbara och allergiv\u00e4nliga material, vilket g\u00f6r dem 100 % s\u00e4kra och ofarliga, inte bara f\u00f6r milj\u00f6n utan ocks\u00e5 f\u00f6r ditt barn.<\/p>\n","protected":false},"excerpt":{"rendered":"<p>CLASSIC WORLD metallofon fr\u00e5n EDU-serien fyller alla utomhusutrymmen, s\u00e5som tr\u00e4dg\u00e5rdar eller lekplatser, med musik! Ett charmigt instrument som hj\u00e4lper barn att utveckla sin musikaliska kreativitet! Detta underbara instrument \u00e4r ett utm\u00e4rkt s\u00e4tt f\u00f6r barn i alla \u00e5ldrar att komponera harmonier och rytmer. Det ger dem ocks\u00e5 en m\u00f6jlighet att uttrycka sig genom att komponera, vilket [&hellip;]<\/p>\n","protected":false},"featured_media":0,"comment_status":"open","ping_status":"closed","template":"","meta":[],"product_brand":[],"product_cat":[33],"product_tag":[],"class_list":{"0":"post-11008","1":"product","2":"type-product","3":"status-publish","5":"product_cat-okategoriserad","7":"first","8":"instock","9":"shipping-taxable","10":"purchasable","11":"product-type-simple"},"_links":{"self":[{"href":"https:\/\/nordicmart.andreevmaster.com\/sv\/wp-json\/wp\/v2\/product\/11008","targetHints":{"allow":["GET"]}}],"collection":[{"href":"https:\/\/nordicmart.andreevmaster.com\/sv\/wp-json\/wp\/v2\/product"}],"about":[{"href":"https:\/\/nordicmart.andreevmaster.com\/sv\/wp-json\/wp\/v2\/types\/product"}],"replies":[{"embeddable":true,"href":"https:\/\/nordicmart.andreevmaster.com\/sv\/wp-json\/wp\/v2\/comments?post=11008"}],"wp:attachment":[{"href":"https:\/\/nordicmart.andreevmaster.com\/sv\/wp-json\/wp\/v2\/media?parent=11008"}],"wp:term":[{"taxonomy":"product_brand","embeddable":true,"href":"https:\/\/nordicmart.andreevmaster.com\/sv\/wp-json\/wp\/v2\/product_brand?post=11008"},{"taxonomy":"product_cat","embeddable":true,"href":"https:\/\/nordicmart.andreevmaster.com\/sv\/wp-json\/wp\/v2\/product_cat?post=11008"},{"taxonomy":"product_tag","embeddable":true,"href":"https:\/\/nordicmart.andreevmaster.com\/sv\/wp-json\/wp\/v2\/product_tag?post=11008"}],"curies":[{"name":"wp","href":"https:\/\/api.w.org\/{rel}","templated":true}]}}