{"id":11006,"date":"2026-02-27T00:09:03","date_gmt":"2026-02-27T00:09:03","guid":{"rendered":"https:\/\/nordicmart.andreevmaster.com\/product\/classic-world-edu-lekplatsvattenleksak-kvarnen\/"},"modified":"2026-02-27T08:04:22","modified_gmt":"2026-02-27T08:04:22","slug":"classic-world-edu-lekplatsvattenleksak-kvarnen","status":"publish","type":"product","link":"https:\/\/nordicmart.andreevmaster.com\/sv\/produkt\/classic-world-edu-lekplatsvattenleksak-kvarnen\/","title":{"rendered":"CLASSIC WORLD EDU Lekplatsvattenleksak Kvarnen"},"content":{"rendered":"<p>Denna vattenleksak f\u00f6r barn fr\u00e5n det v\u00e4lk\u00e4nda varum\u00e4rket Classic World \u00e4r det perfekta tillskottet till din sandl\u00e5da! Produkten \u00e4r tillverkad av h\u00f6gkvalitativt tr\u00e4 och m\u00e5lad med giftfri impregnering, vilket \u00e4r helt s\u00e4kert f\u00f6r barn. Fyll bara trattarna med vatten och se hur det rinner ner till hjulet och f\u00e5r det att snurra. Produkten utvecklar barns fantasi, perception och logiska t\u00e4nkande.<\/p>\n<p>Egenskaper:<\/p>\n<p>* &#8211; fr\u00e5n 3 \u00e5rs \u00e5lder,<br \/>\n* &#8211; tillverkad av h\u00f6gkvalitativt tr\u00e4,<br \/>\n* &#8211; m\u00e5lad med giftfri impregnering,<br \/>\n* &#8211; o\u00e4ndlig lekgl\u00e4dje,<br \/>\n* &#8211; det perfekta tillskottet till sandl\u00e5dan eller tr\u00e4dg\u00e5rden.<\/p>\n<p>Leksaken utvecklar:<\/p>\n<p>* &#8211; manuell skicklighet,<br \/>\n* &#8211; logiskt t\u00e4nkande,<br \/>\n* &#8211; fantasi,<br \/>\n* &#8211; kreativitet.<\/p>\n<p>Impregnerat furuvirke har anv\u00e4nts f\u00f6r att s\u00e4kerst\u00e4lla b\u00e4sta m\u00f6jliga egenskaper i en utomhusmilj\u00f6. Tack vare impregneringen \u00e4r tr\u00e4et motst\u00e5ndskraftigt mot v\u00e4derf\u00f6rh\u00e5llanden, vilket garanterar dess h\u00e5llbarhet och estetiska utseende under m\u00e5nga \u00e5r. Denna l\u00f6sning skiljer produkten fr\u00e5n l\u00f6sningar som anv\u00e4nds i konkurrerande produkter.<\/p>\n<p>Eko-leksaker \u00e4r designade f\u00f6r de yngsta barnen och \u00e4r tillverkade av helt naturliga, biologiskt nedbrytbara och allergiv\u00e4nliga material, vilket g\u00f6r dem 100 % s\u00e4kra och ofarliga, inte bara f\u00f6r milj\u00f6n utan ocks\u00e5 f\u00f6r ditt barn.Classic World-leksaker introducerar barn till en ny dimension av fantastisk lek! Classic World \u00e4r milj\u00f6v\u00e4nliga leksaker av tr\u00e4 som inte bara \u00e4r roliga, utan ocks\u00e5 utvecklas barns kreativitet, emotionella k\u00e4nslighet och l\u00e4r dem hur man f\u00e5r v\u00e4nner. Classic Worlds musikleksaker f\u00f6rtj\u00e4nar ett s\u00e4rskilt omn\u00e4mnande \u2013 de hj\u00e4lper till att utveckla musikaliska k\u00e4nslor hos de yngsta barnen.<\/p>\n","protected":false},"excerpt":{"rendered":"<p>Denna vattenleksak f\u00f6r barn fr\u00e5n det v\u00e4lk\u00e4nda varum\u00e4rket Classic World \u00e4r det perfekta tillskottet till din sandl\u00e5da! Produkten \u00e4r tillverkad av h\u00f6gkvalitativt tr\u00e4 och m\u00e5lad med giftfri impregnering, vilket \u00e4r helt s\u00e4kert f\u00f6r barn. Fyll bara trattarna med vatten och se hur det rinner ner till hjulet och f\u00e5r det att snurra. Produkten utvecklar barns [&hellip;]<\/p>\n","protected":false},"featured_media":0,"comment_status":"open","ping_status":"closed","template":"","meta":[],"product_brand":[],"product_cat":[33],"product_tag":[],"class_list":{"0":"post-11006","1":"product","2":"type-product","3":"status-publish","5":"product_cat-okategoriserad","7":"first","8":"instock","9":"shipping-taxable","10":"purchasable","11":"product-type-simple"},"_links":{"self":[{"href":"https:\/\/nordicmart.andreevmaster.com\/sv\/wp-json\/wp\/v2\/product\/11006","targetHints":{"allow":["GET"]}}],"collection":[{"href":"https:\/\/nordicmart.andreevmaster.com\/sv\/wp-json\/wp\/v2\/product"}],"about":[{"href":"https:\/\/nordicmart.andreevmaster.com\/sv\/wp-json\/wp\/v2\/types\/product"}],"replies":[{"embeddable":true,"href":"https:\/\/nordicmart.andreevmaster.com\/sv\/wp-json\/wp\/v2\/comments?post=11006"}],"wp:attachment":[{"href":"https:\/\/nordicmart.andreevmaster.com\/sv\/wp-json\/wp\/v2\/media?parent=11006"}],"wp:term":[{"taxonomy":"product_brand","embeddable":true,"href":"https:\/\/nordicmart.andreevmaster.com\/sv\/wp-json\/wp\/v2\/product_brand?post=11006"},{"taxonomy":"product_cat","embeddable":true,"href":"https:\/\/nordicmart.andreevmaster.com\/sv\/wp-json\/wp\/v2\/product_cat?post=11006"},{"taxonomy":"product_tag","embeddable":true,"href":"https:\/\/nordicmart.andreevmaster.com\/sv\/wp-json\/wp\/v2\/product_tag?post=11006"}],"curies":[{"name":"wp","href":"https:\/\/api.w.org\/{rel}","templated":true}]}}