{"id":11005,"date":"2026-02-27T00:09:03","date_gmt":"2026-02-27T00:09:03","guid":{"rendered":"https:\/\/nordicmart.andreevmaster.com\/product\/classic-world-edu-lekplatsvattenleksak-vattenfall\/"},"modified":"2026-02-27T08:04:22","modified_gmt":"2026-02-27T08:04:22","slug":"classic-world-edu-lekplatsvattenleksak-vattenfall","status":"publish","type":"product","link":"https:\/\/nordicmart.andreevmaster.com\/sv\/produkt\/classic-world-edu-lekplatsvattenleksak-vattenfall\/","title":{"rendered":"CLASSIC WORLD EDU Lekplatsvattenleksak Vattenfall"},"content":{"rendered":"<p>Ett vattenleksak f\u00f6r barn fr\u00e5n det v\u00e4lk\u00e4nda varum\u00e4rket Classic World. Produkten \u00e4r tillverkad av h\u00f6gkvalitativt tr\u00e4, m\u00e5lad med giftfri impregnering, helt s\u00e4ker f\u00f6r barn. Fyll bara r\u00e4nnan med vatten och se hur det rinner fr\u00e5n den ena till den andra och skapar en minipool. Produkten utvecklar barns fantasi, perception och logiska t\u00e4nkande.<\/p>\n<p>Egenskaper:<\/p>\n<p>* &#8211; fr\u00e5n 3 \u00e5rs \u00e5lder<br \/>\n* &#8211; tillverkad av h\u00f6gkvalitativt tr\u00e4<br \/>\n* &#8211; m\u00e5lad med giftfri impregnering<br \/>\n* &#8211; o\u00e4ndlig lekgl\u00e4dje<br \/>\n* &#8211; det perfekta tillskottet till sandl\u00e5dan eller tr\u00e4dg\u00e5rden<\/p>\n<p>Leksaken utvecklar:<\/p>\n<p>* &#8211; manuell skicklighet<br \/>\n* &#8211; logiskt t\u00e4nkande<br \/>\n* &#8211; fantasi<br \/>\n* &#8211; kreativitet<\/p>\n","protected":false},"excerpt":{"rendered":"<p>Ett vattenleksak f\u00f6r barn fr\u00e5n det v\u00e4lk\u00e4nda varum\u00e4rket Classic World. Produkten \u00e4r tillverkad av h\u00f6gkvalitativt tr\u00e4, m\u00e5lad med giftfri impregnering, helt s\u00e4ker f\u00f6r barn. Fyll bara r\u00e4nnan med vatten och se hur det rinner fr\u00e5n den ena till den andra och skapar en minipool. Produkten utvecklar barns fantasi, perception och logiska t\u00e4nkande. Egenskaper: * &#8211; [&hellip;]<\/p>\n","protected":false},"featured_media":0,"comment_status":"open","ping_status":"closed","template":"","meta":[],"product_brand":[],"product_cat":[33],"product_tag":[],"class_list":{"0":"post-11005","1":"product","2":"type-product","3":"status-publish","5":"product_cat-okategoriserad","7":"first","8":"instock","9":"shipping-taxable","10":"purchasable","11":"product-type-simple"},"_links":{"self":[{"href":"https:\/\/nordicmart.andreevmaster.com\/sv\/wp-json\/wp\/v2\/product\/11005","targetHints":{"allow":["GET"]}}],"collection":[{"href":"https:\/\/nordicmart.andreevmaster.com\/sv\/wp-json\/wp\/v2\/product"}],"about":[{"href":"https:\/\/nordicmart.andreevmaster.com\/sv\/wp-json\/wp\/v2\/types\/product"}],"replies":[{"embeddable":true,"href":"https:\/\/nordicmart.andreevmaster.com\/sv\/wp-json\/wp\/v2\/comments?post=11005"}],"wp:attachment":[{"href":"https:\/\/nordicmart.andreevmaster.com\/sv\/wp-json\/wp\/v2\/media?parent=11005"}],"wp:term":[{"taxonomy":"product_brand","embeddable":true,"href":"https:\/\/nordicmart.andreevmaster.com\/sv\/wp-json\/wp\/v2\/product_brand?post=11005"},{"taxonomy":"product_cat","embeddable":true,"href":"https:\/\/nordicmart.andreevmaster.com\/sv\/wp-json\/wp\/v2\/product_cat?post=11005"},{"taxonomy":"product_tag","embeddable":true,"href":"https:\/\/nordicmart.andreevmaster.com\/sv\/wp-json\/wp\/v2\/product_tag?post=11005"}],"curies":[{"name":"wp","href":"https:\/\/api.w.org\/{rel}","templated":true}]}}