{"id":11004,"date":"2026-02-27T00:09:03","date_gmt":"2026-02-27T00:09:03","guid":{"rendered":"https:\/\/nordicmart.andreevmaster.com\/product\/classic-world-edu-trastaffli-for-pedagogiskt-bruk\/"},"modified":"2026-02-27T08:04:22","modified_gmt":"2026-02-27T08:04:22","slug":"classic-world-edu-trastaffli-for-pedagogiskt-bruk","status":"publish","type":"product","link":"https:\/\/nordicmart.andreevmaster.com\/sv\/produkt\/classic-world-edu-trastaffli-for-pedagogiskt-bruk\/","title":{"rendered":"CLASSIC WORLD EDU Tr\u00e4staffli f\u00f6r pedagogiskt bruk"},"content":{"rendered":"<p>En stor tr\u00e4staffli f\u00f6r alla blivande unga konstn\u00e4rer. Denna tavla fr\u00e5n det v\u00e4lk\u00e4nda varum\u00e4rket Classic World \u00e4r en fantastisk present. Perfekt f\u00f6r att f\u00f6rb\u00e4ttra motoriken, \u00f6va p\u00e5 att rita, m\u00e5la och skriva bokst\u00e4ver. Produkten \u00e4r tillverkad av h\u00f6gkvalitativt tr\u00e4, m\u00e5lad med giftfri impregnering, helt s\u00e4ker f\u00f6r barn. Tavlan utvecklar motoriken och f\u00f6rb\u00e4ttrar barnets kreativitet. Den solida tr\u00e4konstruktionen garanterar en l\u00e4ngre livsl\u00e4ngd f\u00f6r produkten. Staffliet har en dubbelsidig plexiglaspanel, vilket g\u00f6r det m\u00f6jligt att m\u00e5la p\u00e5 b\u00e5da sidor. P\u00e5 hyllan under tavlan finns en beh\u00e5llare d\u00e4r du kan l\u00e4gga f\u00e4rger f\u00f6r att underl\u00e4tta m\u00e5lningen.<\/p>\n<p>Egenskaper:<\/p>\n<p>* &#8211; produkt f\u00f6r barn fr\u00e5n 3 \u00e5r,<br \/>\n* &#8211; teckningar kan raderas,<br \/>\n* &#8211; dubbelsidig tavla med plexiglas,<br \/>\n* &#8211; solid tr\u00e4konstruktion,<br \/>\n* &#8211; idealisk f\u00f6r lek i tr\u00e4dg\u00e5rden,<br \/>\n* &#8211; l\u00e4mplig f\u00f6r f\u00f6rskolor och privat bruk,<br \/>\n* &#8211; material av h\u00f6gsta kvalitet.<\/p>\n<p>Leksaken utvecklar:<\/p>\n<p>* &#8211; motoriska f\u00e4rdigheter,<br \/>\n* &#8211; kreativitet,<br \/>\n* &#8211; skrivf\u00f6rm\u00e5ga,<br \/>\n* &#8211; konstn\u00e4rliga f\u00e4rdigheter.<\/p>\n<p>Eko-leksaker \u00e4r designade f\u00f6r de yngsta barnen och \u00e4r tillverkade av helt naturliga, biologiskt nedbrytbara och allergiv\u00e4nliga material, vilket g\u00f6r dem 100 % s\u00e4kra och ofarliga, inte bara f\u00f6r milj\u00f6n utan ocks\u00e5 f\u00f6r ditt barn.<\/p>\n<p>Classic World-leksaker introducerar barn till en ny dimension av fantastisk lek! Classic World \u00e4r milj\u00f6v\u00e4nliga leksaker av tr\u00e4 som inte bara \u00e4r roliga, utan ocks\u00e5 utvecklar barns kreativitet, emotionella k\u00e4nslighet och l\u00e4r dem hur man f\u00e5r v\u00e4nner. Classic Worlds musikleksaker f\u00f6rtj\u00e4nar ett s\u00e4rskilt omn\u00e4mnande \u2013 de hj\u00e4lper till att utveckla musikaliska sinnen hos de yngsta barnen.<\/p>\n","protected":false},"excerpt":{"rendered":"<p>En stor tr\u00e4staffli f\u00f6r alla blivande unga konstn\u00e4rer. Denna tavla fr\u00e5n det v\u00e4lk\u00e4nda varum\u00e4rket Classic World \u00e4r en fantastisk present. Perfekt f\u00f6r att f\u00f6rb\u00e4ttra motoriken, \u00f6va p\u00e5 att rita, m\u00e5la och skriva bokst\u00e4ver. Produkten \u00e4r tillverkad av h\u00f6gkvalitativt tr\u00e4, m\u00e5lad med giftfri impregnering, helt s\u00e4ker f\u00f6r barn. Tavlan utvecklar motoriken och f\u00f6rb\u00e4ttrar barnets kreativitet. Den [&hellip;]<\/p>\n","protected":false},"featured_media":0,"comment_status":"open","ping_status":"closed","template":"","meta":[],"product_brand":[],"product_cat":[33],"product_tag":[],"class_list":{"0":"post-11004","1":"product","2":"type-product","3":"status-publish","5":"product_cat-okategoriserad","7":"first","8":"instock","9":"shipping-taxable","10":"purchasable","11":"product-type-simple"},"_links":{"self":[{"href":"https:\/\/nordicmart.andreevmaster.com\/sv\/wp-json\/wp\/v2\/product\/11004","targetHints":{"allow":["GET"]}}],"collection":[{"href":"https:\/\/nordicmart.andreevmaster.com\/sv\/wp-json\/wp\/v2\/product"}],"about":[{"href":"https:\/\/nordicmart.andreevmaster.com\/sv\/wp-json\/wp\/v2\/types\/product"}],"replies":[{"embeddable":true,"href":"https:\/\/nordicmart.andreevmaster.com\/sv\/wp-json\/wp\/v2\/comments?post=11004"}],"wp:attachment":[{"href":"https:\/\/nordicmart.andreevmaster.com\/sv\/wp-json\/wp\/v2\/media?parent=11004"}],"wp:term":[{"taxonomy":"product_brand","embeddable":true,"href":"https:\/\/nordicmart.andreevmaster.com\/sv\/wp-json\/wp\/v2\/product_brand?post=11004"},{"taxonomy":"product_cat","embeddable":true,"href":"https:\/\/nordicmart.andreevmaster.com\/sv\/wp-json\/wp\/v2\/product_cat?post=11004"},{"taxonomy":"product_tag","embeddable":true,"href":"https:\/\/nordicmart.andreevmaster.com\/sv\/wp-json\/wp\/v2\/product_tag?post=11004"}],"curies":[{"name":"wp","href":"https:\/\/api.w.org\/{rel}","templated":true}]}}