{"id":11002,"date":"2026-02-27T00:09:02","date_gmt":"2026-02-27T00:09:02","guid":{"rendered":"https:\/\/nordicmart.andreevmaster.com\/product\/classic-world-edu-koksredskap-i-rostfritt-stal\/"},"modified":"2026-02-27T08:04:21","modified_gmt":"2026-02-27T08:04:21","slug":"classic-world-edu-koksredskap-i-rostfritt-stal","status":"publish","type":"product","link":"https:\/\/nordicmart.andreevmaster.com\/sv\/produkt\/classic-world-edu-koksredskap-i-rostfritt-stal\/","title":{"rendered":"CLASSIC WORLD EDU K\u00f6ksredskap i rostfritt st\u00e5l"},"content":{"rendered":"<p>K\u00f6ksredskap fr\u00e5n CLASSIC WORLDs EDU-serie h\u00e5ller i generationer! De \u00e4r tillverkade av rostfritt st\u00e5l, s\u00e5 de kan anv\u00e4ndas b\u00e5de inomhus och utomhus \u2013 n\u00e4r och var du vill! Det perfekta setet f\u00f6r rollspel och lek hemma. Uppt\u00e4ck rollspel, f\u00f6rb\u00e4ttra dina samarbetsf\u00f6rm\u00e5gor och utveckla dina sociala kommunikationsf\u00f6rm\u00e5gor!<\/p>\n<p>Egenskaper:<\/p>\n<p>* &#8211; leksak f\u00f6r barn \u00f6ver 3 \u00e5r,<br \/>\n* &#8211; fr\u00e5n den speciella EDU-serien,<br \/>\n* &#8211; tillbeh\u00f6ren \u00e4r det perfekta komplementet till bordet (CW70012),<br \/>\n* &#8211; set tillverkat av material av h\u00f6gsta kvalitet!<\/p>\n<p>Leksaken utvecklar:<\/p>\n<p>* &#8211; kommunikations- och samarbetsf\u00f6rm\u00e5ga,<br \/>\n* &#8211; mod och sj\u00e4lvf\u00f6rtroende.<\/p>\n<p>Eko-leksaker \u00e4r designade f\u00f6r de yngsta barnen och \u00e4r tillverkade av helt naturliga, biologiskt nedbrytbara och allergiv\u00e4nliga material, vilket g\u00f6r dem 100 % s\u00e4kra och ofarliga, inte bara f\u00f6r milj\u00f6n utan ocks\u00e5 f\u00f6r ditt barn.<\/p>\n","protected":false},"excerpt":{"rendered":"<p>K\u00f6ksredskap fr\u00e5n CLASSIC WORLDs EDU-serie h\u00e5ller i generationer! De \u00e4r tillverkade av rostfritt st\u00e5l, s\u00e5 de kan anv\u00e4ndas b\u00e5de inomhus och utomhus \u2013 n\u00e4r och var du vill! Det perfekta setet f\u00f6r rollspel och lek hemma. Uppt\u00e4ck rollspel, f\u00f6rb\u00e4ttra dina samarbetsf\u00f6rm\u00e5gor och utveckla dina sociala kommunikationsf\u00f6rm\u00e5gor! Egenskaper: * &#8211; leksak f\u00f6r barn \u00f6ver 3 \u00e5r, [&hellip;]<\/p>\n","protected":false},"featured_media":0,"comment_status":"open","ping_status":"closed","template":"","meta":[],"product_brand":[],"product_cat":[33],"product_tag":[],"class_list":{"0":"post-11002","1":"product","2":"type-product","3":"status-publish","5":"product_cat-okategoriserad","7":"first","8":"instock","9":"shipping-taxable","10":"purchasable","11":"product-type-simple"},"_links":{"self":[{"href":"https:\/\/nordicmart.andreevmaster.com\/sv\/wp-json\/wp\/v2\/product\/11002","targetHints":{"allow":["GET"]}}],"collection":[{"href":"https:\/\/nordicmart.andreevmaster.com\/sv\/wp-json\/wp\/v2\/product"}],"about":[{"href":"https:\/\/nordicmart.andreevmaster.com\/sv\/wp-json\/wp\/v2\/types\/product"}],"replies":[{"embeddable":true,"href":"https:\/\/nordicmart.andreevmaster.com\/sv\/wp-json\/wp\/v2\/comments?post=11002"}],"wp:attachment":[{"href":"https:\/\/nordicmart.andreevmaster.com\/sv\/wp-json\/wp\/v2\/media?parent=11002"}],"wp:term":[{"taxonomy":"product_brand","embeddable":true,"href":"https:\/\/nordicmart.andreevmaster.com\/sv\/wp-json\/wp\/v2\/product_brand?post=11002"},{"taxonomy":"product_cat","embeddable":true,"href":"https:\/\/nordicmart.andreevmaster.com\/sv\/wp-json\/wp\/v2\/product_cat?post=11002"},{"taxonomy":"product_tag","embeddable":true,"href":"https:\/\/nordicmart.andreevmaster.com\/sv\/wp-json\/wp\/v2\/product_tag?post=11002"}],"curies":[{"name":"wp","href":"https:\/\/api.w.org\/{rel}","templated":true}]}}