{"id":11001,"date":"2026-02-27T00:09:02","date_gmt":"2026-02-27T00:09:02","guid":{"rendered":"https:\/\/nordicmart.andreevmaster.com\/product\/classic-world-edu-stor-tradiskbank-med-riktigt-vatten\/"},"modified":"2026-02-27T08:04:21","modified_gmt":"2026-02-27T08:04:21","slug":"classic-world-edu-stor-tradiskbank-med-riktigt-vatten","status":"publish","type":"product","link":"https:\/\/nordicmart.andreevmaster.com\/sv\/produkt\/classic-world-edu-stor-tradiskbank-med-riktigt-vatten\/","title":{"rendered":"CLASSIC WORLD EDU Stor tr\u00e4diskb\u00e4nk med riktigt vatten"},"content":{"rendered":"<p>Denna vackra utomhusk\u00f6k i tr\u00e4 fr\u00e5n det v\u00e4lk\u00e4nda tr\u00e4leksaksm\u00e4rket Classic World \u00e4r ett utm\u00e4rkt val f\u00f6r barn som gillar att leka olika vuxenroller som de ser i vardagen. Denna tr\u00e4leksak l\u00e5ter dem leka roller, har en positiv inverkan p\u00e5 deras integration med andra barn genom gemensamt lekande och l\u00e4r dem ansvarstagande. Barnen kan k\u00e4nna sig som riktiga kockar och ha o\u00e4ndligt roligt med att laga mat till hela familjen. Det finns en plats i k\u00f6ket f\u00f6r att ansluta vattenf\u00f6rs\u00f6rjningen; placera bara en plastbeh\u00e5llare d\u00e4r s\u00e5 att vattnet har n\u00e5gonstans att rinna ut. <\/p>\n<p>Egenskaper: <\/p>\n<p>* &#8211; Med kvalitet och s\u00e4kerhet i \u00e5tanke \u00e4r leksaken tillverkad av utvalda h\u00f6gkvalitativa material, speciellt utformade f\u00f6r yngre barn.<br \/>\n* &#8211; Leksaken \u00e4r utformad f\u00f6r att vara fri fr\u00e5n vassa kanter eller farliga element.<br \/>\n* &#8211; K\u00f6ket f\u00f6r sm\u00e5 kockar hj\u00e4lper till att utveckla barnet genom att stimulera fantasin och hand-\u00f6ga-koordinationen. Leksaken uppmuntrar till rollspel som imiterar vuxnas beteende och utvecklar sociala f\u00e4rdigheter. Barnen kommer p\u00e5 sina egna roller att spela.<br \/>\n* &#8211; Ett s\u00e5 s\u00f6tt k\u00f6k kommer att se bra ut i tr\u00e4dg\u00e5rden.<br \/>\n* &#8211; Kan anslutas till rinnande vatten. <\/p>\n<p>Satsen inneh\u00e5ller: <\/p>\n<p>* &#8211; diskho med kran,<br \/>\n* &#8211; kastruller + k\u00f6ksredskap,<br \/>\n* &#8211; durkslag,<br \/>\n* &#8211; kastrull,<br \/>\n* &#8211; soppsked.<\/p>\n<p>Leksaken utvecklar:<\/p>\n<p>* &#8211; kreativitet,<br \/>\n* &#8211; hand-\u00f6ga-koordination,<br \/>\n* &#8211; fantasi,<br \/>\n* &#8211; sociala f\u00e4rdigheter,<br \/>\n* &#8211; manuella f\u00e4rdigheter,<br \/>\n* &#8211; nyfikenhet.<\/p>\n<p>Impregnerat furuvirke har anv\u00e4nts f\u00f6r att s\u00e4kerst\u00e4lla b\u00e4sta m\u00f6jliga egenskaper i en utomhusmilj\u00f6. Tack vare impregneringen \u00e4r tr\u00e4et motst\u00e5ndskraftigt mot v\u00e4derf\u00f6rh\u00e5llanden, vilket garanterar dess h\u00e5llbarhet och estetiska utseende under m\u00e5nga \u00e5r. Denna l\u00f6sning skiljer produkten fr\u00e5n l\u00f6sningar som anv\u00e4nds i konkurrerande produkter.<\/p>\n<p>Eko-leksaker \u00e4r designade f\u00f6r de yngsta barnen och \u00e4r tillverkade av helt naturliga, biologiskt nedbrytbara och allergiv\u00e4nliga material, vilket g\u00f6r dem 100 % s\u00e4kra och ofarliga, inte bara f\u00f6r milj\u00f6n utan ocks\u00e5 f\u00f6r ditt barn.<\/p>\n","protected":false},"excerpt":{"rendered":"<p>Denna vackra utomhusk\u00f6k i tr\u00e4 fr\u00e5n det v\u00e4lk\u00e4nda tr\u00e4leksaksm\u00e4rket Classic World \u00e4r ett utm\u00e4rkt val f\u00f6r barn som gillar att leka olika vuxenroller som de ser i vardagen. Denna tr\u00e4leksak l\u00e5ter dem leka roller, har en positiv inverkan p\u00e5 deras integration med andra barn genom gemensamt lekande och l\u00e4r dem ansvarstagande. Barnen kan k\u00e4nna sig [&hellip;]<\/p>\n","protected":false},"featured_media":0,"comment_status":"open","ping_status":"closed","template":"","meta":[],"product_brand":[],"product_cat":[33],"product_tag":[],"class_list":{"0":"post-11001","1":"product","2":"type-product","3":"status-publish","5":"product_cat-okategoriserad","7":"first","8":"instock","9":"shipping-taxable","10":"purchasable","11":"product-type-simple"},"_links":{"self":[{"href":"https:\/\/nordicmart.andreevmaster.com\/sv\/wp-json\/wp\/v2\/product\/11001","targetHints":{"allow":["GET"]}}],"collection":[{"href":"https:\/\/nordicmart.andreevmaster.com\/sv\/wp-json\/wp\/v2\/product"}],"about":[{"href":"https:\/\/nordicmart.andreevmaster.com\/sv\/wp-json\/wp\/v2\/types\/product"}],"replies":[{"embeddable":true,"href":"https:\/\/nordicmart.andreevmaster.com\/sv\/wp-json\/wp\/v2\/comments?post=11001"}],"wp:attachment":[{"href":"https:\/\/nordicmart.andreevmaster.com\/sv\/wp-json\/wp\/v2\/media?parent=11001"}],"wp:term":[{"taxonomy":"product_brand","embeddable":true,"href":"https:\/\/nordicmart.andreevmaster.com\/sv\/wp-json\/wp\/v2\/product_brand?post=11001"},{"taxonomy":"product_cat","embeddable":true,"href":"https:\/\/nordicmart.andreevmaster.com\/sv\/wp-json\/wp\/v2\/product_cat?post=11001"},{"taxonomy":"product_tag","embeddable":true,"href":"https:\/\/nordicmart.andreevmaster.com\/sv\/wp-json\/wp\/v2\/product_tag?post=11001"}],"curies":[{"name":"wp","href":"https:\/\/api.w.org\/{rel}","templated":true}]}}