{"id":11000,"date":"2026-02-27T00:09:02","date_gmt":"2026-02-27T00:09:02","guid":{"rendered":"https:\/\/nordicmart.andreevmaster.com\/product\/classic-world-edu-traskap-for-koksredskap-lekplats\/"},"modified":"2026-02-27T08:04:21","modified_gmt":"2026-02-27T08:04:21","slug":"classic-world-edu-traskap-for-koksredskap-lekplats","status":"publish","type":"product","link":"https:\/\/nordicmart.andreevmaster.com\/sv\/produkt\/classic-world-edu-traskap-for-koksredskap-lekplats\/","title":{"rendered":"CLASSIC WORLD EDU Tr\u00e4sk\u00e5p f\u00f6r k\u00f6ksredskap Lekplats"},"content":{"rendered":"<p>Det utomhusk\u00f6kssk\u00e5pet i tr\u00e4 fr\u00e5n CLASSIC WORLD:s EDU-serie ger barn en underbar upplevelse av att leka kock eller f\u00f6r\u00e4lder som lagar mat i k\u00f6ket! Dessutom kan barnen utveckla sina sociala och kommunikativa f\u00e4rdigheter genom att \u00f6va i en verklig k\u00f6ksmilj\u00f6. Sk\u00e5pet \u00e4r ett perfekt tillbeh\u00f6r och komplement till tillbeh\u00f6r och k\u00f6k fr\u00e5n samma serie. Produkten \u00e4r tillverkad av material av h\u00f6gsta kvalitet!<\/p>\n<p>Egenskaper:<\/p>\n<p>* &#8211; leksak f\u00f6r barn fr\u00e5n 3 \u00e5r<br \/>\n* &#8211; fr\u00e5n den speciella EDU-serien<br \/>\n* &#8211; vi rekommenderar att du k\u00f6per k\u00f6ksredskap fr\u00e5n samma serie (CW70059)<br \/>\n* &#8211; b\u00e4nkskivan \u00e4r det perfekta komplementet till k\u00f6ket (CW54587) och diskb\u00e4nken (CW70013)<br \/>\n* &#8211; tillverkad av material av h\u00f6gsta kvalitet!<\/p>\n<p>Inga tillbeh\u00f6r ing\u00e5r \u2013 vi rekommenderar att du k\u00f6per k\u00f6ksutrustning (CW70059)<\/p>\n<p>Leksaken utvecklar:<\/p>\n<p>* &#8211; kommunikations- och samarbetsf\u00f6rm\u00e5ga<br \/>\n* &#8211; mod och sj\u00e4lvf\u00f6rtroende<\/p>\n<p>Eko-leksaker \u00e4r designade f\u00f6r de yngsta barnen och \u00e4r tillverkade av helt naturliga, biologiskt nedbrytbara och allergiv\u00e4nliga material, vilket g\u00f6r dem 100 % s\u00e4kra och ofarliga, inte bara f\u00f6r milj\u00f6n utan ocks\u00e5 f\u00f6r ditt barn.<\/p>\n","protected":false},"excerpt":{"rendered":"<p>Det utomhusk\u00f6kssk\u00e5pet i tr\u00e4 fr\u00e5n CLASSIC WORLD:s EDU-serie ger barn en underbar upplevelse av att leka kock eller f\u00f6r\u00e4lder som lagar mat i k\u00f6ket! Dessutom kan barnen utveckla sina sociala och kommunikativa f\u00e4rdigheter genom att \u00f6va i en verklig k\u00f6ksmilj\u00f6. Sk\u00e5pet \u00e4r ett perfekt tillbeh\u00f6r och komplement till tillbeh\u00f6r och k\u00f6k fr\u00e5n samma serie. Produkten [&hellip;]<\/p>\n","protected":false},"featured_media":0,"comment_status":"open","ping_status":"closed","template":"","meta":[],"product_brand":[],"product_cat":[33],"product_tag":[],"class_list":{"0":"post-11000","1":"product","2":"type-product","3":"status-publish","5":"product_cat-okategoriserad","7":"first","8":"instock","9":"shipping-taxable","10":"purchasable","11":"product-type-simple"},"_links":{"self":[{"href":"https:\/\/nordicmart.andreevmaster.com\/sv\/wp-json\/wp\/v2\/product\/11000","targetHints":{"allow":["GET"]}}],"collection":[{"href":"https:\/\/nordicmart.andreevmaster.com\/sv\/wp-json\/wp\/v2\/product"}],"about":[{"href":"https:\/\/nordicmart.andreevmaster.com\/sv\/wp-json\/wp\/v2\/types\/product"}],"replies":[{"embeddable":true,"href":"https:\/\/nordicmart.andreevmaster.com\/sv\/wp-json\/wp\/v2\/comments?post=11000"}],"wp:attachment":[{"href":"https:\/\/nordicmart.andreevmaster.com\/sv\/wp-json\/wp\/v2\/media?parent=11000"}],"wp:term":[{"taxonomy":"product_brand","embeddable":true,"href":"https:\/\/nordicmart.andreevmaster.com\/sv\/wp-json\/wp\/v2\/product_brand?post=11000"},{"taxonomy":"product_cat","embeddable":true,"href":"https:\/\/nordicmart.andreevmaster.com\/sv\/wp-json\/wp\/v2\/product_cat?post=11000"},{"taxonomy":"product_tag","embeddable":true,"href":"https:\/\/nordicmart.andreevmaster.com\/sv\/wp-json\/wp\/v2\/product_tag?post=11000"}],"curies":[{"name":"wp","href":"https:\/\/api.w.org\/{rel}","templated":true}]}}