{"id":10999,"date":"2026-02-27T00:09:02","date_gmt":"2026-02-27T00:09:02","guid":{"rendered":"https:\/\/nordicmart.andreevmaster.com\/product\/classic-world-edu-pedagogiskt-tradgardsbord-6-funktioner-leka-med-sand-vatska-och-stenar\/"},"modified":"2026-02-27T08:04:21","modified_gmt":"2026-02-27T08:04:21","slug":"classic-world-edu-pedagogiskt-tradgardsbord-6-funktioner-leka-med-sand-vatska-och-stenar","status":"publish","type":"product","link":"https:\/\/nordicmart.andreevmaster.com\/sv\/produkt\/classic-world-edu-pedagogiskt-tradgardsbord-6-funktioner-leka-med-sand-vatska-och-stenar\/","title":{"rendered":"CLASSIC WORLD EDU Pedagogiskt tr\u00e4dg\u00e5rdsbord 6 funktioner Leka med sand, v\u00e4tska och stenar"},"content":{"rendered":"<p>Classic World Educational Garden Table har 6 funktioner som utvecklar ditt barns t\u00e4nkande! Denna enhet med 6 fack \u00e4r idealisk f\u00f6r gruppspel. Den inkluderar ett n\u00e4t, en tratt och en balja. Barn kan experimentera med v\u00e4tskor, sand och stenar. Det perfekta setet f\u00f6r barn att utveckla motorik, kreativitet och kognitiva f\u00f6rm\u00e5gor samtidigt som de utforskar olika material.<\/p>\n<p>Egenskaper:<\/p>\n<p>* &#8211; har 6 plattor med funktioner &#8211; f\u00f6r lek med sand, v\u00e4tskor och stenar, inklusive ett n\u00e4t, en tratt och en balja<br \/>\n* &#8211; utformad f\u00f6r 1-4 personer,<br \/>\n* &#8211; perfekt f\u00f6r lek i tr\u00e4dg\u00e5rden,<br \/>\n* &#8211; l\u00e4mplig f\u00f6r f\u00f6rskolor och privat bruk,<br \/>\n* &#8211; tillverkad av material av h\u00f6gsta kvalitet.<\/p>\n<p>Leksaken utvecklar:<\/p>\n<p>* &#8211; motoriska f\u00e4rdigheter,<br \/>\n* &#8211; kreativitet,<br \/>\n* &#8211; kognitiva f\u00e4rdigheter.<\/p>\n<p>Impregnerat furuvirke har anv\u00e4nts f\u00f6r att s\u00e4kerst\u00e4lla b\u00e4sta m\u00f6jliga egenskaper i en utomhusmilj\u00f6. Tack vare impregneringen \u00e4r tr\u00e4et motst\u00e5ndskraftigt mot v\u00e4derf\u00f6rh\u00e5llanden, vilket garanterar dess l\u00e5nga livsl\u00e4ngd och estetiska utseende under m\u00e5nga \u00e5r. Denna l\u00f6sning skiljer produkten fr\u00e5n l\u00f6sningar som anv\u00e4nds i konkurrerande produkter.<\/p>\n<p>Eko-leksaker \u00e4r designade f\u00f6r de yngsta barnen och \u00e4r tillverkade av helt naturliga, biologiskt nedbrytbara och allergiv\u00e4nliga material, vilket g\u00f6r dem 100 % s\u00e4kra och ofarliga, inte bara f\u00f6r milj\u00f6n utan ocks\u00e5 f\u00f6r ditt barn.<\/p>\n","protected":false},"excerpt":{"rendered":"<p>Classic World Educational Garden Table har 6 funktioner som utvecklar ditt barns t\u00e4nkande! Denna enhet med 6 fack \u00e4r idealisk f\u00f6r gruppspel. Den inkluderar ett n\u00e4t, en tratt och en balja. Barn kan experimentera med v\u00e4tskor, sand och stenar. Det perfekta setet f\u00f6r barn att utveckla motorik, kreativitet och kognitiva f\u00f6rm\u00e5gor samtidigt som de utforskar [&hellip;]<\/p>\n","protected":false},"featured_media":0,"comment_status":"open","ping_status":"closed","template":"","meta":[],"product_brand":[],"product_cat":[33],"product_tag":[],"class_list":{"0":"post-10999","1":"product","2":"type-product","3":"status-publish","5":"product_cat-okategoriserad","7":"first","8":"instock","9":"shipping-taxable","10":"purchasable","11":"product-type-simple"},"_links":{"self":[{"href":"https:\/\/nordicmart.andreevmaster.com\/sv\/wp-json\/wp\/v2\/product\/10999","targetHints":{"allow":["GET"]}}],"collection":[{"href":"https:\/\/nordicmart.andreevmaster.com\/sv\/wp-json\/wp\/v2\/product"}],"about":[{"href":"https:\/\/nordicmart.andreevmaster.com\/sv\/wp-json\/wp\/v2\/types\/product"}],"replies":[{"embeddable":true,"href":"https:\/\/nordicmart.andreevmaster.com\/sv\/wp-json\/wp\/v2\/comments?post=10999"}],"wp:attachment":[{"href":"https:\/\/nordicmart.andreevmaster.com\/sv\/wp-json\/wp\/v2\/media?parent=10999"}],"wp:term":[{"taxonomy":"product_brand","embeddable":true,"href":"https:\/\/nordicmart.andreevmaster.com\/sv\/wp-json\/wp\/v2\/product_brand?post=10999"},{"taxonomy":"product_cat","embeddable":true,"href":"https:\/\/nordicmart.andreevmaster.com\/sv\/wp-json\/wp\/v2\/product_cat?post=10999"},{"taxonomy":"product_tag","embeddable":true,"href":"https:\/\/nordicmart.andreevmaster.com\/sv\/wp-json\/wp\/v2\/product_tag?post=10999"}],"curies":[{"name":"wp","href":"https:\/\/api.w.org\/{rel}","templated":true}]}}