{"id":10998,"date":"2026-02-27T00:09:02","date_gmt":"2026-02-27T00:09:02","guid":{"rendered":"https:\/\/nordicmart.andreevmaster.com\/product\/classic-world-edu-trasandlada-med-tak\/"},"modified":"2026-02-27T08:04:21","modified_gmt":"2026-02-27T08:04:21","slug":"classic-world-edu-trasandlada-med-tak","status":"publish","type":"product","link":"https:\/\/nordicmart.andreevmaster.com\/sv\/produkt\/classic-world-edu-trasandlada-med-tak\/","title":{"rendered":"CLASSIC WORLD EDU Tr\u00e4sandl\u00e5da med tak"},"content":{"rendered":"<p>Sandl\u00e5dan i tr\u00e4 med tak fr\u00e5n CLASSIC WORLD:s EDU-serie \u00e4r en plats d\u00e4r barn kan experimentera och utforska. Den \u00e4r utformad f\u00f6r att barn ska kunna sitta och gr\u00e4va i sanden och har ett tak som skyddar dem fr\u00e5n sol och regn. Sandl\u00e5dan kan f\u00f6rvandlas till en fantastisk byggarbetsplats d\u00e4r barnen kan experimentera med olika material \u2013 det \u00e4r ett perfekt s\u00e4tt att utveckla deras motoriska f\u00e4rdigheter, och genom att leka tillsammans utvecklar de sina kommunikationsf\u00e4rdigheter och framf\u00f6r allt sin f\u00f6rm\u00e5ga att samarbeta!<\/p>\n<p>Egenskaper:<\/p>\n<p>* &#8211; leksak f\u00f6r barn fr\u00e5n 3 \u00e5r,<br \/>\n* &#8211; fr\u00e5n den speciella EDU-serien,<br \/>\n* &#8211; utrustad med ett visir \u2013 skyddar barnen fr\u00e5n sol och regn,<br \/>\n* &#8211; tillverkad av material av h\u00f6gsta kvalitet!<\/p>\n<p>Leksaken utvecklar:<\/p>\n<p>* &#8211; motoriska f\u00e4rdigheter,<br \/>\n* &#8211; kommunikations- och samarbetsf\u00f6rm\u00e5ga,<br \/>\n* &#8211; fantasi och kreativitet.<\/p>\n<p>Impregnerat furuvirke har anv\u00e4nts f\u00f6r att s\u00e4kerst\u00e4lla b\u00e4sta m\u00f6jliga egenskaper i en utomhusmilj\u00f6. Tack vare impregneringen \u00e4r tr\u00e4et v\u00e4derbest\u00e4ndigt, vilket garanterar dess l\u00e5nga livsl\u00e4ngd och estetiska utseende under m\u00e5nga \u00e5r. Denna l\u00f6sning skiljer produkten fr\u00e5n l\u00f6sningar som anv\u00e4nds i konkurrerande produkter.<\/p>\n<p>Eko-leksaker \u00e4r designade f\u00f6r de yngsta barnen och \u00e4r tillverkade av helt naturliga, biologiskt nedbrytbara och allergiv\u00e4nliga material, vilket g\u00f6r dem 100 % s\u00e4kra och ofarliga, inte bara f\u00f6r milj\u00f6n utan ocks\u00e5 f\u00f6r ditt barn.<\/p>\n","protected":false},"excerpt":{"rendered":"<p>Sandl\u00e5dan i tr\u00e4 med tak fr\u00e5n CLASSIC WORLD:s EDU-serie \u00e4r en plats d\u00e4r barn kan experimentera och utforska. Den \u00e4r utformad f\u00f6r att barn ska kunna sitta och gr\u00e4va i sanden och har ett tak som skyddar dem fr\u00e5n sol och regn. Sandl\u00e5dan kan f\u00f6rvandlas till en fantastisk byggarbetsplats d\u00e4r barnen kan experimentera med olika [&hellip;]<\/p>\n","protected":false},"featured_media":0,"comment_status":"open","ping_status":"closed","template":"","meta":[],"product_brand":[],"product_cat":[33],"product_tag":[],"class_list":{"0":"post-10998","1":"product","2":"type-product","3":"status-publish","5":"product_cat-okategoriserad","7":"first","8":"instock","9":"shipping-taxable","10":"purchasable","11":"product-type-simple"},"_links":{"self":[{"href":"https:\/\/nordicmart.andreevmaster.com\/sv\/wp-json\/wp\/v2\/product\/10998","targetHints":{"allow":["GET"]}}],"collection":[{"href":"https:\/\/nordicmart.andreevmaster.com\/sv\/wp-json\/wp\/v2\/product"}],"about":[{"href":"https:\/\/nordicmart.andreevmaster.com\/sv\/wp-json\/wp\/v2\/types\/product"}],"replies":[{"embeddable":true,"href":"https:\/\/nordicmart.andreevmaster.com\/sv\/wp-json\/wp\/v2\/comments?post=10998"}],"wp:attachment":[{"href":"https:\/\/nordicmart.andreevmaster.com\/sv\/wp-json\/wp\/v2\/media?parent=10998"}],"wp:term":[{"taxonomy":"product_brand","embeddable":true,"href":"https:\/\/nordicmart.andreevmaster.com\/sv\/wp-json\/wp\/v2\/product_brand?post=10998"},{"taxonomy":"product_cat","embeddable":true,"href":"https:\/\/nordicmart.andreevmaster.com\/sv\/wp-json\/wp\/v2\/product_cat?post=10998"},{"taxonomy":"product_tag","embeddable":true,"href":"https:\/\/nordicmart.andreevmaster.com\/sv\/wp-json\/wp\/v2\/product_tag?post=10998"}],"curies":[{"name":"wp","href":"https:\/\/api.w.org\/{rel}","templated":true}]}}