{"id":10997,"date":"2026-02-27T00:09:02","date_gmt":"2026-02-27T00:09:02","guid":{"rendered":"https:\/\/nordicmart.andreevmaster.com\/product\/classic-world-edu-pedagogiskt-experimentkit-for-observation-av-fiskar-och-vaxter\/"},"modified":"2026-02-27T08:04:21","modified_gmt":"2026-02-27T08:04:21","slug":"classic-world-edu-pedagogiskt-experimentkit-for-observation-av-fiskar-och-vaxter","status":"publish","type":"product","link":"https:\/\/nordicmart.andreevmaster.com\/sv\/produkt\/classic-world-edu-pedagogiskt-experimentkit-for-observation-av-fiskar-och-vaxter\/","title":{"rendered":"CLASSIC WORLD EDU Pedagogiskt experimentkit f\u00f6r observation av fiskar och v\u00e4xter"},"content":{"rendered":"<p>En tr\u00e4skiva f\u00f6r att observera vattenv\u00e4xter och fiskar f\u00f6r alla blivande sm\u00e5 konstn\u00e4rer. Denna skiva fr\u00e5n det v\u00e4lk\u00e4nda varum\u00e4rket Classic World \u00e4r den perfekta presenten. Idealisk f\u00f6r att f\u00f6rb\u00e4ttra motoriska f\u00e4rdigheter, \u00f6va p\u00e5 att rita, m\u00e5la och skriva bokst\u00e4ver. Den utvecklar motoriska f\u00e4rdigheter och f\u00f6rb\u00e4ttrar barns kreativitet. Den robusta tr\u00e4konstruktionen garanterar en l\u00e4ngre livsl\u00e4ngd. Br\u00e4dan har en dubbelsidig glasruta, som inte bara g\u00f6r det m\u00f6jligt att m\u00e5la p\u00e5 b\u00e5da sidor, utan ocks\u00e5 att observera insidan av akvariet p\u00e5 n\u00e4ra h\u00e5ll. <\/p>\n<p>Egenskaper: <\/p>\n<p>* &#8211; Produkt f\u00f6r barn fr\u00e5n 3 \u00e5r<br \/>\n* &#8211; Robust tr\u00e4konstruktion<br \/>\n* &#8211; Perfekt f\u00f6r lek i tr\u00e4dg\u00e5rden<br \/>\n* &#8211; L\u00e4mplig f\u00f6r f\u00f6rskolor och privat bruk<br \/>\n* &#8211; Material av h\u00f6gsta kvalitet<\/p>\n<p>Leksaken utvecklar:<\/p>\n<p>* &#8211; motoriska f\u00e4rdigheter<br \/>\n* &#8211; kreativitet<br \/>\n* &#8211; skrivf\u00f6rm\u00e5ga<br \/>\n* &#8211; konstn\u00e4rliga f\u00e4rdigheter<\/p>\n<p>Eko-leksaker \u00e4r designade f\u00f6r de yngsta barnen och \u00e4r tillverkade av helt naturliga, biologiskt nedbrytbara och allergiv\u00e4nliga material, vilket g\u00f6r dem 100 % s\u00e4kra och ofarliga, inte bara f\u00f6r milj\u00f6n utan ocks\u00e5 f\u00f6r ditt barn.<\/p>\n","protected":false},"excerpt":{"rendered":"<p>En tr\u00e4skiva f\u00f6r att observera vattenv\u00e4xter och fiskar f\u00f6r alla blivande sm\u00e5 konstn\u00e4rer. Denna skiva fr\u00e5n det v\u00e4lk\u00e4nda varum\u00e4rket Classic World \u00e4r den perfekta presenten. Idealisk f\u00f6r att f\u00f6rb\u00e4ttra motoriska f\u00e4rdigheter, \u00f6va p\u00e5 att rita, m\u00e5la och skriva bokst\u00e4ver. Den utvecklar motoriska f\u00e4rdigheter och f\u00f6rb\u00e4ttrar barns kreativitet. Den robusta tr\u00e4konstruktionen garanterar en l\u00e4ngre livsl\u00e4ngd. Br\u00e4dan [&hellip;]<\/p>\n","protected":false},"featured_media":0,"comment_status":"open","ping_status":"closed","template":"","meta":[],"product_brand":[],"product_cat":[33],"product_tag":[],"class_list":{"0":"post-10997","1":"product","2":"type-product","3":"status-publish","5":"product_cat-okategoriserad","7":"first","8":"instock","9":"shipping-taxable","10":"purchasable","11":"product-type-simple"},"_links":{"self":[{"href":"https:\/\/nordicmart.andreevmaster.com\/sv\/wp-json\/wp\/v2\/product\/10997","targetHints":{"allow":["GET"]}}],"collection":[{"href":"https:\/\/nordicmart.andreevmaster.com\/sv\/wp-json\/wp\/v2\/product"}],"about":[{"href":"https:\/\/nordicmart.andreevmaster.com\/sv\/wp-json\/wp\/v2\/types\/product"}],"replies":[{"embeddable":true,"href":"https:\/\/nordicmart.andreevmaster.com\/sv\/wp-json\/wp\/v2\/comments?post=10997"}],"wp:attachment":[{"href":"https:\/\/nordicmart.andreevmaster.com\/sv\/wp-json\/wp\/v2\/media?parent=10997"}],"wp:term":[{"taxonomy":"product_brand","embeddable":true,"href":"https:\/\/nordicmart.andreevmaster.com\/sv\/wp-json\/wp\/v2\/product_brand?post=10997"},{"taxonomy":"product_cat","embeddable":true,"href":"https:\/\/nordicmart.andreevmaster.com\/sv\/wp-json\/wp\/v2\/product_cat?post=10997"},{"taxonomy":"product_tag","embeddable":true,"href":"https:\/\/nordicmart.andreevmaster.com\/sv\/wp-json\/wp\/v2\/product_tag?post=10997"}],"curies":[{"name":"wp","href":"https:\/\/api.w.org\/{rel}","templated":true}]}}