{"id":10994,"date":"2026-02-27T00:09:01","date_gmt":"2026-02-27T00:09:01","guid":{"rendered":"https:\/\/nordicmart.andreevmaster.com\/product\/classic-world-edu-stort-trakok-med-baldakin-tillbehor\/"},"modified":"2026-02-27T08:04:20","modified_gmt":"2026-02-27T08:04:20","slug":"classic-world-edu-stort-trakok-med-baldakin-tillbehor","status":"publish","type":"product","link":"https:\/\/nordicmart.andreevmaster.com\/sv\/produkt\/classic-world-edu-stort-trakok-med-baldakin-tillbehor\/","title":{"rendered":"CLASSIC WORLD EDU Stort tr\u00e4k\u00f6k med baldakin + tillbeh\u00f6r"},"content":{"rendered":"<p>Detta vackra tr\u00e4k\u00f6k f\u00f6r utomhusbruk fr\u00e5n det v\u00e4lk\u00e4nda leksaksm\u00e4rket Classic World \u00e4r ett utm\u00e4rkt val f\u00f6r barn som gillar att leka olika vuxenroller som de ser i vardagen. Barnen kommer att k\u00e4nna sig som riktiga kockar och ha o\u00e4ndligt roligt med att laga mat till hela familjen. K\u00f6ket kan anv\u00e4ndas b\u00e5de hemma och i tr\u00e4dg\u00e5rden. Master Chef Junior finns inte l\u00e4ngre bara p\u00e5 TV!<\/p>\n<p>Egenskaper:<\/p>\n<p>* &#8211; Med kvalitet och s\u00e4kerhet i \u00e5tanke \u00e4r leksaken tillverkad av utvalda h\u00f6gkvalitativa material, speciellt utformade f\u00f6r yngre barn.<br \/>\n* &#8211; Leksaken \u00e4r utformad f\u00f6r att vara fri fr\u00e5n vassa kanter eller farliga element.<br \/>\n* &#8211; K\u00f6ket f\u00f6r sm\u00e5 kockar hj\u00e4lper till att utveckla barnet genom att stimulera dess fantasi och hand-\u00f6ga-koordination. Leksaken uppmuntrar till rollspel som imiterar vuxnas beteende och utvecklar sociala f\u00e4rdigheter. Barnen kommer p\u00e5 sina egna roller att spela.<br \/>\n* &#8211; Ett s\u00e5 s\u00f6tt k\u00f6k blir ett utm\u00e4rkt tillskott till din tr\u00e4dg\u00e5rd eller ditt hem. <\/p>\n<p>Satsen inneh\u00e5ller: <\/p>\n<p>* &#8211; Imitationsugn med vred f\u00f6r att st\u00e4lla in temperaturen + tavla<br \/>\n* &#8211; K\u00f6ksredskap (t.ex. stekspade, soppsked)<br \/>\n* &#8211; Diskho<br \/>\n* &#8211; Kastruller<br \/>\n* &#8211; Stekpannor<\/p>\n<p>Leksaken utvecklar:<\/p>\n<p>* &#8211; kreativitet,<br \/>\n* &#8211; hand-\u00f6ga-koordination,<br \/>\n* &#8211; fantasi,<br \/>\n* &#8211; sociala f\u00e4rdigheter,<br \/>\n* &#8211; manuella f\u00e4rdigheter,<br \/>\n* &#8211; nyfikenhet.<\/p>\n<p>Eko-leksaker \u00e4r designade f\u00f6r de yngsta barnen och \u00e4r tillverkade av helt naturliga, biologiskt nedbrytbara och allergiv\u00e4nliga material, vilket g\u00f6r dem 100 % s\u00e4kra och ofarliga, inte bara f\u00f6r milj\u00f6n utan ocks\u00e5 f\u00f6r ditt barn.<\/p>\n<p>Impregnerat furuvirke anv\u00e4nds f\u00f6r att s\u00e4kerst\u00e4lla de b\u00e4sta egenskaperna i en utomhusmilj\u00f6. Tack vare impregneringen \u00e4r tr\u00e4et motst\u00e5ndskraftigt mot v\u00e4derf\u00f6rh\u00e5llanden, vilket garanterar dess h\u00e5llbarhet och estetiska utseende under m\u00e5nga \u00e5r. Denna l\u00f6sning skiljer produkten fr\u00e5n l\u00f6sningar som anv\u00e4nds i konkurrerande produkter.<\/p>\n","protected":false},"excerpt":{"rendered":"<p>Detta vackra tr\u00e4k\u00f6k f\u00f6r utomhusbruk fr\u00e5n det v\u00e4lk\u00e4nda leksaksm\u00e4rket Classic World \u00e4r ett utm\u00e4rkt val f\u00f6r barn som gillar att leka olika vuxenroller som de ser i vardagen. Barnen kommer att k\u00e4nna sig som riktiga kockar och ha o\u00e4ndligt roligt med att laga mat till hela familjen. K\u00f6ket kan anv\u00e4ndas b\u00e5de hemma och i tr\u00e4dg\u00e5rden. [&hellip;]<\/p>\n","protected":false},"featured_media":0,"comment_status":"open","ping_status":"closed","template":"","meta":[],"product_brand":[],"product_cat":[33],"product_tag":[],"class_list":{"0":"post-10994","1":"product","2":"type-product","3":"status-publish","5":"product_cat-okategoriserad","7":"first","8":"instock","9":"shipping-taxable","10":"purchasable","11":"product-type-simple"},"_links":{"self":[{"href":"https:\/\/nordicmart.andreevmaster.com\/sv\/wp-json\/wp\/v2\/product\/10994","targetHints":{"allow":["GET"]}}],"collection":[{"href":"https:\/\/nordicmart.andreevmaster.com\/sv\/wp-json\/wp\/v2\/product"}],"about":[{"href":"https:\/\/nordicmart.andreevmaster.com\/sv\/wp-json\/wp\/v2\/types\/product"}],"replies":[{"embeddable":true,"href":"https:\/\/nordicmart.andreevmaster.com\/sv\/wp-json\/wp\/v2\/comments?post=10994"}],"wp:attachment":[{"href":"https:\/\/nordicmart.andreevmaster.com\/sv\/wp-json\/wp\/v2\/media?parent=10994"}],"wp:term":[{"taxonomy":"product_brand","embeddable":true,"href":"https:\/\/nordicmart.andreevmaster.com\/sv\/wp-json\/wp\/v2\/product_brand?post=10994"},{"taxonomy":"product_cat","embeddable":true,"href":"https:\/\/nordicmart.andreevmaster.com\/sv\/wp-json\/wp\/v2\/product_cat?post=10994"},{"taxonomy":"product_tag","embeddable":true,"href":"https:\/\/nordicmart.andreevmaster.com\/sv\/wp-json\/wp\/v2\/product_tag?post=10994"}],"curies":[{"name":"wp","href":"https:\/\/api.w.org\/{rel}","templated":true}]}}