{"id":10993,"date":"2026-02-27T00:09:01","date_gmt":"2026-02-27T00:09:01","guid":{"rendered":"https:\/\/nordicmart.andreevmaster.com\/product\/classic-world-stort-piano-for-barn-med-stol-och-larobok\/"},"modified":"2026-02-27T08:04:20","modified_gmt":"2026-02-27T08:04:20","slug":"classic-world-stort-piano-for-barn-med-stol-och-larobok","status":"publish","type":"product","link":"https:\/\/nordicmart.andreevmaster.com\/sv\/produkt\/classic-world-stort-piano-for-barn-med-stol-och-larobok\/","title":{"rendered":"CLASSIC WORLD Stort piano f\u00f6r barn med stol och l\u00e4robok"},"content":{"rendered":"<p>Att l\u00e4ra sig spela piano med Classic World \u00e4r roligt och hj\u00e4lper till att utveckla talang. Leksakerna \u00e4r modellerade efter riktiga instrument, vilket g\u00f6r sm\u00e5 artister mer ivriga att b\u00f6rja l\u00e4ra sig. Att spela instrument har en positiv inverkan p\u00e5 barns utveckling genom exponering f\u00f6r musik.<\/p>\n<p>Funktioner:<\/p>\n<p>* &#8211; Leksak f\u00f6r barn fr\u00e5n 3 \u00e5r.<br \/>\n* &#8211; Tillverkad av naturligt tr\u00e4.* &#8211; Fantastisk design.<br \/>\n* &#8211; Handgjord.<br \/>\n* &#8211; Hj\u00e4lper till att utveckla ditt barns musikaliska talang.<br \/>\n* &#8211; Elegant f\u00f6rpackning \u2013 perfekt som present.<\/p>\n<p>Ing\u00e5r:<\/p>\n<p>* &#8211; piano,<br \/>\n* &#8211; pall,<br \/>\n* &#8211; notst\u00e4ll,<br \/>\n* &#8211; notbok.<\/p>\n<p>* &#8211; h\u00f6rsel,<br \/>\n* &#8211; fantasi,<br \/>\n* &#8211; kognitiva f\u00f6rm\u00e5gor,<br \/>\n* &#8211; k\u00e4nsel,<br \/>\n* &#8211; k\u00e4nslighet f\u00f6r musik<\/p>\n","protected":false},"excerpt":{"rendered":"<p>Att l\u00e4ra sig spela piano med Classic World \u00e4r roligt och hj\u00e4lper till att utveckla talang. Leksakerna \u00e4r modellerade efter riktiga instrument, vilket g\u00f6r sm\u00e5 artister mer ivriga att b\u00f6rja l\u00e4ra sig. Att spela instrument har en positiv inverkan p\u00e5 barns utveckling genom exponering f\u00f6r musik. Funktioner: * &#8211; Leksak f\u00f6r barn fr\u00e5n 3 \u00e5r. [&hellip;]<\/p>\n","protected":false},"featured_media":0,"comment_status":"open","ping_status":"closed","template":"","meta":[],"product_brand":[],"product_cat":[33],"product_tag":[],"class_list":{"0":"post-10993","1":"product","2":"type-product","3":"status-publish","5":"product_cat-okategoriserad","7":"first","8":"instock","9":"shipping-taxable","10":"purchasable","11":"product-type-simple"},"_links":{"self":[{"href":"https:\/\/nordicmart.andreevmaster.com\/sv\/wp-json\/wp\/v2\/product\/10993","targetHints":{"allow":["GET"]}}],"collection":[{"href":"https:\/\/nordicmart.andreevmaster.com\/sv\/wp-json\/wp\/v2\/product"}],"about":[{"href":"https:\/\/nordicmart.andreevmaster.com\/sv\/wp-json\/wp\/v2\/types\/product"}],"replies":[{"embeddable":true,"href":"https:\/\/nordicmart.andreevmaster.com\/sv\/wp-json\/wp\/v2\/comments?post=10993"}],"wp:attachment":[{"href":"https:\/\/nordicmart.andreevmaster.com\/sv\/wp-json\/wp\/v2\/media?parent=10993"}],"wp:term":[{"taxonomy":"product_brand","embeddable":true,"href":"https:\/\/nordicmart.andreevmaster.com\/sv\/wp-json\/wp\/v2\/product_brand?post=10993"},{"taxonomy":"product_cat","embeddable":true,"href":"https:\/\/nordicmart.andreevmaster.com\/sv\/wp-json\/wp\/v2\/product_cat?post=10993"},{"taxonomy":"product_tag","embeddable":true,"href":"https:\/\/nordicmart.andreevmaster.com\/sv\/wp-json\/wp\/v2\/product_tag?post=10993"}],"curies":[{"name":"wp","href":"https:\/\/api.w.org\/{rel}","templated":true}]}}