{"id":10992,"date":"2026-02-27T00:09:01","date_gmt":"2026-02-27T00:09:01","guid":{"rendered":"https:\/\/nordicmart.andreevmaster.com\/product\/classic-world-edu-torkstall-for-konstverk-30-nivaer\/"},"modified":"2026-02-27T08:04:20","modified_gmt":"2026-02-27T08:04:20","slug":"classic-world-edu-torkstall-for-konstverk-30-nivaer","status":"publish","type":"product","link":"https:\/\/nordicmart.andreevmaster.com\/sv\/produkt\/classic-world-edu-torkstall-for-konstverk-30-nivaer\/","title":{"rendered":"CLASSIC WORLD EDU Torkst\u00e4ll f\u00f6r konstverk \u2013 30 niv\u00e5er"},"content":{"rendered":"<p>Torkst\u00e4llet f\u00f6r konstverk fr\u00e5n CLASSIC WORLD:s EDU-serie f\u00e5r fram det b\u00e4sta i dina sm\u00e5 konstn\u00e4rers verk! Det flerlagriga torkst\u00e4llet rymmer upp till 30 teckningar (maxstorlek A3). Tack vare l\u00e5smekanismen p\u00e5 hjulen torkar konstverken s\u00e4kert, och tack vare handtaget och de smidiga hjulen \u00e4r det mycket enkelt att flytta torkst\u00e4llet. Ett m\u00e5ste f\u00f6r varje klassrum, rum eller kulturutrymme!<\/p>\n<p>Egenskaper:<\/p>\n<p>* &#8211; leksak f\u00f6r barn fr\u00e5n 12 m\u00e5nader,<br \/>\n* &#8211; fr\u00e5n den speciella EDU-serien,<br \/>\n* &#8211; utrustad med ett bekv\u00e4mt handtag och l\u00e5sbara hjul,<br \/>\n* &#8211; tillverkad av material av h\u00f6gsta kvalitet!<\/p>\n<p>Eco-leksaker \u00e4r designade f\u00f6r de yngsta barnen och \u00e4r tillverkade av helt naturliga, biologiskt nedbrytbara och allergiv\u00e4nliga material, vilket g\u00f6r dem 100 % s\u00e4kra och ofarliga, inte bara f\u00f6r milj\u00f6n utan ocks\u00e5 f\u00f6r ditt barn.<\/p>\n<p>Classic World \u00e4r en renommerad leksakstillverkare. F\u00f6retaget s\u00e4tter ribban h\u00f6gt f\u00f6r andra tillverkare, fr\u00e4mst med sin h\u00f6ga kvalitet p\u00e5 tillverkningen. Vi vet att barn f\u00f6rtj\u00e4nar bara de b\u00e4sta leksakerna. Classic World s\u00e4kerst\u00e4ller detta genom en rigor\u00f6s kvalitetskontroll och produktionsprocess. F\u00f6retaget uppfyller internationella kvalitetsstandarder.<\/p>\n","protected":false},"excerpt":{"rendered":"<p>Torkst\u00e4llet f\u00f6r konstverk fr\u00e5n CLASSIC WORLD:s EDU-serie f\u00e5r fram det b\u00e4sta i dina sm\u00e5 konstn\u00e4rers verk! Det flerlagriga torkst\u00e4llet rymmer upp till 30 teckningar (maxstorlek A3). Tack vare l\u00e5smekanismen p\u00e5 hjulen torkar konstverken s\u00e4kert, och tack vare handtaget och de smidiga hjulen \u00e4r det mycket enkelt att flytta torkst\u00e4llet. Ett m\u00e5ste f\u00f6r varje klassrum, rum [&hellip;]<\/p>\n","protected":false},"featured_media":0,"comment_status":"open","ping_status":"closed","template":"","meta":[],"product_brand":[],"product_cat":[33],"product_tag":[],"class_list":{"0":"post-10992","1":"product","2":"type-product","3":"status-publish","5":"product_cat-okategoriserad","7":"first","8":"instock","9":"shipping-taxable","10":"purchasable","11":"product-type-simple"},"_links":{"self":[{"href":"https:\/\/nordicmart.andreevmaster.com\/sv\/wp-json\/wp\/v2\/product\/10992","targetHints":{"allow":["GET"]}}],"collection":[{"href":"https:\/\/nordicmart.andreevmaster.com\/sv\/wp-json\/wp\/v2\/product"}],"about":[{"href":"https:\/\/nordicmart.andreevmaster.com\/sv\/wp-json\/wp\/v2\/types\/product"}],"replies":[{"embeddable":true,"href":"https:\/\/nordicmart.andreevmaster.com\/sv\/wp-json\/wp\/v2\/comments?post=10992"}],"wp:attachment":[{"href":"https:\/\/nordicmart.andreevmaster.com\/sv\/wp-json\/wp\/v2\/media?parent=10992"}],"wp:term":[{"taxonomy":"product_brand","embeddable":true,"href":"https:\/\/nordicmart.andreevmaster.com\/sv\/wp-json\/wp\/v2\/product_brand?post=10992"},{"taxonomy":"product_cat","embeddable":true,"href":"https:\/\/nordicmart.andreevmaster.com\/sv\/wp-json\/wp\/v2\/product_cat?post=10992"},{"taxonomy":"product_tag","embeddable":true,"href":"https:\/\/nordicmart.andreevmaster.com\/sv\/wp-json\/wp\/v2\/product_tag?post=10992"}],"curies":[{"name":"wp","href":"https:\/\/api.w.org\/{rel}","templated":true}]}}