{"id":10991,"date":"2026-02-27T00:09:00","date_gmt":"2026-02-27T00:09:00","guid":{"rendered":"https:\/\/nordicmart.andreevmaster.com\/product\/classic-world-xxl-multifunktionellt-trakok-med-tvattmaskin-och-tillbehor\/"},"modified":"2026-02-27T08:04:20","modified_gmt":"2026-02-27T08:04:20","slug":"classic-world-xxl-multifunktionellt-trakok-med-tvattmaskin-och-tillbehor","status":"publish","type":"product","link":"https:\/\/nordicmart.andreevmaster.com\/sv\/produkt\/classic-world-xxl-multifunktionellt-trakok-med-tvattmaskin-och-tillbehor\/","title":{"rendered":"CLASSIC WORLD XXL Multifunktionellt Tr\u00e4k\u00f6k med Tv\u00e4ttmaskin och Tillbeh\u00f6r"},"content":{"rendered":"<p>Classic World \u2013 Lekk\u00f6k i Tr\u00e4<\/p>\n<p>Detta stilfulla, multifunktionella k\u00f6k \u00e4r den perfekta platsen f\u00f6r barnens kulin\u00e4riska \u00e4ventyr. Naturliga f\u00e4rger, realistiska detaljer och tillbeh\u00f6r g\u00f6r leken \u00e4nnu mer engagerande. Barn kan agera ut vardagssituationer samtidigt som de utvecklar kreativitet, sj\u00e4lvst\u00e4ndighet och motoriska f\u00e4rdigheter.<\/p>\n<p>Funktioner:<\/p>\n<p>* &#8211; f\u00f6r barn fr\u00e5n 3 \u00e5r och upp\u00e5t<br \/>\n* &#8211; tr\u00e4k\u00f6k f\u00f6r matlagningslek<br \/>\n* &#8211; estetisk, naturlig design i pastellf\u00e4rger<br \/>\n* &#8211; utvecklar fantasi, motoriska f\u00e4rdigheter och sociala f\u00e4rdigheter<br \/>\n* &#8211; h\u00f6g kvalitet med uppm\u00e4rksamhet p\u00e5 detaljer<br \/>\n* &#8211; k\u00f6kstillbeh\u00f6r ing\u00e5r<\/p>\n<p>Leksaken utvecklar:<\/p>\n<p>* &#8211; fantasi<br \/>\n* &#8211; grovmotorik<br \/>\n* &#8211; sociala f\u00e4rdigheter<\/p>\n","protected":false},"excerpt":{"rendered":"<p>Classic World \u2013 Lekk\u00f6k i Tr\u00e4 Detta stilfulla, multifunktionella k\u00f6k \u00e4r den perfekta platsen f\u00f6r barnens kulin\u00e4riska \u00e4ventyr. Naturliga f\u00e4rger, realistiska detaljer och tillbeh\u00f6r g\u00f6r leken \u00e4nnu mer engagerande. Barn kan agera ut vardagssituationer samtidigt som de utvecklar kreativitet, sj\u00e4lvst\u00e4ndighet och motoriska f\u00e4rdigheter. Funktioner: * &#8211; f\u00f6r barn fr\u00e5n 3 \u00e5r och upp\u00e5t * &#8211; [&hellip;]<\/p>\n","protected":false},"featured_media":0,"comment_status":"open","ping_status":"closed","template":"","meta":[],"product_brand":[],"product_cat":[33],"product_tag":[],"class_list":{"0":"post-10991","1":"product","2":"type-product","3":"status-publish","5":"product_cat-okategoriserad","7":"first","8":"instock","9":"shipping-taxable","10":"purchasable","11":"product-type-simple"},"_links":{"self":[{"href":"https:\/\/nordicmart.andreevmaster.com\/sv\/wp-json\/wp\/v2\/product\/10991","targetHints":{"allow":["GET"]}}],"collection":[{"href":"https:\/\/nordicmart.andreevmaster.com\/sv\/wp-json\/wp\/v2\/product"}],"about":[{"href":"https:\/\/nordicmart.andreevmaster.com\/sv\/wp-json\/wp\/v2\/types\/product"}],"replies":[{"embeddable":true,"href":"https:\/\/nordicmart.andreevmaster.com\/sv\/wp-json\/wp\/v2\/comments?post=10991"}],"wp:attachment":[{"href":"https:\/\/nordicmart.andreevmaster.com\/sv\/wp-json\/wp\/v2\/media?parent=10991"}],"wp:term":[{"taxonomy":"product_brand","embeddable":true,"href":"https:\/\/nordicmart.andreevmaster.com\/sv\/wp-json\/wp\/v2\/product_brand?post=10991"},{"taxonomy":"product_cat","embeddable":true,"href":"https:\/\/nordicmart.andreevmaster.com\/sv\/wp-json\/wp\/v2\/product_cat?post=10991"},{"taxonomy":"product_tag","embeddable":true,"href":"https:\/\/nordicmart.andreevmaster.com\/sv\/wp-json\/wp\/v2\/product_tag?post=10991"}],"curies":[{"name":"wp","href":"https:\/\/api.w.org\/{rel}","templated":true}]}}