{"id":10990,"date":"2026-02-27T00:09:00","date_gmt":"2026-02-27T00:09:00","guid":{"rendered":"https:\/\/nordicmart.andreevmaster.com\/product\/classic-world-tratoalettbord-med-spegel-stol-och-tillbehor-pastell\/"},"modified":"2026-02-27T08:04:20","modified_gmt":"2026-02-27T08:04:20","slug":"classic-world-tratoalettbord-med-spegel-stol-och-tillbehor-pastell","status":"publish","type":"product","link":"https:\/\/nordicmart.andreevmaster.com\/sv\/produkt\/classic-world-tratoalettbord-med-spegel-stol-och-tillbehor-pastell\/","title":{"rendered":"CLASSIC WORLD Tr\u00e4toalettbord med spegel, stol och tillbeh\u00f6r Pastell"},"content":{"rendered":"<p>Sminkbordet med spegel fr\u00e5n Classic World har designats speciellt f\u00f6r sm\u00e5 flickor som dr\u00f6mmer om att ha en egen h\u00f6rna d\u00e4r de kan leka med smink och \u00e4lskar att kl\u00e4 upp sig. Setet inneh\u00e5ller en rund pall, en spegel och olika tillbeh\u00f6r som ett armband, h\u00e5rsp\u00e4nnen och ett halsband. Med detta sminkbord kan barn utveckla sin fantasi, imitera vuxna och \u00f6va p\u00e5 sin motorik medan de leker.<\/p>\n<p>Egenskaper:<\/p>\n<p>* &#8211; Set f\u00f6r barn fr\u00e5n 3 \u00e5r<br \/>\n* &#8211; Pastellf\u00e4rger<br \/>\n* &#8211; Tillverkat av h\u00f6gkvalitativt tr\u00e4<br \/>\n* &#8211; Rollspel \u2013 barn kan l\u00e5tsas vara vuxna<br \/>\n* &#8211; Har en l\u00e5da f\u00f6r tillbeh\u00f6r<\/p>\n<p>Setet inneh\u00e5ller:<\/p>\n<p>* &#8211; Toalettbord<br \/>\n* &#8211; Stol<br \/>\n* &#8211; Halsband<br \/>\n* &#8211; Armband<br \/>\n* &#8211; 4 h\u00e5rsp\u00e4nnen<\/p>\n<p>Leksaken utvecklar:<\/p>\n<p>* &#8211; Motorik<br \/>\n* &#8211; Fantasi<br \/>\n* &#8211; Kreativitet<br \/>\n* &#8211; Hand-\u00f6ga-koordination<\/p>\n","protected":false},"excerpt":{"rendered":"<p>Sminkbordet med spegel fr\u00e5n Classic World har designats speciellt f\u00f6r sm\u00e5 flickor som dr\u00f6mmer om att ha en egen h\u00f6rna d\u00e4r de kan leka med smink och \u00e4lskar att kl\u00e4 upp sig. Setet inneh\u00e5ller en rund pall, en spegel och olika tillbeh\u00f6r som ett armband, h\u00e5rsp\u00e4nnen och ett halsband. Med detta sminkbord kan barn utveckla [&hellip;]<\/p>\n","protected":false},"featured_media":0,"comment_status":"open","ping_status":"closed","template":"","meta":[],"product_brand":[],"product_cat":[33],"product_tag":[],"class_list":{"0":"post-10990","1":"product","2":"type-product","3":"status-publish","5":"product_cat-okategoriserad","7":"first","8":"instock","9":"shipping-taxable","10":"purchasable","11":"product-type-simple"},"_links":{"self":[{"href":"https:\/\/nordicmart.andreevmaster.com\/sv\/wp-json\/wp\/v2\/product\/10990","targetHints":{"allow":["GET"]}}],"collection":[{"href":"https:\/\/nordicmart.andreevmaster.com\/sv\/wp-json\/wp\/v2\/product"}],"about":[{"href":"https:\/\/nordicmart.andreevmaster.com\/sv\/wp-json\/wp\/v2\/types\/product"}],"replies":[{"embeddable":true,"href":"https:\/\/nordicmart.andreevmaster.com\/sv\/wp-json\/wp\/v2\/comments?post=10990"}],"wp:attachment":[{"href":"https:\/\/nordicmart.andreevmaster.com\/sv\/wp-json\/wp\/v2\/media?parent=10990"}],"wp:term":[{"taxonomy":"product_brand","embeddable":true,"href":"https:\/\/nordicmart.andreevmaster.com\/sv\/wp-json\/wp\/v2\/product_brand?post=10990"},{"taxonomy":"product_cat","embeddable":true,"href":"https:\/\/nordicmart.andreevmaster.com\/sv\/wp-json\/wp\/v2\/product_cat?post=10990"},{"taxonomy":"product_tag","embeddable":true,"href":"https:\/\/nordicmart.andreevmaster.com\/sv\/wp-json\/wp\/v2\/product_tag?post=10990"}],"curies":[{"name":"wp","href":"https:\/\/api.w.org\/{rel}","templated":true}]}}