{"id":10986,"date":"2026-02-27T00:08:59","date_gmt":"2026-02-27T00:08:59","guid":{"rendered":"https:\/\/nordicmart.andreevmaster.com\/product\/classic-world-tragarage-i-3-nivaer-med-hiss-eco-zone\/"},"modified":"2026-02-27T08:04:19","modified_gmt":"2026-02-27T08:04:19","slug":"classic-world-tragarage-i-3-nivaer-med-hiss-eco-zone","status":"publish","type":"product","link":"https:\/\/nordicmart.andreevmaster.com\/sv\/produkt\/classic-world-tragarage-i-3-nivaer-med-hiss-eco-zone\/","title":{"rendered":"CLASSIC WORLD Tr\u00e4garage i 3 niv\u00e5er med hiss &#8221;Eco Zone&#8221;"},"content":{"rendered":"<p>Det flerv\u00e5ningsgaraget i tr\u00e4 fr\u00e5n Classic World, komplett med laddstation f\u00f6r elfordon, hiss, solpaneler, vindkraftverk och helikopterplatta, kommer att v\u00e4cka fantasin hos alla bil- och motorentusiaster. F\u00f6r att f\u00e5 in eller ut ett fordon ur garaget m\u00e5ste du lyfta bommen. Tack vare hissen (som man\u00f6vreras manuellt) kan fordonen f\u00f6rflytta sig mellan v\u00e5ningarna. En speciell slingrande ramp g\u00f6r att bilarna snabbt kan k\u00f6ra ner fr\u00e5n varje v\u00e5ning. Garaget \u00e4r ocks\u00e5 utrustat med en laddstation f\u00f6r elfordon. Dessutom ing\u00e5r 3 leksaksbilar och en helikopter i setet.<br \/>\nEgenskaper:<br \/>\n* &#8211; Leksak f\u00f6r barn fr\u00e5n 3 \u00e5r<br \/>\n* &#8211; R\u00f6rliga delar som propellrar, en vindkraftverk och en hiss<br \/>\n* &#8211; Garaget \u201dEco Zone\u201d \u00e4r tillverkat av tr\u00e4 av h\u00f6gsta kvalitet<br \/>\n* &#8211; Parkeringen har plats f\u00f6r m\u00e5nga bilar<br \/>\n* &#8211; Perfekt som present, ser bra ut p\u00e5 en hylla efter lektiden<br \/>\n* &#8211; Setet fr\u00e4mjar ekologi och presenterar p\u00e5 ett enkelt s\u00e4tt hur f\u00f6rnybara energik\u00e4llor, s\u00e5som solcellspaneler och vindkraftverk, fungerar<\/p>\n<p>Setet inneh\u00e5ller:<\/p>\n<p>* &#8211; 4 tr\u00e4fordon \u2013 polisbil, b\u00e4rgningsbil, buss, helikopter<br \/>\n* &#8211; 3-v\u00e5ningsgarage med hiss, 2 rutschkanor och en barri\u00e4r<br \/>\n* &#8211; 3 solpaneler<br \/>\n* &#8211; laddningsstation f\u00f6r fordon, vindkraftverk<\/p>\n","protected":false},"excerpt":{"rendered":"<p>Det flerv\u00e5ningsgaraget i tr\u00e4 fr\u00e5n Classic World, komplett med laddstation f\u00f6r elfordon, hiss, solpaneler, vindkraftverk och helikopterplatta, kommer att v\u00e4cka fantasin hos alla bil- och motorentusiaster. F\u00f6r att f\u00e5 in eller ut ett fordon ur garaget m\u00e5ste du lyfta bommen. Tack vare hissen (som man\u00f6vreras manuellt) kan fordonen f\u00f6rflytta sig mellan v\u00e5ningarna. En speciell slingrande [&hellip;]<\/p>\n","protected":false},"featured_media":0,"comment_status":"open","ping_status":"closed","template":"","meta":[],"product_brand":[],"product_cat":[33],"product_tag":[],"class_list":{"0":"post-10986","1":"product","2":"type-product","3":"status-publish","5":"product_cat-okategoriserad","7":"first","8":"instock","9":"shipping-taxable","10":"purchasable","11":"product-type-simple"},"_links":{"self":[{"href":"https:\/\/nordicmart.andreevmaster.com\/sv\/wp-json\/wp\/v2\/product\/10986","targetHints":{"allow":["GET"]}}],"collection":[{"href":"https:\/\/nordicmart.andreevmaster.com\/sv\/wp-json\/wp\/v2\/product"}],"about":[{"href":"https:\/\/nordicmart.andreevmaster.com\/sv\/wp-json\/wp\/v2\/types\/product"}],"replies":[{"embeddable":true,"href":"https:\/\/nordicmart.andreevmaster.com\/sv\/wp-json\/wp\/v2\/comments?post=10986"}],"wp:attachment":[{"href":"https:\/\/nordicmart.andreevmaster.com\/sv\/wp-json\/wp\/v2\/media?parent=10986"}],"wp:term":[{"taxonomy":"product_brand","embeddable":true,"href":"https:\/\/nordicmart.andreevmaster.com\/sv\/wp-json\/wp\/v2\/product_brand?post=10986"},{"taxonomy":"product_cat","embeddable":true,"href":"https:\/\/nordicmart.andreevmaster.com\/sv\/wp-json\/wp\/v2\/product_cat?post=10986"},{"taxonomy":"product_tag","embeddable":true,"href":"https:\/\/nordicmart.andreevmaster.com\/sv\/wp-json\/wp\/v2\/product_tag?post=10986"}],"curies":[{"name":"wp","href":"https:\/\/api.w.org\/{rel}","templated":true}]}}