{"id":10985,"date":"2026-02-27T00:08:59","date_gmt":"2026-02-27T00:08:59","guid":{"rendered":"https:\/\/nordicmart.andreevmaster.com\/product\/classic-world-trapizzaugn-3-fsc\/"},"modified":"2026-02-27T08:04:19","modified_gmt":"2026-02-27T08:04:19","slug":"classic-world-trapizzaugn-3-fsc","status":"publish","type":"product","link":"https:\/\/nordicmart.andreevmaster.com\/sv\/produkt\/classic-world-trapizzaugn-3-fsc\/","title":{"rendered":"CLASSIC WORLD Tr\u00e4pizzaugn 3+ FSC"},"content":{"rendered":"<p>Pizzaugnen i tr\u00e4 fr\u00e5n Classic World \u00e4r ett komplett restauranglekset f\u00f6r sm\u00e5 kockar. Setet inneh\u00e5ller r\u00f6rliga tillbeh\u00f6r och pizzabakningselement som engagerar barn i kreativa rollspel. Produkten \u00e4r tillverkad av sl\u00e4tt tr\u00e4, m\u00e5lad med s\u00e4kra, giftfria f\u00e4rger \u2013 leksaken \u00e4r h\u00e5llbar och barnv\u00e4nlig.<\/p>\n<p>Egenskaper:<\/p>\n<p>* &#8211; f\u00f6r barn fr\u00e5n 3 \u00e5r<br \/>\n* &#8211; 31 delar i setet<br \/>\n* &#8211; pizzaugn\/ugn med tillbeh\u00f6r<br \/>\n* &#8211; filtillbeh\u00f6r (t.ex. ost, l\u00f6k) och r\u00f6rliga delar<br \/>\n* &#8211; tillverkad av h\u00f6gkvalitativt tr\u00e4<br \/>\n* &#8211; sl\u00e4ta och s\u00e4kra kanter<\/p>\n<p>Satsen inneh\u00e5ller:<\/p>\n<p>* &#8211; pizzaugn\/ugn (tr\u00e4)<br \/>\n* &#8211; pizzabr\u00e4da i tr\u00e4<br \/>\n* &#8211; 6 pizzabitar<br \/>\n* &#8211; 13 pizzatillbeh\u00f6r (gr\u00f6nsaker, ost, p\u00e5l\u00e4gg, inklusive filt)<br \/>\n* &#8211; pizzaspade<br \/>\n* &#8211; pizzask\u00e4rare<br \/>\n* &#8211; 2 tallrikar<br \/>\n* &#8211; andra kompletterande artiklar \u2013 totalt 31 stycken<\/p>\n<p>Leksaken utvecklar:<\/p>\n<p>* &#8211; kreativitet och fantasi<br \/>\n* &#8211; manuell skicklighet<br \/>\n* &#8211; hand-\u00f6ga-koordination<br \/>\n* &#8211; form- och f\u00e4rgigenk\u00e4nning<br \/>\n* &#8211; t\u00e5lamod och koncentration<br \/>\n* &#8211; f\u00f6rm\u00e5ga att rollspela och leka i grupp<\/p>\n","protected":false},"excerpt":{"rendered":"<p>Pizzaugnen i tr\u00e4 fr\u00e5n Classic World \u00e4r ett komplett restauranglekset f\u00f6r sm\u00e5 kockar. Setet inneh\u00e5ller r\u00f6rliga tillbeh\u00f6r och pizzabakningselement som engagerar barn i kreativa rollspel. Produkten \u00e4r tillverkad av sl\u00e4tt tr\u00e4, m\u00e5lad med s\u00e4kra, giftfria f\u00e4rger \u2013 leksaken \u00e4r h\u00e5llbar och barnv\u00e4nlig. Egenskaper: * &#8211; f\u00f6r barn fr\u00e5n 3 \u00e5r * &#8211; 31 delar i [&hellip;]<\/p>\n","protected":false},"featured_media":0,"comment_status":"open","ping_status":"closed","template":"","meta":[],"product_brand":[],"product_cat":[33],"product_tag":[],"class_list":{"0":"post-10985","1":"product","2":"type-product","3":"status-publish","5":"product_cat-okategoriserad","7":"first","8":"instock","9":"shipping-taxable","10":"purchasable","11":"product-type-simple"},"_links":{"self":[{"href":"https:\/\/nordicmart.andreevmaster.com\/sv\/wp-json\/wp\/v2\/product\/10985","targetHints":{"allow":["GET"]}}],"collection":[{"href":"https:\/\/nordicmart.andreevmaster.com\/sv\/wp-json\/wp\/v2\/product"}],"about":[{"href":"https:\/\/nordicmart.andreevmaster.com\/sv\/wp-json\/wp\/v2\/types\/product"}],"replies":[{"embeddable":true,"href":"https:\/\/nordicmart.andreevmaster.com\/sv\/wp-json\/wp\/v2\/comments?post=10985"}],"wp:attachment":[{"href":"https:\/\/nordicmart.andreevmaster.com\/sv\/wp-json\/wp\/v2\/media?parent=10985"}],"wp:term":[{"taxonomy":"product_brand","embeddable":true,"href":"https:\/\/nordicmart.andreevmaster.com\/sv\/wp-json\/wp\/v2\/product_brand?post=10985"},{"taxonomy":"product_cat","embeddable":true,"href":"https:\/\/nordicmart.andreevmaster.com\/sv\/wp-json\/wp\/v2\/product_cat?post=10985"},{"taxonomy":"product_tag","embeddable":true,"href":"https:\/\/nordicmart.andreevmaster.com\/sv\/wp-json\/wp\/v2\/product_tag?post=10985"}],"curies":[{"name":"wp","href":"https:\/\/api.w.org\/{rel}","templated":true}]}}