{"id":10984,"date":"2026-02-27T00:08:59","date_gmt":"2026-02-27T00:08:59","guid":{"rendered":"https:\/\/nordicmart.andreevmaster.com\/product\/classic-world-trakoja-for-dockor-31-delar\/"},"modified":"2026-02-27T08:04:19","modified_gmt":"2026-02-27T08:04:19","slug":"classic-world-trakoja-for-dockor-31-delar","status":"publish","type":"product","link":"https:\/\/nordicmart.andreevmaster.com\/sv\/produkt\/classic-world-trakoja-for-dockor-31-delar\/","title":{"rendered":"CLASSIC WORLD Tr\u00e4koja f\u00f6r dockor, 31 delar"},"content":{"rendered":"<p>Tr\u00e4kojan fr\u00e5n CLASSIC WORLD ger ditt barn o\u00e4ndligt mycket skoj! Detta unika dockhus stimulerar ditt barns fantasi. Huset \u00e4r fullt funktionellt. Pojkdockan kan dra upp en hink med hj\u00e4lp av en block och talja, medan flickdockan kan leka med en valp. Ekorren kan \u00e4ta en kotte. Dockorna kan gunga p\u00e5 gungorna och kl\u00e4ttra uppf\u00f6r stegen till tr\u00e4dkojan. Setet inneh\u00e5ller 2 barnfigurer, 2 djur och fantastiska tillbeh\u00f6r, inklusive en gungbr\u00e4da, d\u00e4ckgunga, hink, skattkista, s\u00e4ng, bord och stolar. Satsen \u00e4r tillverkad av naturligt tr\u00e4. Detta unika hus kommer att uppmuntra ditt barn att skapa ber\u00e4ttelser och \u00e4ventyr f\u00f6r sina sm\u00e5 dockor. <\/p>\n<p>Egenskaper: <\/p>\n<p>* &#8211; leksak f\u00f6r barn fr\u00e5n 3 \u00e5r,<br \/>\n* &#8211; inneh\u00e5ller 31 delar,<br \/>\n* &#8211; fullt funktionell, t.ex. r\u00f6rlig hink och gungor,<br \/>\n* &#8211; naturligt tr\u00e4.<\/p>\n<p>Ing\u00e5r:<\/p>\n<p>* &#8211; tr\u00e4dkoja,<br \/>\n* &#8211; 2 barnfigurer,<br \/>\n* &#8211; 2 djur,<br \/>\n* &#8211; tillbeh\u00f6r: gungbr\u00e4da, d\u00e4cksv\u00e4ng, hink, skattkista, s\u00e4ng, bord, stolar.* gungbr\u00e4da,<br \/>\n* d\u00e4cksv\u00e4ng,<br \/>\n* hink,<br \/>\n* skattkista,<br \/>\n* s\u00e4ng,<br \/>\n* bord,<br \/>\n* stolar.<\/p>\n<p>* gungbr\u00e4da,<br \/>\n* d\u00e4cksv\u00e4ng,<br \/>\n* hink,<br \/>\n* skattkista,<br \/>\n* s\u00e4ng,<br \/>\n* bord,<br \/>\n* stolar.Leksaken utvecklar:<\/p>\n<p>* &#8211; fantasi och kreativitet<\/p>\n<p>&lt;center&gt;&lt;iframe width=&#8221;467&#8243; height=&#8221;830&#8243; src=&#8221;https:\/\/www.youtube.com\/embed\/ERsLGhwvnjY&#8221; title=&#8221;CLASSIC WORLD Tr\u00e4koja f\u00f6r dockor, 31 delar&#8221; frameborder=&#8221;0&#8243; allow=&#8221;accelerometer; autoplay; clipboard-write; encrypted-media; gyroscope; picture-in-picture; web-share&#8221; referrerpolicy=&#8221;strict-origin-when-cross-origin&#8221; allowfullscreen&gt;&lt;\/iframe&gt;&lt;\/center&gt;<\/p>\n","protected":false},"excerpt":{"rendered":"<p>Tr\u00e4kojan fr\u00e5n CLASSIC WORLD ger ditt barn o\u00e4ndligt mycket skoj! Detta unika dockhus stimulerar ditt barns fantasi. Huset \u00e4r fullt funktionellt. Pojkdockan kan dra upp en hink med hj\u00e4lp av en block och talja, medan flickdockan kan leka med en valp. Ekorren kan \u00e4ta en kotte. Dockorna kan gunga p\u00e5 gungorna och kl\u00e4ttra uppf\u00f6r stegen [&hellip;]<\/p>\n","protected":false},"featured_media":0,"comment_status":"open","ping_status":"closed","template":"","meta":[],"product_brand":[],"product_cat":[33],"product_tag":[],"class_list":{"0":"post-10984","1":"product","2":"type-product","3":"status-publish","5":"product_cat-okategoriserad","7":"first","8":"instock","9":"shipping-taxable","10":"purchasable","11":"product-type-simple"},"_links":{"self":[{"href":"https:\/\/nordicmart.andreevmaster.com\/sv\/wp-json\/wp\/v2\/product\/10984","targetHints":{"allow":["GET"]}}],"collection":[{"href":"https:\/\/nordicmart.andreevmaster.com\/sv\/wp-json\/wp\/v2\/product"}],"about":[{"href":"https:\/\/nordicmart.andreevmaster.com\/sv\/wp-json\/wp\/v2\/types\/product"}],"replies":[{"embeddable":true,"href":"https:\/\/nordicmart.andreevmaster.com\/sv\/wp-json\/wp\/v2\/comments?post=10984"}],"wp:attachment":[{"href":"https:\/\/nordicmart.andreevmaster.com\/sv\/wp-json\/wp\/v2\/media?parent=10984"}],"wp:term":[{"taxonomy":"product_brand","embeddable":true,"href":"https:\/\/nordicmart.andreevmaster.com\/sv\/wp-json\/wp\/v2\/product_brand?post=10984"},{"taxonomy":"product_cat","embeddable":true,"href":"https:\/\/nordicmart.andreevmaster.com\/sv\/wp-json\/wp\/v2\/product_cat?post=10984"},{"taxonomy":"product_tag","embeddable":true,"href":"https:\/\/nordicmart.andreevmaster.com\/sv\/wp-json\/wp\/v2\/product_tag?post=10984"}],"curies":[{"name":"wp","href":"https:\/\/api.w.org\/{rel}","templated":true}]}}