{"id":10982,"date":"2026-02-27T00:08:59","date_gmt":"2026-02-27T00:08:59","guid":{"rendered":"https:\/\/nordicmart.andreevmaster.com\/product\/classic-world-traraketslekhus-for-barn-actionfigurer\/"},"modified":"2026-02-27T08:04:18","modified_gmt":"2026-02-27T08:04:18","slug":"classic-world-traraketslekhus-for-barn-actionfigurer","status":"publish","type":"product","link":"https:\/\/nordicmart.andreevmaster.com\/sv\/produkt\/classic-world-traraketslekhus-for-barn-actionfigurer\/","title":{"rendered":"CLASSIC WORLD Tr\u00e4raketslekhus f\u00f6r barn + actionfigurer"},"content":{"rendered":"<p>Uppt\u00e4ck den unika CLASSIC WORLD-tr\u00e4raketen \u2013 en stor struktur i flera niv\u00e5er som fungerar b\u00e5de som rymdskepp och hus f\u00f6r astronauter. Tack vare de detaljerade v\u00e5ningarna och den \u00f6ppna formen tar rollspelsleken aldrig slut. Setet stimulerar fantasin och uppmuntrar till interstell\u00e4ra uppdrag! CLASSIC WORLD-raketen \u00e4r tillverkad av h\u00f6gkvalitativt naturligt tr\u00e4 och alla delar \u00e4r m\u00e5lade med giftfria, s\u00e4kra f\u00e4rger. Detta garanterar m\u00e5nga timmars s\u00e4ker lek f\u00f6r ditt barn.<br \/>\nEgenskaper:<br \/>\n* &#8211; Stor rymdraket, dockhus\/astronauthus (XL)<br \/>\n* &#8211; Flerv\u00e5ningshus med stabil konstruktion och \u00f6ppna sidor f\u00f6r enkel \u00e5tkomst<br \/>\n* &#8211; Olika temarum, t.ex. kontrollrum, sovrum<br \/>\n* &#8211; L\u00e4mplig f\u00f6r barn fr\u00e5n 3 \u00e5r<br \/>\n* &#8211; Tillverkad av h\u00f6gkvalitativt naturligt tr\u00e4<br \/>\n* &#8211; Leksaken \u00e4r m\u00e5lad med giftfria, s\u00e4kra f\u00e4rger<\/p>\n<p>Satsen inneh\u00e5ller:<\/p>\n<p>* &#8211; 1x Stor rymdraket i tr\u00e4 med flera v\u00e5ningar\/rum<br \/>\n* &#8211; 2x Astronautfigurer<br \/>\n* &#8211; 1x Rymdfarkost i tr\u00e4<br \/>\n* &#8211; 1x Flyttbar ramp<br \/>\n* &#8211; M\u00f6bler\/utrustning<\/p>\n<p>Leksaken utvecklar:<\/p>\n<p>* &#8211; Fantasi och kreativitet<br \/>\n* &#8211; Sociala f\u00e4rdigheter<br \/>\n* &#8211; Manuell fingerf\u00e4rdighet<br \/>\n* &#8211; Logiskt t\u00e4nkande<br \/>\n* &#8211; Kognitiv kunskap<\/p>\n","protected":false},"excerpt":{"rendered":"<p>Uppt\u00e4ck den unika CLASSIC WORLD-tr\u00e4raketen \u2013 en stor struktur i flera niv\u00e5er som fungerar b\u00e5de som rymdskepp och hus f\u00f6r astronauter. Tack vare de detaljerade v\u00e5ningarna och den \u00f6ppna formen tar rollspelsleken aldrig slut. Setet stimulerar fantasin och uppmuntrar till interstell\u00e4ra uppdrag! CLASSIC WORLD-raketen \u00e4r tillverkad av h\u00f6gkvalitativt naturligt tr\u00e4 och alla delar \u00e4r m\u00e5lade [&hellip;]<\/p>\n","protected":false},"featured_media":0,"comment_status":"open","ping_status":"closed","template":"","meta":[],"product_brand":[],"product_cat":[33],"product_tag":[],"class_list":{"0":"post-10982","1":"product","2":"type-product","3":"status-publish","5":"product_cat-okategoriserad","7":"first","8":"instock","9":"shipping-taxable","10":"purchasable","11":"product-type-simple"},"_links":{"self":[{"href":"https:\/\/nordicmart.andreevmaster.com\/sv\/wp-json\/wp\/v2\/product\/10982","targetHints":{"allow":["GET"]}}],"collection":[{"href":"https:\/\/nordicmart.andreevmaster.com\/sv\/wp-json\/wp\/v2\/product"}],"about":[{"href":"https:\/\/nordicmart.andreevmaster.com\/sv\/wp-json\/wp\/v2\/types\/product"}],"replies":[{"embeddable":true,"href":"https:\/\/nordicmart.andreevmaster.com\/sv\/wp-json\/wp\/v2\/comments?post=10982"}],"wp:attachment":[{"href":"https:\/\/nordicmart.andreevmaster.com\/sv\/wp-json\/wp\/v2\/media?parent=10982"}],"wp:term":[{"taxonomy":"product_brand","embeddable":true,"href":"https:\/\/nordicmart.andreevmaster.com\/sv\/wp-json\/wp\/v2\/product_brand?post=10982"},{"taxonomy":"product_cat","embeddable":true,"href":"https:\/\/nordicmart.andreevmaster.com\/sv\/wp-json\/wp\/v2\/product_cat?post=10982"},{"taxonomy":"product_tag","embeddable":true,"href":"https:\/\/nordicmart.andreevmaster.com\/sv\/wp-json\/wp\/v2\/product_tag?post=10982"}],"curies":[{"name":"wp","href":"https:\/\/api.w.org\/{rel}","templated":true}]}}