{"id":10980,"date":"2026-02-27T00:08:58","date_gmt":"2026-02-27T00:08:58","guid":{"rendered":"https:\/\/nordicmart.andreevmaster.com\/product\/classic-world-multifunktionell-pedagogisk-raket\/"},"modified":"2026-02-27T08:04:18","modified_gmt":"2026-02-27T08:04:18","slug":"classic-world-multifunktionell-pedagogisk-raket","status":"publish","type":"product","link":"https:\/\/nordicmart.andreevmaster.com\/sv\/produkt\/classic-world-multifunktionell-pedagogisk-raket\/","title":{"rendered":"CLASSIC WORLD Multifunktionell pedagogisk raket"},"content":{"rendered":"<p>Denna underbara, f\u00e4rgglada, stora raket fr\u00e5n Classic World \u00e4r den perfekta leksaken f\u00f6r alla nyfikna sm\u00e5barn. Leksaken f\u00f6renar lek och l\u00e4rande, vilket \u00e4r en stor f\u00f6rdel. Varje sida erbjuder olika typer av aktiviteter f\u00f6r att s\u00e4kerst\u00e4lla ett l\u00e5ngvarigt intresse f\u00f6r leksaken och utveckling. Produkten \u00e4r utformad med sm\u00e5 barns h\u00e4nder i \u00e5tanke. Avsaknaden av vassa kanter g\u00f6r den helt s\u00e4ker f\u00f6r barn. Inget barn kan g\u00e5 f\u00f6rbi en s\u00e5dan raket utan att reagera. Fantasin k\u00e4nner inga gr\u00e4nser med denna raket. Kul \u00e4r garanterat!<\/p>\n<p>Egenskaper<\/p>\n<p>* &#8211; mycket estetisk design,<br \/>\n* &#8211; mycket h\u00e5llbar,<br \/>\n* &#8211; tillverkad av tr\u00e4,<br \/>\n* &#8211; s\u00e4ker f\u00f6r barn,<br \/>\n* &#8211; vackra och intensiva f\u00e4rger,<br \/>\n* &#8211; varje sida erbjuder en annan typ av aktivitet,<br \/>\n* &#8211; attraktiv f\u00f6rpackning som passar som present.<\/p>\n<p>Raketv\u00e4ggar<\/p>\n<p>* &#8211; 6 motorslingor av varierande l\u00e4ngd,<br \/>\n* &#8211; 3 p\u00e4rlor i olika f\u00e4rger och former p\u00e5 varje slinga,<br \/>\n* &#8211; en raket och planetbas f\u00f6r r\u00f6relse,<br \/>\n* &#8211; en rolig labyrint med utomjordingar,<br \/>\n* &#8211; en klocka f\u00f6r att l\u00e4ra sig klockan,* &#8211; en f\u00e4rgglad kulram, &#8211; en spegel,* &#8211; ett l\u00e5sbart f\u00f6nster med utomjordingar,* &#8211; ett hjul f\u00f6r att blanda f\u00e4rger,* &#8211; kugghjul och utomjordingar p\u00e5 andra sidan.<\/p>\n<p>Ekoleksaker \u00e4r leksaker som \u00e4r designade f\u00f6r barn och sm\u00e5barn, tillverkade av helt naturliga, biologiskt nedbrytbara och allergiv\u00e4nliga material, vilket g\u00f6r dem 100 % s\u00e4kra och ofarliga, inte bara f\u00f6r milj\u00f6n utan ocks\u00e5 f\u00f6r ditt barn.<\/p>\n<p>&lt;center&gt;&lt;iframe width=&#8221;434&#8243; height=&#8221;771&#8243; src=&#8221;https:\/\/www.youtube.com\/embed\/T8NEEEJDBUk&#8221; title=&#8221;CLASSIC WORLD Multifunktionell pedagogisk raket&#8221; frameborder=&#8221;0&#8243; allow=&#8221;accelerometer; autoplay; clipboard-write; encrypted-media; gyroscope; picture-in-picture; web-share&#8221; allowfullscreen&gt;&lt;\/iframe&gt;&lt;\/center&gt;<\/p>\n","protected":false},"excerpt":{"rendered":"<p>Denna underbara, f\u00e4rgglada, stora raket fr\u00e5n Classic World \u00e4r den perfekta leksaken f\u00f6r alla nyfikna sm\u00e5barn. Leksaken f\u00f6renar lek och l\u00e4rande, vilket \u00e4r en stor f\u00f6rdel. Varje sida erbjuder olika typer av aktiviteter f\u00f6r att s\u00e4kerst\u00e4lla ett l\u00e5ngvarigt intresse f\u00f6r leksaken och utveckling. Produkten \u00e4r utformad med sm\u00e5 barns h\u00e4nder i \u00e5tanke. Avsaknaden av vassa [&hellip;]<\/p>\n","protected":false},"featured_media":0,"comment_status":"open","ping_status":"closed","template":"","meta":[],"product_brand":[],"product_cat":[33],"product_tag":[],"class_list":{"0":"post-10980","1":"product","2":"type-product","3":"status-publish","5":"product_cat-okategoriserad","7":"first","8":"instock","9":"shipping-taxable","10":"purchasable","11":"product-type-simple"},"_links":{"self":[{"href":"https:\/\/nordicmart.andreevmaster.com\/sv\/wp-json\/wp\/v2\/product\/10980","targetHints":{"allow":["GET"]}}],"collection":[{"href":"https:\/\/nordicmart.andreevmaster.com\/sv\/wp-json\/wp\/v2\/product"}],"about":[{"href":"https:\/\/nordicmart.andreevmaster.com\/sv\/wp-json\/wp\/v2\/types\/product"}],"replies":[{"embeddable":true,"href":"https:\/\/nordicmart.andreevmaster.com\/sv\/wp-json\/wp\/v2\/comments?post=10980"}],"wp:attachment":[{"href":"https:\/\/nordicmart.andreevmaster.com\/sv\/wp-json\/wp\/v2\/media?parent=10980"}],"wp:term":[{"taxonomy":"product_brand","embeddable":true,"href":"https:\/\/nordicmart.andreevmaster.com\/sv\/wp-json\/wp\/v2\/product_brand?post=10980"},{"taxonomy":"product_cat","embeddable":true,"href":"https:\/\/nordicmart.andreevmaster.com\/sv\/wp-json\/wp\/v2\/product_cat?post=10980"},{"taxonomy":"product_tag","embeddable":true,"href":"https:\/\/nordicmart.andreevmaster.com\/sv\/wp-json\/wp\/v2\/product_tag?post=10980"}],"curies":[{"name":"wp","href":"https:\/\/api.w.org\/{rel}","templated":true}]}}