{"id":10979,"date":"2026-02-27T00:08:58","date_gmt":"2026-02-27T00:08:58","guid":{"rendered":"https:\/\/nordicmart.andreevmaster.com\/product\/classic-world-traklaviatur-larobok\/"},"modified":"2026-02-27T08:04:18","modified_gmt":"2026-02-27T08:04:18","slug":"classic-world-traklaviatur-larobok","status":"publish","type":"product","link":"https:\/\/nordicmart.andreevmaster.com\/sv\/produkt\/classic-world-traklaviatur-larobok\/","title":{"rendered":"CLASSIC WORLD Tr\u00e4klaviatur + l\u00e4robok"},"content":{"rendered":"<p>Classic World tr\u00e4piano f\u00f6r barn \u2013 18 tangenter<\/p>\n<p>Classic World tr\u00e4piano \u00e4r ett elegant pedagogiskt leksak som introducerar barn till musikens v\u00e4rld p\u00e5 ett tillg\u00e4ngligt och engagerande s\u00e4tt. Med sin estetiska finish i valn\u00f6tsimitation och kompakta form \u00e4r det perfekt b\u00e5de som ett l\u00e4roinstrument och som en dekorativ detalj i ett barnrum.#### Egenskaper:<\/p>\n<p>* &#8211; 18 tangenter \u2013 g\u00f6r det m\u00f6jligt f\u00f6r barn att l\u00e4ra sig grundl\u00e4ggande melodier och ljud,<br \/>\n* &#8211; Bokst\u00e4ver p\u00e5 tangenterna \u2013 g\u00f6r det l\u00e4ttare att k\u00e4nna igen noterna och ta de f\u00f6rsta stegen i att l\u00e4ra sig spela,<br \/>\n* &#8211; Tr\u00e4konstruktion \u2013 h\u00e5llbar och s\u00e4ker, tillverkad av barnv\u00e4nliga material,<br \/>\n* &#8211; Estetisk design \u2013 klassiskt utseende som liknar ett miniakustiskt piano,<br \/>\n* &#8211; Ljud anpassat f\u00f6r sm\u00e5 barn \u2013 behagliga, diskreta ljud,<br \/>\n* &#8211; Stabil konstruktion \u2013 garanterar s\u00e4kerhet under lek.<\/p>\n<p>Satsen inneh\u00e5ller:<\/p>\n<p>* &#8211; Tr\u00e4piano<br \/>\n* &#8211; L\u00e4robok<\/p>\n<p>Leksaken utvecklar:<\/p>\n<p>* &#8211; manuell skicklighet<br \/>\n* &#8211; kreativitet och fantasi<br \/>\n* &#8211; fingerf\u00e4rdighet<br \/>\n* &#8211; h\u00f6rsel<br \/>\n* &#8211; koordination<\/p>\n","protected":false},"excerpt":{"rendered":"<p>Classic World tr\u00e4piano f\u00f6r barn \u2013 18 tangenter Classic World tr\u00e4piano \u00e4r ett elegant pedagogiskt leksak som introducerar barn till musikens v\u00e4rld p\u00e5 ett tillg\u00e4ngligt och engagerande s\u00e4tt. Med sin estetiska finish i valn\u00f6tsimitation och kompakta form \u00e4r det perfekt b\u00e5de som ett l\u00e4roinstrument och som en dekorativ detalj i ett barnrum.#### Egenskaper: * &#8211; [&hellip;]<\/p>\n","protected":false},"featured_media":0,"comment_status":"open","ping_status":"closed","template":"","meta":[],"product_brand":[],"product_cat":[33],"product_tag":[],"class_list":{"0":"post-10979","1":"product","2":"type-product","3":"status-publish","5":"product_cat-okategoriserad","7":"first","8":"instock","9":"shipping-taxable","10":"purchasable","11":"product-type-simple"},"_links":{"self":[{"href":"https:\/\/nordicmart.andreevmaster.com\/sv\/wp-json\/wp\/v2\/product\/10979","targetHints":{"allow":["GET"]}}],"collection":[{"href":"https:\/\/nordicmart.andreevmaster.com\/sv\/wp-json\/wp\/v2\/product"}],"about":[{"href":"https:\/\/nordicmart.andreevmaster.com\/sv\/wp-json\/wp\/v2\/types\/product"}],"replies":[{"embeddable":true,"href":"https:\/\/nordicmart.andreevmaster.com\/sv\/wp-json\/wp\/v2\/comments?post=10979"}],"wp:attachment":[{"href":"https:\/\/nordicmart.andreevmaster.com\/sv\/wp-json\/wp\/v2\/media?parent=10979"}],"wp:term":[{"taxonomy":"product_brand","embeddable":true,"href":"https:\/\/nordicmart.andreevmaster.com\/sv\/wp-json\/wp\/v2\/product_brand?post=10979"},{"taxonomy":"product_cat","embeddable":true,"href":"https:\/\/nordicmart.andreevmaster.com\/sv\/wp-json\/wp\/v2\/product_cat?post=10979"},{"taxonomy":"product_tag","embeddable":true,"href":"https:\/\/nordicmart.andreevmaster.com\/sv\/wp-json\/wp\/v2\/product_tag?post=10979"}],"curies":[{"name":"wp","href":"https:\/\/api.w.org\/{rel}","templated":true}]}}