{"id":10977,"date":"2026-02-27T00:08:58","date_gmt":"2026-02-27T00:08:58","guid":{"rendered":"https:\/\/nordicmart.andreevmaster.com\/product\/classic-world-musikaliskt-piano-for-barn-som-lar-sig-spela-hafte\/"},"modified":"2026-02-27T08:04:18","modified_gmt":"2026-02-27T08:04:18","slug":"classic-world-musikaliskt-piano-for-barn-som-lar-sig-spela-hafte","status":"publish","type":"product","link":"https:\/\/nordicmart.andreevmaster.com\/sv\/produkt\/classic-world-musikaliskt-piano-for-barn-som-lar-sig-spela-hafte\/","title":{"rendered":"CLASSIC WORLD Musikaliskt piano f\u00f6r barn som l\u00e4r sig spela + h\u00e4fte"},"content":{"rendered":"<p>Classic Worlds musikaliska piano \u00e4r det perfekta valet f\u00f6r sm\u00e5 musikaliska uppt\u00e4cktsresande. Med f\u00e4rgglada tangenter och en medf\u00f6ljande musikbok kan barn fr\u00e5n 18 m\u00e5naders \u00e5lder b\u00f6rja sitt \u00e4ventyr med musik. Leksaken \u00e4r m\u00e5lad med giftfri lack, vilket garanterar s\u00e4kerhet under lek. Perfekt f\u00f6r sm\u00e5barn som vill utveckla sina musikaliska f\u00f6rm\u00e5gor p\u00e5 ett kreativt och s\u00e4kert s\u00e4tt.<\/p>\n<p>Egenskaper:<\/p>\n<p>* &#8211; \u00c5lder: fr\u00e5n 18 m\u00e5nader<br \/>\n* &#8211; Material: tr\u00e4<br \/>\n* &#8211; F\u00e4rger: pastellf\u00e4rger, skonsamma f\u00f6r \u00f6gonen<br \/>\n* &#8211; S\u00e4kerhet: m\u00e5lad med giftfri lack<br \/>\n* &#8211; Design: inspirerad av riktiga instrument<\/p>\n<p>Satsen inneh\u00e5ller:<\/p>\n<p>* &#8211; Piano med f\u00e4rgglada tangenter<br \/>\n* &#8211; H\u00e4fte med musikaliska exempel<\/p>\n<p>Leksaken utvecklar:<\/p>\n<p>* &#8211; Fingerf\u00e4rdighet och precision i r\u00f6relserna<br \/>\n* &#8211; Manuell skicklighet<br \/>\n* &#8211; H\u00f6rseln<br \/>\n* &#8211; Introducerar barn till musikens v\u00e4rld<br \/>\n* &#8211; Bygger upp musikalisk k\u00e4nsla<\/p>\n","protected":false},"excerpt":{"rendered":"<p>Classic Worlds musikaliska piano \u00e4r det perfekta valet f\u00f6r sm\u00e5 musikaliska uppt\u00e4cktsresande. Med f\u00e4rgglada tangenter och en medf\u00f6ljande musikbok kan barn fr\u00e5n 18 m\u00e5naders \u00e5lder b\u00f6rja sitt \u00e4ventyr med musik. Leksaken \u00e4r m\u00e5lad med giftfri lack, vilket garanterar s\u00e4kerhet under lek. Perfekt f\u00f6r sm\u00e5barn som vill utveckla sina musikaliska f\u00f6rm\u00e5gor p\u00e5 ett kreativt och s\u00e4kert [&hellip;]<\/p>\n","protected":false},"featured_media":0,"comment_status":"open","ping_status":"closed","template":"","meta":[],"product_brand":[],"product_cat":[33],"product_tag":[],"class_list":{"0":"post-10977","1":"product","2":"type-product","3":"status-publish","5":"product_cat-okategoriserad","7":"first","8":"instock","9":"shipping-taxable","10":"purchasable","11":"product-type-simple"},"_links":{"self":[{"href":"https:\/\/nordicmart.andreevmaster.com\/sv\/wp-json\/wp\/v2\/product\/10977","targetHints":{"allow":["GET"]}}],"collection":[{"href":"https:\/\/nordicmart.andreevmaster.com\/sv\/wp-json\/wp\/v2\/product"}],"about":[{"href":"https:\/\/nordicmart.andreevmaster.com\/sv\/wp-json\/wp\/v2\/types\/product"}],"replies":[{"embeddable":true,"href":"https:\/\/nordicmart.andreevmaster.com\/sv\/wp-json\/wp\/v2\/comments?post=10977"}],"wp:attachment":[{"href":"https:\/\/nordicmart.andreevmaster.com\/sv\/wp-json\/wp\/v2\/media?parent=10977"}],"wp:term":[{"taxonomy":"product_brand","embeddable":true,"href":"https:\/\/nordicmart.andreevmaster.com\/sv\/wp-json\/wp\/v2\/product_brand?post=10977"},{"taxonomy":"product_cat","embeddable":true,"href":"https:\/\/nordicmart.andreevmaster.com\/sv\/wp-json\/wp\/v2\/product_cat?post=10977"},{"taxonomy":"product_tag","embeddable":true,"href":"https:\/\/nordicmart.andreevmaster.com\/sv\/wp-json\/wp\/v2\/product_tag?post=10977"}],"curies":[{"name":"wp","href":"https:\/\/api.w.org\/{rel}","templated":true}]}}