{"id":10976,"date":"2026-02-27T00:08:57","date_gmt":"2026-02-27T00:08:57","guid":{"rendered":"https:\/\/nordicmart.andreevmaster.com\/product\/classic-world-svart-piano\/"},"modified":"2026-02-27T08:04:17","modified_gmt":"2026-02-27T08:04:17","slug":"classic-world-svart-piano","status":"publish","type":"product","link":"https:\/\/nordicmart.andreevmaster.com\/sv\/produkt\/classic-world-svart-piano\/","title":{"rendered":"CLASSIC WORLD Svart piano"},"content":{"rendered":"<p>* &#8211; Produkten \u00e4r tillverkad av tr\u00e4.<br \/>\n* &#8211; Leksaken \u00e4r m\u00e5lad med giftfri lack.<br \/>\n* &#8211; Att l\u00e4ra sig spela blir roligt och hj\u00e4lper till att utveckla talanger.<br \/>\n* &#8211; Leksakerna \u00e4r modellerade efter riktiga instrument, vilket g\u00f6r din lilla artist mer ivrig att b\u00f6rja l\u00e4ra sig.<br \/>\n* &#8211; Att spela instrument har en positiv effekt p\u00e5 sm\u00e5 barns utveckling genom att de uts\u00e4tts f\u00f6r musik.<\/p>\n<p>* &#8211; fingerf\u00e4rdighet,<br \/>\n* &#8211; r\u00f6relseprecision,<br \/>\n* &#8211; manuell skicklighet,<br \/>\n* &#8211; h\u00f6rsel. <\/p>\n<p>Eko-leksaker \u00e4r designade f\u00f6r de yngsta barnen och \u00e4r tillverkade av helt naturliga, biologiskt nedbrytbara och allergiv\u00e4nliga material, vilket g\u00f6r dem 100 % s\u00e4kra och ofarliga, inte bara f\u00f6r milj\u00f6n utan ocks\u00e5 f\u00f6r ditt barn.<\/p>\n<p>Classic World-leksaker introducerar barn till en ny dimension av fantastisk lek! Classic World \u00e4r milj\u00f6v\u00e4nliga leksaker av tr\u00e4 som inte bara \u00e4r roliga, utan ocks\u00e5 utvecklar barns kreativitet, emotionella k\u00e4nslighet och l\u00e4r dem hur man f\u00e5r v\u00e4nner. Classic Worlds musikleksaker f\u00f6rtj\u00e4nar ett s\u00e4rskilt omn\u00e4mnande \u2013 de hj\u00e4lper till att utveckla musikaliska sinnen hos de yngsta barnen.<\/p>\n<p>Observera! Livsstilsbilderna visar samma modell i en annan f\u00e4rgvariant.<\/p>\n","protected":false},"excerpt":{"rendered":"<p>* &#8211; Produkten \u00e4r tillverkad av tr\u00e4. * &#8211; Leksaken \u00e4r m\u00e5lad med giftfri lack. * &#8211; Att l\u00e4ra sig spela blir roligt och hj\u00e4lper till att utveckla talanger. * &#8211; Leksakerna \u00e4r modellerade efter riktiga instrument, vilket g\u00f6r din lilla artist mer ivrig att b\u00f6rja l\u00e4ra sig. * &#8211; Att spela instrument har en [&hellip;]<\/p>\n","protected":false},"featured_media":0,"comment_status":"open","ping_status":"closed","template":"","meta":[],"product_brand":[],"product_cat":[33],"product_tag":[],"class_list":{"0":"post-10976","1":"product","2":"type-product","3":"status-publish","5":"product_cat-okategoriserad","7":"first","8":"instock","9":"shipping-taxable","10":"purchasable","11":"product-type-simple"},"_links":{"self":[{"href":"https:\/\/nordicmart.andreevmaster.com\/sv\/wp-json\/wp\/v2\/product\/10976","targetHints":{"allow":["GET"]}}],"collection":[{"href":"https:\/\/nordicmart.andreevmaster.com\/sv\/wp-json\/wp\/v2\/product"}],"about":[{"href":"https:\/\/nordicmart.andreevmaster.com\/sv\/wp-json\/wp\/v2\/types\/product"}],"replies":[{"embeddable":true,"href":"https:\/\/nordicmart.andreevmaster.com\/sv\/wp-json\/wp\/v2\/comments?post=10976"}],"wp:attachment":[{"href":"https:\/\/nordicmart.andreevmaster.com\/sv\/wp-json\/wp\/v2\/media?parent=10976"}],"wp:term":[{"taxonomy":"product_brand","embeddable":true,"href":"https:\/\/nordicmart.andreevmaster.com\/sv\/wp-json\/wp\/v2\/product_brand?post=10976"},{"taxonomy":"product_cat","embeddable":true,"href":"https:\/\/nordicmart.andreevmaster.com\/sv\/wp-json\/wp\/v2\/product_cat?post=10976"},{"taxonomy":"product_tag","embeddable":true,"href":"https:\/\/nordicmart.andreevmaster.com\/sv\/wp-json\/wp\/v2\/product_tag?post=10976"}],"curies":[{"name":"wp","href":"https:\/\/api.w.org\/{rel}","templated":true}]}}