{"id":10974,"date":"2026-02-27T00:08:57","date_gmt":"2026-02-27T00:08:57","guid":{"rendered":"https:\/\/nordicmart.andreevmaster.com\/product\/classic-world-edu-musikinstrumentsset-med-9-tillbehor\/"},"modified":"2026-02-27T08:04:17","modified_gmt":"2026-02-27T08:04:17","slug":"classic-world-edu-musikinstrumentsset-med-9-tillbehor","status":"publish","type":"product","link":"https:\/\/nordicmart.andreevmaster.com\/sv\/produkt\/classic-world-edu-musikinstrumentsset-med-9-tillbehor\/","title":{"rendered":"CLASSIC WORLD EDU Musikinstrumentsset med 9 tillbeh\u00f6r"},"content":{"rendered":"<p>Detta instrumentset fr\u00e5n det v\u00e4lk\u00e4nda varum\u00e4rket Classic World \u00e4r den perfekta produkten f\u00f6r ditt barn. Leksaken hj\u00e4lper ditt barn att tr\u00e4na sina manuella och auditiva f\u00e4rdigheter och st\u00e4rka sin naturliga rytmk\u00e4nsla. Setet inneh\u00e5ller 9 musikinstrument som kommer att bli en integrerad del av det dagliga leket. Det \u00e4r den perfekta produkten att ta med p\u00e5 resan, eftersom den levereras i en praktisk v\u00e4ska.<\/p>\n<p>Egenskaper:<\/p>\n<p>* &#8211; fr\u00e5n 3 \u00e5rs \u00e5lder,<br \/>\n* &#8211; tr\u00e4produkter m\u00e5lade med giftfria f\u00e4rger,<br \/>\n* &#8211; setet inneh\u00e5ller 9 instrument,<br \/>\n* &#8211; f\u00f6rpackat i en originalv\u00e4ska.<\/p>\n<p>Satsen inneh\u00e5ller:<\/p>\n<p>* &#8211; agogo i tr\u00e4 med pinne,<br \/>\n* &#8211; kastanjetter i tr\u00e4,<br \/>\n* &#8211; guiro i tr\u00e4 med pinne,<br \/>\n* &#8211; claves i tr\u00e4,<br \/>\n* &#8211; maracas i tr\u00e4,<br \/>\n* &#8211; triangel med pinne,<br \/>\n* &#8211; cymbaler,<br \/>\n* &#8211; 2 bj\u00e4llror.<\/p>\n<p>Leksaken utvecklar:<\/p>\n<p>* &#8211; h\u00f6rselkoordination,<br \/>\n* &#8211; fingerf\u00e4rdighet,<br \/>\n* &#8211; naturlig rytmk\u00e4nsla,<br \/>\n* &#8211; fantasi.<\/p>\n<p>Eko-leksaker \u00e4r designade f\u00f6r de yngsta barnen och \u00e4r tillverkade av helt naturliga, biologiskt nedbrytbara och allergiv\u00e4nliga material, vilket g\u00f6r dem 100 % s\u00e4kra och ofarliga, inte bara f\u00f6r milj\u00f6n utan ocks\u00e5 f\u00f6r ditt barn.<\/p>\n<p>Classic World-leksaker introducerar barn till en ny dimension av fantastisk lek! Classic World \u00e4r milj\u00f6v\u00e4nliga leksaker av tr\u00e4 som inte bara \u00e4r roliga, utan ocks\u00e5 utvecklar barns kreativitet, emotionella k\u00e4nslighet och l\u00e4r dem hur man f\u00e5r v\u00e4nner. Classic Worlds musikleksaker f\u00f6rtj\u00e4nar ett s\u00e4rskilt omn\u00e4mnande \u2013 de hj\u00e4lper till att utveckla musikaliska sinnen hos de yngsta barnen.<\/p>\n","protected":false},"excerpt":{"rendered":"<p>Detta instrumentset fr\u00e5n det v\u00e4lk\u00e4nda varum\u00e4rket Classic World \u00e4r den perfekta produkten f\u00f6r ditt barn. Leksaken hj\u00e4lper ditt barn att tr\u00e4na sina manuella och auditiva f\u00e4rdigheter och st\u00e4rka sin naturliga rytmk\u00e4nsla. Setet inneh\u00e5ller 9 musikinstrument som kommer att bli en integrerad del av det dagliga leket. Det \u00e4r den perfekta produkten att ta med p\u00e5 [&hellip;]<\/p>\n","protected":false},"featured_media":0,"comment_status":"open","ping_status":"closed","template":"","meta":[],"product_brand":[],"product_cat":[33],"product_tag":[],"class_list":{"0":"post-10974","1":"product","2":"type-product","3":"status-publish","5":"product_cat-okategoriserad","7":"first","8":"instock","9":"shipping-taxable","10":"purchasable","11":"product-type-simple"},"_links":{"self":[{"href":"https:\/\/nordicmart.andreevmaster.com\/sv\/wp-json\/wp\/v2\/product\/10974","targetHints":{"allow":["GET"]}}],"collection":[{"href":"https:\/\/nordicmart.andreevmaster.com\/sv\/wp-json\/wp\/v2\/product"}],"about":[{"href":"https:\/\/nordicmart.andreevmaster.com\/sv\/wp-json\/wp\/v2\/types\/product"}],"replies":[{"embeddable":true,"href":"https:\/\/nordicmart.andreevmaster.com\/sv\/wp-json\/wp\/v2\/comments?post=10974"}],"wp:attachment":[{"href":"https:\/\/nordicmart.andreevmaster.com\/sv\/wp-json\/wp\/v2\/media?parent=10974"}],"wp:term":[{"taxonomy":"product_brand","embeddable":true,"href":"https:\/\/nordicmart.andreevmaster.com\/sv\/wp-json\/wp\/v2\/product_brand?post=10974"},{"taxonomy":"product_cat","embeddable":true,"href":"https:\/\/nordicmart.andreevmaster.com\/sv\/wp-json\/wp\/v2\/product_cat?post=10974"},{"taxonomy":"product_tag","embeddable":true,"href":"https:\/\/nordicmart.andreevmaster.com\/sv\/wp-json\/wp\/v2\/product_tag?post=10974"}],"curies":[{"name":"wp","href":"https:\/\/api.w.org\/{rel}","templated":true}]}}