{"id":10973,"date":"2026-02-27T00:08:57","date_gmt":"2026-02-27T00:08:57","guid":{"rendered":"https:\/\/nordicmart.andreevmaster.com\/product\/classic-world-multifunktionellt-traleksak-att-skjuta\/"},"modified":"2026-02-27T08:04:17","modified_gmt":"2026-02-27T08:04:17","slug":"classic-world-multifunktionellt-traleksak-att-skjuta","status":"publish","type":"product","link":"https:\/\/nordicmart.andreevmaster.com\/sv\/produkt\/classic-world-multifunktionellt-traleksak-att-skjuta\/","title":{"rendered":"CLASSIC WORLD Multifunktionellt tr\u00e4leksak att skjuta"},"content":{"rendered":"<p>En fantastisk tr\u00e4leksak att skjuta fr\u00e5n Classic World f\u00f6r barn fr\u00e5n 18 m\u00e5nader. Den \u00e4r helt tillverkad av tr\u00e4 och har en fantastisk klassisk look. Leksaken \u00e4r utrustad med m\u00e5nga r\u00f6rliga delar som ger variation i leken. <\/p>\n<p>Egenskaper: <\/p>\n<p>* &#8211; Classic Worlds tr\u00e4leksak \u00e4r en fantastisk presentid\u00e9 till ett barn p\u00e5 18 m\u00e5nader.<br \/>\n* &#8211; Ett barn p\u00e5 18 m\u00e5nader utvecklas mycket snabbt, s\u00e5 det beh\u00f6ver stimulans f\u00f6r att utvecklingen ska fortskrida p\u00e5 r\u00e4tt s\u00e4tt.* &#8211; Fantastisk, klassisk design. * &#8211; Den har tysta hjul. Denna underbara leksak f\u00f6r barn har en hel rad extra funktioner: * &#8211; xylofon, * &#8211; labyrinter f\u00f6r barn, * &#8211; en klocka med r\u00f6rliga visare, * &#8211; r\u00f6rliga delar: roterande, glidande etc.* &#8211; tredimensionell sorterare. Leksaken utvecklar: * &#8211; motoriska f\u00e4rdigheter, * &#8211; fingerf\u00e4rdighet i h\u00e4nder och f\u00f6tter, * &#8211; g\u00e5ngf\u00f6rm\u00e5ga, * &#8211; r\u00f6rlighet.<\/p>\n<p>Ekoleksaker \u00e4r designade f\u00f6r de yngsta barnen och \u00e4r tillverkade av helt naturliga, biologiskt nedbrytbara och allergiv\u00e4nliga material, vilket g\u00f6r dem 100 % s\u00e4kra och ofarliga, inte bara f\u00f6r milj\u00f6n utan ocks\u00e5 f\u00f6r ditt barn.<\/p>\n<p>Classic World \u00e4r en renommerad leksakstillverkare. F\u00f6retaget s\u00e4tter ribban h\u00f6gt f\u00f6r andra tillverkare, fr\u00e4mst med sitt h\u00f6gkvalitativa hantverk. Vi vet att barn f\u00f6rtj\u00e4nar bara de b\u00e4sta leksakerna. Classic World s\u00e4kerst\u00e4ller detta genom en rigor\u00f6s kvalitetskontroll och produktionsprocess. F\u00f6retaget f\u00f6ljer internationella kvalitetsstandarder. Classic World har \u00e5tagit sig att ta hand om milj\u00f6n genom att plantera ett nytt tr\u00e4d f\u00f6r varje tr\u00e4d som anv\u00e4nds i produktionen.<\/p>\n","protected":false},"excerpt":{"rendered":"<p>En fantastisk tr\u00e4leksak att skjuta fr\u00e5n Classic World f\u00f6r barn fr\u00e5n 18 m\u00e5nader. Den \u00e4r helt tillverkad av tr\u00e4 och har en fantastisk klassisk look. Leksaken \u00e4r utrustad med m\u00e5nga r\u00f6rliga delar som ger variation i leken. Egenskaper: * &#8211; Classic Worlds tr\u00e4leksak \u00e4r en fantastisk presentid\u00e9 till ett barn p\u00e5 18 m\u00e5nader. * &#8211; [&hellip;]<\/p>\n","protected":false},"featured_media":0,"comment_status":"open","ping_status":"closed","template":"","meta":[],"product_brand":[],"product_cat":[33],"product_tag":[],"class_list":{"0":"post-10973","1":"product","2":"type-product","3":"status-publish","5":"product_cat-okategoriserad","7":"first","8":"instock","9":"shipping-taxable","10":"purchasable","11":"product-type-simple"},"_links":{"self":[{"href":"https:\/\/nordicmart.andreevmaster.com\/sv\/wp-json\/wp\/v2\/product\/10973","targetHints":{"allow":["GET"]}}],"collection":[{"href":"https:\/\/nordicmart.andreevmaster.com\/sv\/wp-json\/wp\/v2\/product"}],"about":[{"href":"https:\/\/nordicmart.andreevmaster.com\/sv\/wp-json\/wp\/v2\/types\/product"}],"replies":[{"embeddable":true,"href":"https:\/\/nordicmart.andreevmaster.com\/sv\/wp-json\/wp\/v2\/comments?post=10973"}],"wp:attachment":[{"href":"https:\/\/nordicmart.andreevmaster.com\/sv\/wp-json\/wp\/v2\/media?parent=10973"}],"wp:term":[{"taxonomy":"product_brand","embeddable":true,"href":"https:\/\/nordicmart.andreevmaster.com\/sv\/wp-json\/wp\/v2\/product_brand?post=10973"},{"taxonomy":"product_cat","embeddable":true,"href":"https:\/\/nordicmart.andreevmaster.com\/sv\/wp-json\/wp\/v2\/product_cat?post=10973"},{"taxonomy":"product_tag","embeddable":true,"href":"https:\/\/nordicmart.andreevmaster.com\/sv\/wp-json\/wp\/v2\/product_tag?post=10973"}],"curies":[{"name":"wp","href":"https:\/\/api.w.org\/{rel}","templated":true}]}}