{"id":10972,"date":"2026-02-27T00:08:57","date_gmt":"2026-02-27T00:08:57","guid":{"rendered":"https:\/\/nordicmart.andreevmaster.com\/product\/classic-world-traklossar-forest-world-100-st\/"},"modified":"2026-02-27T08:04:17","modified_gmt":"2026-02-27T08:04:17","slug":"classic-world-traklossar-forest-world-100-st","status":"publish","type":"product","link":"https:\/\/nordicmart.andreevmaster.com\/sv\/produkt\/classic-world-traklossar-forest-world-100-st\/","title":{"rendered":"CLASSIC WORLD Tr\u00e4klossar Forest World 100 st."},"content":{"rendered":"<p>Classic Worlds tr\u00e4klossar med skogstema \u00e4r ett kreativt set som f\u00f6rflyttar barn till en v\u00e4rld av skogs\u00e4ventyr. Tack vare de m\u00e5nga olika formerna och f\u00e4rgerna kan de sm\u00e5 fritt bygga sina egna konstruktioner och utveckla sin fantasi och kreativitet. Motiven med djur, tr\u00e4d och natur uppmuntrar till sj\u00e4lvst\u00e4ndigt och gemensamt lekande, b\u00e5de hemma och p\u00e5 dagis.<\/p>\n<p>Egenskaper:<\/p>\n<p>* &#8211; Setet inneh\u00e5ller 100 f\u00e4rgglada tr\u00e4klossar i olika former<br \/>\n* &#8211; Bitarna f\u00f6rest\u00e4ller tr\u00e4d, djur och skogslandskap<br \/>\n* &#8211; H\u00f6gkvalitativt hantverk garanterar h\u00e5llbarhet och s\u00e4kerhet under lek<br \/>\n* &#8211; Klossarna \u00e4r milj\u00f6v\u00e4nliga och fria fr\u00e5n skadliga \u00e4mnen<br \/>\n* &#8211; Perfekt f\u00f6r individuellt och gemensamt lekande<\/p>\n<p>Leksaken utvecklar:<\/p>\n<p>* &#8211; Fantasi<br \/>\n* &#8211; Kreativitet<br \/>\n* &#8211; Manuell skicklighet<br \/>\n* &#8211; Logiskt t\u00e4nkande<\/p>\n","protected":false},"excerpt":{"rendered":"<p>Classic Worlds tr\u00e4klossar med skogstema \u00e4r ett kreativt set som f\u00f6rflyttar barn till en v\u00e4rld av skogs\u00e4ventyr. Tack vare de m\u00e5nga olika formerna och f\u00e4rgerna kan de sm\u00e5 fritt bygga sina egna konstruktioner och utveckla sin fantasi och kreativitet. Motiven med djur, tr\u00e4d och natur uppmuntrar till sj\u00e4lvst\u00e4ndigt och gemensamt lekande, b\u00e5de hemma och p\u00e5 [&hellip;]<\/p>\n","protected":false},"featured_media":0,"comment_status":"open","ping_status":"closed","template":"","meta":[],"product_brand":[],"product_cat":[33],"product_tag":[],"class_list":{"0":"post-10972","1":"product","2":"type-product","3":"status-publish","5":"product_cat-okategoriserad","7":"first","8":"instock","9":"shipping-taxable","10":"purchasable","11":"product-type-simple"},"_links":{"self":[{"href":"https:\/\/nordicmart.andreevmaster.com\/sv\/wp-json\/wp\/v2\/product\/10972","targetHints":{"allow":["GET"]}}],"collection":[{"href":"https:\/\/nordicmart.andreevmaster.com\/sv\/wp-json\/wp\/v2\/product"}],"about":[{"href":"https:\/\/nordicmart.andreevmaster.com\/sv\/wp-json\/wp\/v2\/types\/product"}],"replies":[{"embeddable":true,"href":"https:\/\/nordicmart.andreevmaster.com\/sv\/wp-json\/wp\/v2\/comments?post=10972"}],"wp:attachment":[{"href":"https:\/\/nordicmart.andreevmaster.com\/sv\/wp-json\/wp\/v2\/media?parent=10972"}],"wp:term":[{"taxonomy":"product_brand","embeddable":true,"href":"https:\/\/nordicmart.andreevmaster.com\/sv\/wp-json\/wp\/v2\/product_brand?post=10972"},{"taxonomy":"product_cat","embeddable":true,"href":"https:\/\/nordicmart.andreevmaster.com\/sv\/wp-json\/wp\/v2\/product_cat?post=10972"},{"taxonomy":"product_tag","embeddable":true,"href":"https:\/\/nordicmart.andreevmaster.com\/sv\/wp-json\/wp\/v2\/product_tag?post=10972"}],"curies":[{"name":"wp","href":"https:\/\/api.w.org\/{rel}","templated":true}]}}