{"id":10971,"date":"2026-02-27T00:08:57","date_gmt":"2026-02-27T00:08:57","guid":{"rendered":"https:\/\/nordicmart.andreevmaster.com\/product\/classic-world-traaktivitetsbord-sea-life-musikaliskt-pedagogiskt\/"},"modified":"2026-02-27T08:04:17","modified_gmt":"2026-02-27T08:04:17","slug":"classic-world-traaktivitetsbord-sea-life-musikaliskt-pedagogiskt","status":"publish","type":"product","link":"https:\/\/nordicmart.andreevmaster.com\/sv\/produkt\/classic-world-traaktivitetsbord-sea-life-musikaliskt-pedagogiskt\/","title":{"rendered":"CLASSIC WORLD Tr\u00e4aktivitetsbord &#8221;Sea Life&#8221; Musikaliskt pedagogiskt"},"content":{"rendered":"<p>Aktivitetsbordet i tr\u00e4 fr\u00e5n Classic World \u00e4r det perfekta leksaken f\u00f6r nyfikna sm\u00e5barn! Det \u00e4r fullt av f\u00e4rgglada attraktioner, s\u00e5som en motorslinga, kugghjul, cymbaler och en trumma, och ger massor av skoj och hj\u00e4lper till att utveckla viktiga f\u00e4rdigheter s\u00e5som fingerf\u00e4rdighet, logiskt t\u00e4nkande och smidighet. Bordet uppmuntrar barn att leka st\u00e5ende och \u00e4r en utm\u00e4rkt introduktion till formen och f\u00e4rgernas v\u00e4rld. Det \u00e4r tillverkat av tr\u00e4 och m\u00e5lat med s\u00e4ker f\u00e4rg, vilket g\u00f6r det helt barnv\u00e4nligt. Egenskaper:<\/p>\n<p>* &#8211; Leksak f\u00f6r barn fr\u00e5n 18 m\u00e5nader<br \/>\n* &#8211; 2-i-1-bordet inneh\u00e5ller b\u00e5de utvecklingsaktiviteter och musikinstrument<br \/>\n* &#8211; Tr\u00e4 och hantverk av h\u00f6gsta kvalitet<\/p>\n<p>Bordets funktioner:<\/p>\n<p>* &#8211; 3 motorslingor \u2013 labyrinter<br \/>\n* &#8211; Krabb\u00e4ventyr \u2013 led figuren l\u00e4ngs banan<br \/>\n* &#8211; Bollbana<br \/>\n* &#8211; Kugghjul<br \/>\n* &#8211; Roterande sk\u00f6ldpadda<br \/>\n* &#8211; Cymbaler<br \/>\n* &#8211; Klocka<br \/>\n* &#8211; Havstrumma<br \/>\n* &#8211; Musikaliskt rivj\u00e4rn<\/p>\n<p>Leksaken utvecklar:<\/p>\n<p>* &#8211; Handf\u00e4rdighet &#8211; finmotorik<br \/>\n* &#8211; Koordination av r\u00f6relser<br \/>\n* &#8211; Kreativt och logiskt t\u00e4nkande<br \/>\n* &#8211; Musikaliska och rytmiska f\u00f6rm\u00e5gor<\/p>\n","protected":false},"excerpt":{"rendered":"<p>Aktivitetsbordet i tr\u00e4 fr\u00e5n Classic World \u00e4r det perfekta leksaken f\u00f6r nyfikna sm\u00e5barn! Det \u00e4r fullt av f\u00e4rgglada attraktioner, s\u00e5som en motorslinga, kugghjul, cymbaler och en trumma, och ger massor av skoj och hj\u00e4lper till att utveckla viktiga f\u00e4rdigheter s\u00e5som fingerf\u00e4rdighet, logiskt t\u00e4nkande och smidighet. Bordet uppmuntrar barn att leka st\u00e5ende och \u00e4r en utm\u00e4rkt [&hellip;]<\/p>\n","protected":false},"featured_media":0,"comment_status":"open","ping_status":"closed","template":"","meta":[],"product_brand":[],"product_cat":[33],"product_tag":[],"class_list":{"0":"post-10971","1":"product","2":"type-product","3":"status-publish","5":"product_cat-okategoriserad","7":"first","8":"instock","9":"shipping-taxable","10":"purchasable","11":"product-type-simple"},"_links":{"self":[{"href":"https:\/\/nordicmart.andreevmaster.com\/sv\/wp-json\/wp\/v2\/product\/10971","targetHints":{"allow":["GET"]}}],"collection":[{"href":"https:\/\/nordicmart.andreevmaster.com\/sv\/wp-json\/wp\/v2\/product"}],"about":[{"href":"https:\/\/nordicmart.andreevmaster.com\/sv\/wp-json\/wp\/v2\/types\/product"}],"replies":[{"embeddable":true,"href":"https:\/\/nordicmart.andreevmaster.com\/sv\/wp-json\/wp\/v2\/comments?post=10971"}],"wp:attachment":[{"href":"https:\/\/nordicmart.andreevmaster.com\/sv\/wp-json\/wp\/v2\/media?parent=10971"}],"wp:term":[{"taxonomy":"product_brand","embeddable":true,"href":"https:\/\/nordicmart.andreevmaster.com\/sv\/wp-json\/wp\/v2\/product_brand?post=10971"},{"taxonomy":"product_cat","embeddable":true,"href":"https:\/\/nordicmart.andreevmaster.com\/sv\/wp-json\/wp\/v2\/product_cat?post=10971"},{"taxonomy":"product_tag","embeddable":true,"href":"https:\/\/nordicmart.andreevmaster.com\/sv\/wp-json\/wp\/v2\/product_tag?post=10971"}],"curies":[{"name":"wp","href":"https:\/\/api.w.org\/{rel}","templated":true}]}}