{"id":10970,"date":"2026-02-27T00:08:56","date_gmt":"2026-02-27T00:08:56","guid":{"rendered":"https:\/\/nordicmart.andreevmaster.com\/product\/classic-world-trapussel-med-labyrint-och-marin-fauna-18m\/"},"modified":"2026-02-27T08:04:16","modified_gmt":"2026-02-27T08:04:16","slug":"classic-world-trapussel-med-labyrint-och-marin-fauna-18m","status":"publish","type":"product","link":"https:\/\/nordicmart.andreevmaster.com\/sv\/produkt\/classic-world-trapussel-med-labyrint-och-marin-fauna-18m\/","title":{"rendered":"CLASSIC WORLD Tr\u00e4pussel med labyrint och marin fauna 18m+"},"content":{"rendered":"<p>Sea Life Interlocking Maze fr\u00e5n CLASSIC WORLD \u00e4r en vacker, modern leksak i pastellf\u00e4rger som st\u00f6der barns motoriska f\u00e4rdigheter samtidigt som den introducerar dem till den vackra v\u00e4rlden av marin fauna. Barnen kan flytta bubblorna och f\u00e5gelformade bollar runt valen, ovanf\u00f6r eller under havet. Den lilla valen simmar runt sin mamma och passerar mellan t\u00e5ng, fiskar och mycket mer. Det sammankopplade tr\u00e4leksaket \u00e4r ett fantastiskt sensoriskt leksak som l\u00e5ter barn tr\u00e4na sin fingerf\u00e4rdighet.N\u00e4r barnet tr\u00e4r p\u00e4rlorna genom de b\u00f6jda r\u00f6ren m\u00e5ste det utf\u00f6ra r\u00e4tt r\u00f6relser f\u00f6r att lyckas. P\u00e5 s\u00e5 s\u00e4tt l\u00e4r sig barnet vilka r\u00f6relser det ska utf\u00f6ra och tr\u00e4nar samtidigt fingerf\u00e4rdighet och precision. Leksaken har fina tr\u00e4delar utan vassa kanter \u2013 du beh\u00f6ver inte oroa dig f\u00f6r ditt barns s\u00e4kerhet.<\/p>\n<p>Egenskaper:<\/p>\n<p>* &#8211; Leksak f\u00f6r barn fr\u00e5n 18 m\u00e5nader<br \/>\n* &#8211; Montessori-leksak<br \/>\n* &#8211; Moderna pastellf\u00e4rger<br \/>\n* &#8211; R\u00f6rliga delar<br \/>\n* &#8211; S\u00e4ker f\u00f6r barn \u2013 m\u00e5lad med giftfria f\u00e4rger<\/p>\n<p>Leksaken utvecklar:<\/p>\n<p>* &#8211; Barnets motoriska utveckling<br \/>\n* &#8211; Finmotorik<br \/>\n* &#8211; Hand-\u00f6ga-koordination<br \/>\n* &#8211; Probleml\u00f6sningsf\u00f6rm\u00e5ga<\/p>\n","protected":false},"excerpt":{"rendered":"<p>Sea Life Interlocking Maze fr\u00e5n CLASSIC WORLD \u00e4r en vacker, modern leksak i pastellf\u00e4rger som st\u00f6der barns motoriska f\u00e4rdigheter samtidigt som den introducerar dem till den vackra v\u00e4rlden av marin fauna. Barnen kan flytta bubblorna och f\u00e5gelformade bollar runt valen, ovanf\u00f6r eller under havet. Den lilla valen simmar runt sin mamma och passerar mellan t\u00e5ng, [&hellip;]<\/p>\n","protected":false},"featured_media":0,"comment_status":"open","ping_status":"closed","template":"","meta":[],"product_brand":[],"product_cat":[33],"product_tag":[],"class_list":{"0":"post-10970","1":"product","2":"type-product","3":"status-publish","5":"product_cat-okategoriserad","7":"first","8":"instock","9":"shipping-taxable","10":"purchasable","11":"product-type-simple"},"_links":{"self":[{"href":"https:\/\/nordicmart.andreevmaster.com\/sv\/wp-json\/wp\/v2\/product\/10970","targetHints":{"allow":["GET"]}}],"collection":[{"href":"https:\/\/nordicmart.andreevmaster.com\/sv\/wp-json\/wp\/v2\/product"}],"about":[{"href":"https:\/\/nordicmart.andreevmaster.com\/sv\/wp-json\/wp\/v2\/types\/product"}],"replies":[{"embeddable":true,"href":"https:\/\/nordicmart.andreevmaster.com\/sv\/wp-json\/wp\/v2\/comments?post=10970"}],"wp:attachment":[{"href":"https:\/\/nordicmart.andreevmaster.com\/sv\/wp-json\/wp\/v2\/media?parent=10970"}],"wp:term":[{"taxonomy":"product_brand","embeddable":true,"href":"https:\/\/nordicmart.andreevmaster.com\/sv\/wp-json\/wp\/v2\/product_brand?post=10970"},{"taxonomy":"product_cat","embeddable":true,"href":"https:\/\/nordicmart.andreevmaster.com\/sv\/wp-json\/wp\/v2\/product_cat?post=10970"},{"taxonomy":"product_tag","embeddable":true,"href":"https:\/\/nordicmart.andreevmaster.com\/sv\/wp-json\/wp\/v2\/product_tag?post=10970"}],"curies":[{"name":"wp","href":"https:\/\/api.w.org\/{rel}","templated":true}]}}