{"id":10969,"date":"2026-02-27T00:08:56","date_gmt":"2026-02-27T00:08:56","guid":{"rendered":"https:\/\/nordicmart.andreevmaster.com\/product\/classic-world-tra-5-i-1-sensorisk-pedagogisk-kub\/"},"modified":"2026-02-27T08:04:16","modified_gmt":"2026-02-27T08:04:16","slug":"classic-world-tra-5-i-1-sensorisk-pedagogisk-kub","status":"publish","type":"product","link":"https:\/\/nordicmart.andreevmaster.com\/sv\/produkt\/classic-world-tra-5-i-1-sensorisk-pedagogisk-kub\/","title":{"rendered":"CLASSIC WORLD Tr\u00e4 5-i-1 sensorisk pedagogisk kub"},"content":{"rendered":"<p>Aktivitetsl\u00e5dan 5-i-1 fr\u00e5n CLASSIC WORLD \u00e4r en f\u00e4rgglad, konstn\u00e4rlig kub som best\u00e5r av roterande block med siffror och bilder, en p\u00e4rl-labyrint, skjutreglage, geometriska former och ett hjul med bin. Barn kommer att uppt\u00e4cka en m\u00e4ngd f\u00e4rger, former och nya uppt\u00e4ckter. Leksakens intressanta utseende och multifunktionalitet kommer att ge ditt barn timmar av lek och l\u00e4rande. Leksaken stimulerar kreativiteten och utvecklar ditt barns motoriska f\u00e4rdigheter.<\/p>\n<p>Egenskaper:<\/p>\n<p>* &#8211; leksak fr\u00e5n 18 m\u00e5nader<br \/>\n* &#8211; 5-i-1 &#8211; roterande block med siffror och bilder, p\u00e4rllabyrint, skjutreglage, sorterare, roterande hjul<br \/>\n* &#8211; m\u00e5lad med giftfria f\u00e4rger<br \/>\n* &#8211; l\u00e4rande genom lek<br \/>\n* &#8211; timmar av lek och l\u00e4rande<\/p>\n<p>Leksaken inneh\u00e5ller:<\/p>\n<p>* &#8211; p\u00e4rllabyrint<br \/>\n* &#8211; skjutreglage<br \/>\n* &#8211; ett roterande hjul med bollar och bin<br \/>\n* &#8211; geometriska former<br \/>\n* &#8211; sorterare<\/p>\n","protected":false},"excerpt":{"rendered":"<p>Aktivitetsl\u00e5dan 5-i-1 fr\u00e5n CLASSIC WORLD \u00e4r en f\u00e4rgglad, konstn\u00e4rlig kub som best\u00e5r av roterande block med siffror och bilder, en p\u00e4rl-labyrint, skjutreglage, geometriska former och ett hjul med bin. Barn kommer att uppt\u00e4cka en m\u00e4ngd f\u00e4rger, former och nya uppt\u00e4ckter. Leksakens intressanta utseende och multifunktionalitet kommer att ge ditt barn timmar av lek och l\u00e4rande. [&hellip;]<\/p>\n","protected":false},"featured_media":0,"comment_status":"open","ping_status":"closed","template":"","meta":[],"product_brand":[],"product_cat":[33],"product_tag":[],"class_list":{"0":"post-10969","1":"product","2":"type-product","3":"status-publish","5":"product_cat-okategoriserad","7":"first","8":"instock","9":"shipping-taxable","10":"purchasable","11":"product-type-simple"},"_links":{"self":[{"href":"https:\/\/nordicmart.andreevmaster.com\/sv\/wp-json\/wp\/v2\/product\/10969","targetHints":{"allow":["GET"]}}],"collection":[{"href":"https:\/\/nordicmart.andreevmaster.com\/sv\/wp-json\/wp\/v2\/product"}],"about":[{"href":"https:\/\/nordicmart.andreevmaster.com\/sv\/wp-json\/wp\/v2\/types\/product"}],"replies":[{"embeddable":true,"href":"https:\/\/nordicmart.andreevmaster.com\/sv\/wp-json\/wp\/v2\/comments?post=10969"}],"wp:attachment":[{"href":"https:\/\/nordicmart.andreevmaster.com\/sv\/wp-json\/wp\/v2\/media?parent=10969"}],"wp:term":[{"taxonomy":"product_brand","embeddable":true,"href":"https:\/\/nordicmart.andreevmaster.com\/sv\/wp-json\/wp\/v2\/product_brand?post=10969"},{"taxonomy":"product_cat","embeddable":true,"href":"https:\/\/nordicmart.andreevmaster.com\/sv\/wp-json\/wp\/v2\/product_cat?post=10969"},{"taxonomy":"product_tag","embeddable":true,"href":"https:\/\/nordicmart.andreevmaster.com\/sv\/wp-json\/wp\/v2\/product_tag?post=10969"}],"curies":[{"name":"wp","href":"https:\/\/api.w.org\/{rel}","templated":true}]}}