{"id":10968,"date":"2026-02-27T00:08:56","date_gmt":"2026-02-27T00:08:56","guid":{"rendered":"https:\/\/nordicmart.andreevmaster.com\/product\/classic-world-traverktygsverkstad-med-tavla-27-delar\/"},"modified":"2026-02-27T08:04:16","modified_gmt":"2026-02-27T08:04:16","slug":"classic-world-traverktygsverkstad-med-tavla-27-delar","status":"publish","type":"product","link":"https:\/\/nordicmart.andreevmaster.com\/sv\/produkt\/classic-world-traverktygsverkstad-med-tavla-27-delar\/","title":{"rendered":"CLASSIC WORLD Tr\u00e4verktygsverkstad med tavla, 27 delar."},"content":{"rendered":"<p>Classic World Tr\u00e4verktygsverkstad med tavla kommer att ge stor gl\u00e4dje f\u00f6r alla sm\u00e5 DIY-entusiaster. Tack vare de m\u00e5nga verktygen som ing\u00e5r i setet kommer ditt barn att kunna hj\u00e4lpa familjen med hush\u00e5llssysslor. Att leka DIY hj\u00e4lper till att utveckla manuella f\u00e4rdigheter, v\u00e4cka nyfikenhet och stimulera ditt barns fantasi. Setet inneh\u00e5ller \u00e4ven en tavla, som ytterligare uppmuntrar ditt barns kreativitet. Fr\u00e5n och med nu har varje barn allt som beh\u00f6vs f\u00f6r att reparera, skruva, hamra och utf\u00f6ra alla typer av renoveringsarbeten. Setet \u00e4r tillverkat av h\u00f6gkvalitativt tr\u00e4 och har inga vassa kanter, vilket g\u00f6r det s\u00e4kert f\u00f6r barn. Egenskaper:<\/p>\n<p>* &#8211; hela setet \u00e4r tillverkat av tr\u00e4, vilket g\u00f6r det s\u00e4kert f\u00f6r barn och milj\u00f6n,<br \/>\n* &#8211; setet inneh\u00e5ller 27 delar,<br \/>\n* &#8211; dessutom finns det h\u00e5l p\u00e5 sidorna av l\u00e5dan f\u00f6r att skruva i skruvar,<br \/>\n* &#8211; setet inneh\u00e5ller muttrar och delar som kan skruvas ihop och kopplas samman.<\/p>\n<p>Satsen inneh\u00e5ller:<\/p>\n<p>* &#8211; tr\u00e4bord med h\u00e5l f\u00f6r skruvar,<br \/>\n* &#8211; hammare,<br \/>\n* &#8211; skiftnyckel,<br \/>\n* &#8211; skruvmejsel,<br \/>\n* &#8211; s\u00e5g,<br \/>\n* &#8211; t\u00e5ng,<br \/>\n* &#8211; 2 m\u00e5ttkoppar, inklusive en skjutbar,<br \/>\n* &#8211; 5 skruvar,* &#8211; 5 pluggar,<br \/>\n* &#8211; 5 kugghjul,<br \/>\n* &#8211; 3 muttrar,<br \/>\n* &#8211; ett skruvst\u00e4d.<\/p>\n<p>Leksaken utvecklar:<\/p>\n<p>* &#8211; kreativitet,<br \/>\n* &#8211; manuell skicklighet,<br \/>\n* &#8211; nyfikenhet,<br \/>\n* &#8211; fantasi.<\/p>\n<p>&lt;center&gt;&lt;iframe width=&#8221;320&#8243; height=&#8221;560&#8243; src=&#8221;https:\/\/www.youtube.com\/embed\/IbCQSEGO3o8&#8243; title=&#8221;CLASSIC WORLD Tr\u00e4verktygsverkstad med tavla, 27 delar&#8221; frameborder=&#8221;0&#8243; allow=&#8221;accelerometer; autoplay; clipboard-write; encrypted-media; gyroscope; picture-in-picture; web-share&#8221; allowfullscreen&gt;&lt;\/iframe&gt;&lt;\/center&gt;<\/p>\n<p>[img-101464-left-thickbox_default]<\/p>\n<p>[img-101463-left-thickbox_default]<\/p>\n<p>[img-101459-left-thickbox_default]<\/p>\n","protected":false},"excerpt":{"rendered":"<p>Classic World Tr\u00e4verktygsverkstad med tavla kommer att ge stor gl\u00e4dje f\u00f6r alla sm\u00e5 DIY-entusiaster. Tack vare de m\u00e5nga verktygen som ing\u00e5r i setet kommer ditt barn att kunna hj\u00e4lpa familjen med hush\u00e5llssysslor. Att leka DIY hj\u00e4lper till att utveckla manuella f\u00e4rdigheter, v\u00e4cka nyfikenhet och stimulera ditt barns fantasi. Setet inneh\u00e5ller \u00e4ven en tavla, som ytterligare [&hellip;]<\/p>\n","protected":false},"featured_media":0,"comment_status":"open","ping_status":"closed","template":"","meta":[],"product_brand":[],"product_cat":[33],"product_tag":[],"class_list":{"0":"post-10968","1":"product","2":"type-product","3":"status-publish","5":"product_cat-okategoriserad","7":"first","8":"instock","9":"shipping-taxable","10":"purchasable","11":"product-type-simple"},"_links":{"self":[{"href":"https:\/\/nordicmart.andreevmaster.com\/sv\/wp-json\/wp\/v2\/product\/10968","targetHints":{"allow":["GET"]}}],"collection":[{"href":"https:\/\/nordicmart.andreevmaster.com\/sv\/wp-json\/wp\/v2\/product"}],"about":[{"href":"https:\/\/nordicmart.andreevmaster.com\/sv\/wp-json\/wp\/v2\/types\/product"}],"replies":[{"embeddable":true,"href":"https:\/\/nordicmart.andreevmaster.com\/sv\/wp-json\/wp\/v2\/comments?post=10968"}],"wp:attachment":[{"href":"https:\/\/nordicmart.andreevmaster.com\/sv\/wp-json\/wp\/v2\/media?parent=10968"}],"wp:term":[{"taxonomy":"product_brand","embeddable":true,"href":"https:\/\/nordicmart.andreevmaster.com\/sv\/wp-json\/wp\/v2\/product_brand?post=10968"},{"taxonomy":"product_cat","embeddable":true,"href":"https:\/\/nordicmart.andreevmaster.com\/sv\/wp-json\/wp\/v2\/product_cat?post=10968"},{"taxonomy":"product_tag","embeddable":true,"href":"https:\/\/nordicmart.andreevmaster.com\/sv\/wp-json\/wp\/v2\/product_tag?post=10968"}],"curies":[{"name":"wp","href":"https:\/\/api.w.org\/{rel}","templated":true}]}}