{"id":10967,"date":"2026-02-27T00:08:56","date_gmt":"2026-02-27T00:08:56","guid":{"rendered":"https:\/\/nordicmart.andreevmaster.com\/product\/classic-world-montessori-cube-10-i-1-happy-farm-xxl\/"},"modified":"2026-02-27T08:04:16","modified_gmt":"2026-02-27T08:04:16","slug":"classic-world-montessori-cube-10-i-1-happy-farm-xxl","status":"publish","type":"product","link":"https:\/\/nordicmart.andreevmaster.com\/sv\/produkt\/classic-world-montessori-cube-10-i-1-happy-farm-xxl\/","title":{"rendered":"CLASSIC WORLD Montessori Cube 10-i-1 Happy Farm XXL"},"content":{"rendered":"<p>Det 10-i-1 aktivitetsbr\u00e4det i tr\u00e4 fr\u00e5n CLASSIC WORLD \u00e4r en leksak som kombinerar m\u00e5nga av barnens favoritfunktioner, s\u00e5som xylofon, labyrint, p\u00e4rlh\u00e5llare, kugghjul, sorterare etc. Leksaken ger ditt barn m\u00f6jlighet att l\u00e4ra sig genom lek, utveckla sin fantasi och stimulera sin kreativitet. Br\u00e4det utvecklar ocks\u00e5 manuell skicklighet och hand-\u00f6ga-koordination. De m\u00e5nga funktionerna i denna leksak och dess intressanta design kommer att underh\u00e5lla ditt barn i timmar och garantera b\u00e5de lek och l\u00e4rande.<br \/>\nFunktioner:<br \/>\n* &#8211; leksak f\u00f6r barn fr\u00e5n 18 m\u00e5nader,<br \/>\n* &#8211; intressant design som v\u00e4cker uppm\u00e4rksamhet,<br \/>\n* &#8211; tillverkad av h\u00f6gkvalitativt tr\u00e4,<br \/>\n* &#8211; m\u00e5lad med giftfria f\u00e4rger,<br \/>\n* &#8211; ger lek och l\u00e4rande,<br \/>\n* &#8211; 10-i-1 \u2013 xylofon, labyrint, p\u00e4rlor, kugghjul, sorterare, skallra etc.<\/p>\n<p>Leksaken inneh\u00e5ller:<\/p>\n<p>* &#8211; xylofon,<br \/>\n* &#8211; labyrint,<br \/>\n* &#8211; p\u00e4rlst\u00e4ll,<br \/>\n* &#8211; kugghjul,<br \/>\n* &#8211; sorterare,<br \/>\n* &#8211; skallra,<br \/>\n* &#8211; sorteringselement.<\/p>\n<p>Leksaken utvecklar:<\/p>\n<p>* &#8211; finmotorik,<br \/>\n* &#8211; manuell skicklighet,<br \/>\n* &#8211; hand-\u00f6ga-koordination,<br \/>\n* &#8211; fantasi och stimulerar kreativitet,<br \/>\n* &#8211; form- och f\u00e4rgigenk\u00e4nning.<\/p>\n","protected":false},"excerpt":{"rendered":"<p>Det 10-i-1 aktivitetsbr\u00e4det i tr\u00e4 fr\u00e5n CLASSIC WORLD \u00e4r en leksak som kombinerar m\u00e5nga av barnens favoritfunktioner, s\u00e5som xylofon, labyrint, p\u00e4rlh\u00e5llare, kugghjul, sorterare etc. Leksaken ger ditt barn m\u00f6jlighet att l\u00e4ra sig genom lek, utveckla sin fantasi och stimulera sin kreativitet. Br\u00e4det utvecklar ocks\u00e5 manuell skicklighet och hand-\u00f6ga-koordination. De m\u00e5nga funktionerna i denna leksak och [&hellip;]<\/p>\n","protected":false},"featured_media":0,"comment_status":"open","ping_status":"closed","template":"","meta":[],"product_brand":[],"product_cat":[33],"product_tag":[],"class_list":{"0":"post-10967","1":"product","2":"type-product","3":"status-publish","5":"product_cat-okategoriserad","7":"first","8":"instock","9":"shipping-taxable","10":"purchasable","11":"product-type-simple"},"_links":{"self":[{"href":"https:\/\/nordicmart.andreevmaster.com\/sv\/wp-json\/wp\/v2\/product\/10967","targetHints":{"allow":["GET"]}}],"collection":[{"href":"https:\/\/nordicmart.andreevmaster.com\/sv\/wp-json\/wp\/v2\/product"}],"about":[{"href":"https:\/\/nordicmart.andreevmaster.com\/sv\/wp-json\/wp\/v2\/types\/product"}],"replies":[{"embeddable":true,"href":"https:\/\/nordicmart.andreevmaster.com\/sv\/wp-json\/wp\/v2\/comments?post=10967"}],"wp:attachment":[{"href":"https:\/\/nordicmart.andreevmaster.com\/sv\/wp-json\/wp\/v2\/media?parent=10967"}],"wp:term":[{"taxonomy":"product_brand","embeddable":true,"href":"https:\/\/nordicmart.andreevmaster.com\/sv\/wp-json\/wp\/v2\/product_brand?post=10967"},{"taxonomy":"product_cat","embeddable":true,"href":"https:\/\/nordicmart.andreevmaster.com\/sv\/wp-json\/wp\/v2\/product_cat?post=10967"},{"taxonomy":"product_tag","embeddable":true,"href":"https:\/\/nordicmart.andreevmaster.com\/sv\/wp-json\/wp\/v2\/product_tag?post=10967"}],"curies":[{"name":"wp","href":"https:\/\/api.w.org\/{rel}","templated":true}]}}