{"id":10966,"date":"2026-02-27T00:08:56","date_gmt":"2026-02-27T00:08:56","guid":{"rendered":"https:\/\/nordicmart.andreevmaster.com\/product\/classic-world-tra-6-i-1-sensorisk-pedagogisk-kub\/"},"modified":"2026-02-27T08:04:16","modified_gmt":"2026-02-27T08:04:16","slug":"classic-world-tra-6-i-1-sensorisk-pedagogisk-kub","status":"publish","type":"product","link":"https:\/\/nordicmart.andreevmaster.com\/sv\/produkt\/classic-world-tra-6-i-1-sensorisk-pedagogisk-kub\/","title":{"rendered":"CLASSIC WORLD Tr\u00e4 6-i-1 sensorisk pedagogisk kub"},"content":{"rendered":"<p>Aktivitetsboxen 6-i-1 fr\u00e5n CLASSIC WORLD \u00e4r en f\u00e4rgglad konstn\u00e4rlig kub som best\u00e5r av \u00f6verraskande luckor, kugghjul, en p\u00e4rl-labyrint, skjutreglage, geometriska former etc. \u00d6ppna de mystiska luckorna f\u00f6r att se vad som d\u00f6ljer sig bakom dem. Barnen kommer att uppt\u00e4cka en m\u00e5ngfald av f\u00e4rger, former och nya uppt\u00e4ckter. Leksakens intressanta design och multifunktionalitet kommer att ge ditt barn timmar av lek och l\u00e4rande. Leksaken stimulerar kreativiteten och utvecklar ditt barns motoriska f\u00e4rdigheter.<\/p>\n<p>Egenskaper:<\/p>\n<p>* &#8211; leksak f\u00f6r barn fr\u00e5n 18 m\u00e5nader,<br \/>\n* &#8211; 6-i-1 \u2013 \u00f6verraskningsd\u00f6rrar, kugghjul, p\u00e4rl-labyrint, skjutreglage, sorterare, bollbana,<br \/>\n* &#8211; tillverkad av h\u00f6gkvalitativt tr\u00e4,<br \/>\n* &#8211; m\u00e5lad med giftfria f\u00e4rger,<br \/>\n* &#8211; l\u00e4rande genom lek,<br \/>\n* &#8211; timmar av lek och l\u00e4rande.<\/p>\n<p>Leksaken inneh\u00e5ller:<\/p>\n<p>* &#8211; \u00f6verraskningsluckor,<br \/>\n* &#8211; kugghjul,<br \/>\n* &#8211; en p\u00e4rllabyrint,<br \/>\n* &#8211; skjutreglage,<br \/>\n* &#8211; kulbana,<br \/>\n* &#8211; geometriska former,<br \/>\n* &#8211; sorterare,<br \/>\n* &#8211; spegel.<\/p>\n<p>Leksaken utvecklar:<\/p>\n<p>* &#8211; kreativitet och fantasi,<br \/>\n* &#8211; koordination,<br \/>\n* &#8211; manuell skicklighet,<br \/>\n* &#8211; form- och f\u00e4rgigenk\u00e4nning,<br \/>\n* &#8211; finmotorik.<\/p>\n","protected":false},"excerpt":{"rendered":"<p>Aktivitetsboxen 6-i-1 fr\u00e5n CLASSIC WORLD \u00e4r en f\u00e4rgglad konstn\u00e4rlig kub som best\u00e5r av \u00f6verraskande luckor, kugghjul, en p\u00e4rl-labyrint, skjutreglage, geometriska former etc. \u00d6ppna de mystiska luckorna f\u00f6r att se vad som d\u00f6ljer sig bakom dem. Barnen kommer att uppt\u00e4cka en m\u00e5ngfald av f\u00e4rger, former och nya uppt\u00e4ckter. Leksakens intressanta design och multifunktionalitet kommer att ge [&hellip;]<\/p>\n","protected":false},"featured_media":0,"comment_status":"open","ping_status":"closed","template":"","meta":[],"product_brand":[],"product_cat":[33],"product_tag":[],"class_list":{"0":"post-10966","1":"product","2":"type-product","3":"status-publish","5":"product_cat-okategoriserad","7":"first","8":"instock","9":"shipping-taxable","10":"purchasable","11":"product-type-simple"},"_links":{"self":[{"href":"https:\/\/nordicmart.andreevmaster.com\/sv\/wp-json\/wp\/v2\/product\/10966","targetHints":{"allow":["GET"]}}],"collection":[{"href":"https:\/\/nordicmart.andreevmaster.com\/sv\/wp-json\/wp\/v2\/product"}],"about":[{"href":"https:\/\/nordicmart.andreevmaster.com\/sv\/wp-json\/wp\/v2\/types\/product"}],"replies":[{"embeddable":true,"href":"https:\/\/nordicmart.andreevmaster.com\/sv\/wp-json\/wp\/v2\/comments?post=10966"}],"wp:attachment":[{"href":"https:\/\/nordicmart.andreevmaster.com\/sv\/wp-json\/wp\/v2\/media?parent=10966"}],"wp:term":[{"taxonomy":"product_brand","embeddable":true,"href":"https:\/\/nordicmart.andreevmaster.com\/sv\/wp-json\/wp\/v2\/product_brand?post=10966"},{"taxonomy":"product_cat","embeddable":true,"href":"https:\/\/nordicmart.andreevmaster.com\/sv\/wp-json\/wp\/v2\/product_cat?post=10966"},{"taxonomy":"product_tag","embeddable":true,"href":"https:\/\/nordicmart.andreevmaster.com\/sv\/wp-json\/wp\/v2\/product_tag?post=10966"}],"curies":[{"name":"wp","href":"https:\/\/api.w.org\/{rel}","templated":true}]}}