{"id":10965,"date":"2026-02-27T00:08:56","date_gmt":"2026-02-27T00:08:56","guid":{"rendered":"https:\/\/nordicmart.andreevmaster.com\/product\/classic-world-traleksak-att-skjuta-pa-kameleont-med-klossar\/"},"modified":"2026-02-27T08:04:16","modified_gmt":"2026-02-27T08:04:16","slug":"classic-world-traleksak-att-skjuta-pa-kameleont-med-klossar","status":"publish","type":"product","link":"https:\/\/nordicmart.andreevmaster.com\/sv\/produkt\/classic-world-traleksak-att-skjuta-pa-kameleont-med-klossar\/","title":{"rendered":"CLASSIC WORLD Tr\u00e4leksak att skjuta p\u00e5 Kameleont med klossar"},"content":{"rendered":"<p>Uppmuntra ditt barn att ta sina f\u00f6rsta steg med Classic Worlds babywalker \u2013 en push toy med kameleontmotiv som \u00e4r utformad f\u00f6r att st\u00f6dja g\u00e5ng och inspirera till kreativitet. Med en robust tr\u00e4ram och hjul med gummikant f\u00f6r extra grepp ger denna walker p\u00e5litligt st\u00f6d och stabil r\u00f6relse p\u00e5 olika underlag. N\u00e4r barn skjuter p\u00e5 den r\u00f6r sig kameleontens ben, vilket g\u00f6r den \u00e4nnu roligare! Leksaken levereras ocks\u00e5 med block i olika former, storlekar och f\u00e4rger, s\u00e5 att barnen fritt kan s\u00e4tta ihop och bygga, vilket utvecklar deras kreativitet och praktiska f\u00e4rdigheter. P\u00e4rlbanan p\u00e5 handtaget ger ytterligare en m\u00f6jlighet till interaktiv lek, vilket hj\u00e4lper till att f\u00f6rb\u00e4ttra hand-\u00f6ga-koordinationen och fingerf\u00e4rdigheten. <\/p>\n<p>Egenskaper:<\/p>\n<p>* &#8211; Set f\u00f6r barn \u00f6ver 1 \u00e5r<br \/>\n* &#8211; Pastellf\u00e4rger<br \/>\n* &#8211; Tillverkad av h\u00f6gkvalitativt FSC-certifierat tr\u00e4 och belagd med giftfri f\u00e4rg<br \/>\n* &#8211; 3-i-1-leksak \u2013 skjutleksak, tr\u00e4klossar och motorisk \u00f6vningsslinga<br \/>\n* &#8211; Kameleontens armar r\u00f6r sig n\u00e4r den skjuts<\/p>\n<p>Setet inneh\u00e5ller:<\/p>\n<p>* &#8211; G\u00e5stol<br \/>\n* &#8211; Tr\u00e4klossar<\/p>\n<p>Leksaken utvecklar:<\/p>\n<p>* &#8211; Motorik<br \/>\n* &#8211; Balans<br \/>\n* &#8211; Kreativitet<br \/>\n* &#8211; Hand-\u00f6ga-koordination<br \/>\n* &#8211; Fingerf\u00e4rdighet<br \/>\n* &#8211; Igenk\u00e4nning av former och geometriska figurer<\/p>\n","protected":false},"excerpt":{"rendered":"<p>Uppmuntra ditt barn att ta sina f\u00f6rsta steg med Classic Worlds babywalker \u2013 en push toy med kameleontmotiv som \u00e4r utformad f\u00f6r att st\u00f6dja g\u00e5ng och inspirera till kreativitet. Med en robust tr\u00e4ram och hjul med gummikant f\u00f6r extra grepp ger denna walker p\u00e5litligt st\u00f6d och stabil r\u00f6relse p\u00e5 olika underlag. N\u00e4r barn skjuter p\u00e5 [&hellip;]<\/p>\n","protected":false},"featured_media":0,"comment_status":"open","ping_status":"closed","template":"","meta":[],"product_brand":[],"product_cat":[33],"product_tag":[],"class_list":{"0":"post-10965","1":"product","2":"type-product","3":"status-publish","5":"product_cat-okategoriserad","7":"first","8":"instock","9":"shipping-taxable","10":"purchasable","11":"product-type-simple"},"_links":{"self":[{"href":"https:\/\/nordicmart.andreevmaster.com\/sv\/wp-json\/wp\/v2\/product\/10965","targetHints":{"allow":["GET"]}}],"collection":[{"href":"https:\/\/nordicmart.andreevmaster.com\/sv\/wp-json\/wp\/v2\/product"}],"about":[{"href":"https:\/\/nordicmart.andreevmaster.com\/sv\/wp-json\/wp\/v2\/types\/product"}],"replies":[{"embeddable":true,"href":"https:\/\/nordicmart.andreevmaster.com\/sv\/wp-json\/wp\/v2\/comments?post=10965"}],"wp:attachment":[{"href":"https:\/\/nordicmart.andreevmaster.com\/sv\/wp-json\/wp\/v2\/media?parent=10965"}],"wp:term":[{"taxonomy":"product_brand","embeddable":true,"href":"https:\/\/nordicmart.andreevmaster.com\/sv\/wp-json\/wp\/v2\/product_brand?post=10965"},{"taxonomy":"product_cat","embeddable":true,"href":"https:\/\/nordicmart.andreevmaster.com\/sv\/wp-json\/wp\/v2\/product_cat?post=10965"},{"taxonomy":"product_tag","embeddable":true,"href":"https:\/\/nordicmart.andreevmaster.com\/sv\/wp-json\/wp\/v2\/product_tag?post=10965"}],"curies":[{"name":"wp","href":"https:\/\/api.w.org\/{rel}","templated":true}]}}