{"id":10964,"date":"2026-02-27T00:08:55","date_gmt":"2026-02-27T00:08:55","guid":{"rendered":"https:\/\/nordicmart.andreevmaster.com\/product\/classic-world-traskjutande-dinosaurie\/"},"modified":"2026-02-27T08:04:15","modified_gmt":"2026-02-27T08:04:15","slug":"classic-world-traskjutande-dinosaurie","status":"publish","type":"product","link":"https:\/\/nordicmart.andreevmaster.com\/sv\/produkt\/classic-world-traskjutande-dinosaurie\/","title":{"rendered":"CLASSIC WORLD Tr\u00e4skjutande dinosaurie"},"content":{"rendered":"<p>L\u00e5t din lilla uppt\u00e4cktsresande ge sig ut p\u00e5 ett f\u00f6rhistoriskt \u00e4ventyr med Classic World gungande dinosaurie! Denna bed\u00e5rande, mjuka gungleksak \u00e4r den perfekta kompisen f\u00f6r timmar av lek. Det bekv\u00e4ma plyschs\u00e4tet ger utm\u00e4rkt st\u00f6d f\u00f6r de sm\u00e5, medan tr\u00e4handtagen s\u00e4kerst\u00e4ller ett s\u00e4kert grepp och s\u00e4ker gungning. Gungleksaken \u00e4r inte bara ett roligt s\u00e4tt att leka p\u00e5, utan hj\u00e4lper ocks\u00e5 till att utveckla balans, koordination och motorik.<br \/>\nEgenskaper:<br \/>\n* &#8211; Leksak f\u00f6r barn i \u00e5ldern 12\u201336 m\u00e5nader<br \/>\n* &#8211; Bed\u00e5rande design \u2013 en gr\u00f6n, mjuk dinosaurie med plyschfinish som f\u00e5ngar ditt barns uppm\u00e4rksamhet och uppmuntrar till lek<br \/>\n* &#8211; S\u00e4ker material \u2013 produkten \u00e4r tillverkad av FSC-certifierat tr\u00e4, vilket inneb\u00e4r att det kommer fr\u00e5n ansvarsfulla skogsk\u00e4llor<br \/>\n* &#8211; H\u00e5llbar konstruktion \u2013 robusta tr\u00e4skenor och handtag s\u00e4kerst\u00e4ller stabilitet och s\u00e4kerhet vid gungning<\/p>\n<p>Leksaken utvecklar:<\/p>\n<p>* &#8211; Motorik<br \/>\n* &#8211; Balans<br \/>\n* &#8211; Motorisk koordination<\/p>\n","protected":false},"excerpt":{"rendered":"<p>L\u00e5t din lilla uppt\u00e4cktsresande ge sig ut p\u00e5 ett f\u00f6rhistoriskt \u00e4ventyr med Classic World gungande dinosaurie! Denna bed\u00e5rande, mjuka gungleksak \u00e4r den perfekta kompisen f\u00f6r timmar av lek. Det bekv\u00e4ma plyschs\u00e4tet ger utm\u00e4rkt st\u00f6d f\u00f6r de sm\u00e5, medan tr\u00e4handtagen s\u00e4kerst\u00e4ller ett s\u00e4kert grepp och s\u00e4ker gungning. Gungleksaken \u00e4r inte bara ett roligt s\u00e4tt att leka [&hellip;]<\/p>\n","protected":false},"featured_media":0,"comment_status":"open","ping_status":"closed","template":"","meta":[],"product_brand":[],"product_cat":[33],"product_tag":[],"class_list":{"0":"post-10964","1":"product","2":"type-product","3":"status-publish","5":"product_cat-okategoriserad","7":"first","8":"instock","9":"shipping-taxable","10":"purchasable","11":"product-type-simple"},"_links":{"self":[{"href":"https:\/\/nordicmart.andreevmaster.com\/sv\/wp-json\/wp\/v2\/product\/10964","targetHints":{"allow":["GET"]}}],"collection":[{"href":"https:\/\/nordicmart.andreevmaster.com\/sv\/wp-json\/wp\/v2\/product"}],"about":[{"href":"https:\/\/nordicmart.andreevmaster.com\/sv\/wp-json\/wp\/v2\/types\/product"}],"replies":[{"embeddable":true,"href":"https:\/\/nordicmart.andreevmaster.com\/sv\/wp-json\/wp\/v2\/comments?post=10964"}],"wp:attachment":[{"href":"https:\/\/nordicmart.andreevmaster.com\/sv\/wp-json\/wp\/v2\/media?parent=10964"}],"wp:term":[{"taxonomy":"product_brand","embeddable":true,"href":"https:\/\/nordicmart.andreevmaster.com\/sv\/wp-json\/wp\/v2\/product_brand?post=10964"},{"taxonomy":"product_cat","embeddable":true,"href":"https:\/\/nordicmart.andreevmaster.com\/sv\/wp-json\/wp\/v2\/product_cat?post=10964"},{"taxonomy":"product_tag","embeddable":true,"href":"https:\/\/nordicmart.andreevmaster.com\/sv\/wp-json\/wp\/v2\/product_tag?post=10964"}],"curies":[{"name":"wp","href":"https:\/\/api.w.org\/{rel}","templated":true}]}}