{"id":10962,"date":"2026-02-27T00:08:55","date_gmt":"2026-02-27T00:08:55","guid":{"rendered":"https:\/\/nordicmart.andreevmaster.com\/product\/classic-world-tra-montessori-ride-on-toy-2-in-1-push-toy\/"},"modified":"2026-02-27T08:04:15","modified_gmt":"2026-02-27T08:04:15","slug":"classic-world-tra-montessori-ride-on-toy-2-in-1-push-toy","status":"publish","type":"product","link":"https:\/\/nordicmart.andreevmaster.com\/sv\/produkt\/classic-world-tra-montessori-ride-on-toy-2-in-1-push-toy\/","title":{"rendered":"CLASSIC WORLD Tr\u00e4 MONTESSORI Ride-On Toy 2-in-1 Push Toy"},"content":{"rendered":"<p>Rider ride-on toy \u00e4r en underbar leksak fr\u00e5n Classic World. Den \u00e4r det perfekta hj\u00e4lpmedlet f\u00f6r ditt barn att ta de d\u00e4r viktiga f\u00f6rsta stegen. Denna f\u00e4rgglada bil \u00e4r en fantastisk leksak som kommer att ge ditt barn timmar av gl\u00e4dje. Leksaken \u00e4r formad som en bil, s\u00e5 att ditt barn kan l\u00e5tsas att det k\u00f6r som en racerf\u00f6rare. <\/p>\n<p>Egenskaper: <\/p>\n<p>* &#8211; Tr\u00e4konstruktion med rundade kanter som \u00e4r barnv\u00e4nliga.* &#8211; Attraktiv, f\u00e4rgglad design som v\u00e4cker ditt barns intresse.<br \/>\n* &#8211; Giftfri lack som \u00e4r helt s\u00e4ker f\u00f6r barn har anv\u00e4nts f\u00f6r m\u00e5lningen.<br \/>\n* &#8211; Har en 2-i-1-funktion \u2013 kan anv\u00e4ndas som \u00e5kleksak eller som leksak att skjuta p\u00e5.<br \/>\n* &#8211; Inbyggda leksaker ger extra underh\u00e5llning.<\/p>\n<p>Leksaken utvecklar:<\/p>\n<p>* &#8211; fingerf\u00e4rdighet,<br \/>\n* &#8211; f\u00f6rm\u00e5gan att urskilja former,<br \/>\n* &#8211; intellekt,<br \/>\n* &#8211; f\u00f6rm\u00e5gan att urskilja f\u00e4rger,<br \/>\n* &#8211; motorisk koordination.<\/p>\n<p>Eko-leksaker \u00e4r designade f\u00f6r de yngsta barnen och \u00e4r tillverkade av helt naturliga, biologiskt nedbrytbara och allergiv\u00e4nliga material, vilket g\u00f6r dem 100 % s\u00e4kra och ofarliga, inte bara f\u00f6r milj\u00f6n utan ocks\u00e5 f\u00f6r ditt barn.<\/p>\n","protected":false},"excerpt":{"rendered":"<p>Rider ride-on toy \u00e4r en underbar leksak fr\u00e5n Classic World. Den \u00e4r det perfekta hj\u00e4lpmedlet f\u00f6r ditt barn att ta de d\u00e4r viktiga f\u00f6rsta stegen. Denna f\u00e4rgglada bil \u00e4r en fantastisk leksak som kommer att ge ditt barn timmar av gl\u00e4dje. Leksaken \u00e4r formad som en bil, s\u00e5 att ditt barn kan l\u00e5tsas att det [&hellip;]<\/p>\n","protected":false},"featured_media":0,"comment_status":"open","ping_status":"closed","template":"","meta":[],"product_brand":[],"product_cat":[33],"product_tag":[],"class_list":{"0":"post-10962","1":"product","2":"type-product","3":"status-publish","5":"product_cat-okategoriserad","7":"first","8":"instock","9":"shipping-taxable","10":"purchasable","11":"product-type-simple"},"_links":{"self":[{"href":"https:\/\/nordicmart.andreevmaster.com\/sv\/wp-json\/wp\/v2\/product\/10962","targetHints":{"allow":["GET"]}}],"collection":[{"href":"https:\/\/nordicmart.andreevmaster.com\/sv\/wp-json\/wp\/v2\/product"}],"about":[{"href":"https:\/\/nordicmart.andreevmaster.com\/sv\/wp-json\/wp\/v2\/types\/product"}],"replies":[{"embeddable":true,"href":"https:\/\/nordicmart.andreevmaster.com\/sv\/wp-json\/wp\/v2\/comments?post=10962"}],"wp:attachment":[{"href":"https:\/\/nordicmart.andreevmaster.com\/sv\/wp-json\/wp\/v2\/media?parent=10962"}],"wp:term":[{"taxonomy":"product_brand","embeddable":true,"href":"https:\/\/nordicmart.andreevmaster.com\/sv\/wp-json\/wp\/v2\/product_brand?post=10962"},{"taxonomy":"product_cat","embeddable":true,"href":"https:\/\/nordicmart.andreevmaster.com\/sv\/wp-json\/wp\/v2\/product_cat?post=10962"},{"taxonomy":"product_tag","embeddable":true,"href":"https:\/\/nordicmart.andreevmaster.com\/sv\/wp-json\/wp\/v2\/product_tag?post=10962"}],"curies":[{"name":"wp","href":"https:\/\/api.w.org\/{rel}","templated":true}]}}