{"id":10961,"date":"2026-02-27T00:08:55","date_gmt":"2026-02-27T00:08:55","guid":{"rendered":"https:\/\/nordicmart.andreevmaster.com\/product\/classic-world-edu-xxl-hinderbana-multi-skill-motor-skills-lekplats\/"},"modified":"2026-02-27T08:04:15","modified_gmt":"2026-02-27T08:04:15","slug":"classic-world-edu-xxl-hinderbana-multi-skill-motor-skills-lekplats","status":"publish","type":"product","link":"https:\/\/nordicmart.andreevmaster.com\/sv\/produkt\/classic-world-edu-xxl-hinderbana-multi-skill-motor-skills-lekplats\/","title":{"rendered":"CLASSIC WORLD EDU XXL Hinderbana Multi-Skill Motor Skills Lekplats"},"content":{"rendered":"<p>XXL-multifunktionssetet f\u00f6r barn \u00e4r ett utm\u00e4rkt val f\u00f6r alla som vill ge sina barn aktiv och kreativ lek. Setet inneh\u00e5ller en m\u00e4ngd olika element som kan kombineras fritt f\u00f6r att skapa sp\u00e4nnande hinderbanor. Setet \u00e4r tillverkat av h\u00e5llbara och s\u00e4kra material. Genom att leka p\u00e5 banan kan barnen utveckla motorik, koordination och sociala f\u00e4rdigheter samtidigt som de leker tillsammans.<\/p>\n<p>\u2705 Egenskaper:<\/p>\n<p>\u2714\ufe0f Tillverkad av solida, h\u00e5llbara material \u2714\ufe0f Elementen kan kombineras och konfigureras fritt \u2714\ufe0f Perfekt f\u00f6r kreativa fysiska lekar utomhus \u2714\ufe0f Solid konstruktion som garanterar s\u00e4kerhet och h\u00e5llbarhet<\/p>\n<p>\u2611\ufe0f Setet inneh\u00e5ller:<\/p>\n<p>\u25fe 8 kl\u00e4tterbaser \u25fe 1 balansfat \u25fe 2 tr\u00e4stegar \u25fe 2 tr\u00e4balkar \u25fe 2 tr\u00e4broar \u25fe 1 gymnastikstege \u25fe 1 gymnastikst\u00e5ng \u25fe 1 basketkorg \u25fe 2 balansredskap \u25fe 2 l\u00e5dor med sands\u00e4ckar<\/p>\n<p>\u2705 Setet utvecklar:<\/p>\n<p>\u2714\ufe0f Fantasi och kreativitet \u2714\ufe0f Motorik och koordination \u2714\ufe0f Sociala f\u00e4rdigheter och lagarbete \u2714\ufe0f Manuella f\u00e4rdigheter<\/p>\n","protected":false},"excerpt":{"rendered":"<p>XXL-multifunktionssetet f\u00f6r barn \u00e4r ett utm\u00e4rkt val f\u00f6r alla som vill ge sina barn aktiv och kreativ lek. Setet inneh\u00e5ller en m\u00e4ngd olika element som kan kombineras fritt f\u00f6r att skapa sp\u00e4nnande hinderbanor. Setet \u00e4r tillverkat av h\u00e5llbara och s\u00e4kra material. Genom att leka p\u00e5 banan kan barnen utveckla motorik, koordination och sociala f\u00e4rdigheter samtidigt [&hellip;]<\/p>\n","protected":false},"featured_media":0,"comment_status":"open","ping_status":"closed","template":"","meta":[],"product_brand":[],"product_cat":[33],"product_tag":[],"class_list":{"0":"post-10961","1":"product","2":"type-product","3":"status-publish","5":"product_cat-okategoriserad","7":"first","8":"instock","9":"shipping-taxable","10":"purchasable","11":"product-type-simple"},"_links":{"self":[{"href":"https:\/\/nordicmart.andreevmaster.com\/sv\/wp-json\/wp\/v2\/product\/10961","targetHints":{"allow":["GET"]}}],"collection":[{"href":"https:\/\/nordicmart.andreevmaster.com\/sv\/wp-json\/wp\/v2\/product"}],"about":[{"href":"https:\/\/nordicmart.andreevmaster.com\/sv\/wp-json\/wp\/v2\/types\/product"}],"replies":[{"embeddable":true,"href":"https:\/\/nordicmart.andreevmaster.com\/sv\/wp-json\/wp\/v2\/comments?post=10961"}],"wp:attachment":[{"href":"https:\/\/nordicmart.andreevmaster.com\/sv\/wp-json\/wp\/v2\/media?parent=10961"}],"wp:term":[{"taxonomy":"product_brand","embeddable":true,"href":"https:\/\/nordicmart.andreevmaster.com\/sv\/wp-json\/wp\/v2\/product_brand?post=10961"},{"taxonomy":"product_cat","embeddable":true,"href":"https:\/\/nordicmart.andreevmaster.com\/sv\/wp-json\/wp\/v2\/product_cat?post=10961"},{"taxonomy":"product_tag","embeddable":true,"href":"https:\/\/nordicmart.andreevmaster.com\/sv\/wp-json\/wp\/v2\/product_tag?post=10961"}],"curies":[{"name":"wp","href":"https:\/\/api.w.org\/{rel}","templated":true}]}}