{"id":10956,"date":"2026-02-27T00:08:54","date_gmt":"2026-02-27T00:08:54","guid":{"rendered":"https:\/\/nordicmart.andreevmaster.com\/product\/songmics-galgar-i-lonntra-20-stycken-morkbruna\/"},"modified":"2026-02-27T08:04:14","modified_gmt":"2026-02-27T08:04:14","slug":"songmics-galgar-i-lonntra-20-stycken-morkbruna","status":"publish","type":"product","link":"https:\/\/nordicmart.andreevmaster.com\/sv\/produkt\/songmics-galgar-i-lonntra-20-stycken-morkbruna\/","title":{"rendered":"SONGMICS galgar i l\u00f6nntr\u00e4, 20 stycken, m\u00f6rkbruna"},"content":{"rendered":"<p>Har du sv\u00e5rt att \u00f6verblicka det stora utbudet av olika typer av kl\u00e4dh\u00e4ngare? Varf\u00f6r inte prova dessa eleganta kl\u00e4dh\u00e4ngare fr\u00e5n SONGMICS f\u00f6r att ge din garderob en touch av klass? Ibland \u00e4r en enkel design allt du beh\u00f6ver. Dessa kl\u00e4dh\u00e4ngare av l\u00f6nntr\u00e4 har en behagligt sl\u00e4t yta som \u00e4r handpolerad och lackerad. De k\u00e4nnetecknas dessutom av sin robusthet och l\u00e5nga livsl\u00e4ngd. Tack vare de ergonomiska rundningarna \u00e4r dessa kl\u00e4dh\u00e4ngare ocks\u00e5 utm\u00e4rkta f\u00f6r dina kostymer, skjortor, rockar, vinterjackor etc. Produktdetaljer: &#8211; F\u00e4rg: M\u00f6rk valn\u00f6t &#8211; Material: L\u00f6nntr\u00e4, f\u00f6rkromad krok &#8211; Storlek per galge: 44,5 x 1,2 x 23 cm (L x B x H) &#8211; Vikt: 2,5 kg &#8211; Max. statisk belastningskapacitet per galge: 5 kg Leveransomf\u00e5ng: &#8211; 20 x kl\u00e4dh\u00e4ngare SONGMICS Anm\u00e4rkningar: &#8211; Anv\u00e4nd inte galgarna under en l\u00e4ngre tid i en milj\u00f6 med h\u00f6g temperatur eller h\u00f6g luftfuktighet f\u00f6r att undvika skador som lackflagnande. &#8211; Anv\u00e4nd inte dessa kl\u00e4dh\u00e4ngare i en b\u00e4rbar torktumlare. &#8211; Torka av galgarna med en fuktig trasa f\u00f6r reng\u00f6ring.<\/p>\n","protected":false},"excerpt":{"rendered":"<p>Kl\u00e4dh\u00e4ngare i tr\u00e4, 10-pack, h\u00e4ngare i massivt tr\u00e4, sk\u00e5ror, halkfria, 360\u00b0 vridbara krokar, kostymer, skjortor, svart-silver<\/p>\n","protected":false},"featured_media":39495,"comment_status":"open","ping_status":"closed","template":"","meta":[],"product_brand":[],"product_cat":[33],"product_tag":[],"class_list":{"0":"post-10956","1":"product","2":"type-product","3":"status-publish","4":"has-post-thumbnail","6":"product_cat-okategoriserad","8":"first","9":"instock","10":"shipping-taxable","11":"purchasable","12":"product-type-simple"},"_links":{"self":[{"href":"https:\/\/nordicmart.andreevmaster.com\/sv\/wp-json\/wp\/v2\/product\/10956","targetHints":{"allow":["GET"]}}],"collection":[{"href":"https:\/\/nordicmart.andreevmaster.com\/sv\/wp-json\/wp\/v2\/product"}],"about":[{"href":"https:\/\/nordicmart.andreevmaster.com\/sv\/wp-json\/wp\/v2\/types\/product"}],"replies":[{"embeddable":true,"href":"https:\/\/nordicmart.andreevmaster.com\/sv\/wp-json\/wp\/v2\/comments?post=10956"}],"wp:featuredmedia":[{"embeddable":true,"href":"https:\/\/nordicmart.andreevmaster.com\/sv\/wp-json\/wp\/v2\/media\/39495"}],"wp:attachment":[{"href":"https:\/\/nordicmart.andreevmaster.com\/sv\/wp-json\/wp\/v2\/media?parent=10956"}],"wp:term":[{"taxonomy":"product_brand","embeddable":true,"href":"https:\/\/nordicmart.andreevmaster.com\/sv\/wp-json\/wp\/v2\/product_brand?post=10956"},{"taxonomy":"product_cat","embeddable":true,"href":"https:\/\/nordicmart.andreevmaster.com\/sv\/wp-json\/wp\/v2\/product_cat?post=10956"},{"taxonomy":"product_tag","embeddable":true,"href":"https:\/\/nordicmart.andreevmaster.com\/sv\/wp-json\/wp\/v2\/product_tag?post=10956"}],"curies":[{"name":"wp","href":"https:\/\/api.w.org\/{rel}","templated":true}]}}